{"id":2258,"date":"2019-11-11T22:04:41","date_gmt":"2019-11-11T22:04:41","guid":{"rendered":"https:\/\/www.rankmedia.com\/lead-generation-calls\/"},"modified":"2021-03-17T12:05:56","modified_gmt":"2021-03-17T12:05:56","slug":"lead-generation-calls","status":"publish","type":"page","link":"https:\/\/www.rankmedia.com\/fr\/services\/generation-de-clients-potentiels-et-appels\/","title":{"rendered":"G\u00e9n\u00e9ration de clients potentiels et appels"},"content":{"rendered":"","protected":false},"excerpt":{"rendered":"","protected":false},"author":1,"featured_media":0,"parent":0,"menu_order":0,"comment_status":"closed","ping_status":"closed","template":"template-lead-generation-final.php","meta":{"_acf_changed":false,"footnotes":""},"acf":[],"yoast_head":"<!-- This site is optimized with the Yoast SEO plugin v21.6 - https:\/\/yoast.com\/wordpress\/plugins\/seo\/ -->\n<title>Publicit\u00e9 PPC \u00e0 Montr\u00e9al<\/title>\n<meta name=\"description\" content=\"Nous G\u00e9rons Plus De 75 Propri\u00e9t\u00e9s Web Et Nous Sp\u00e9cialisons Dans La G\u00e9n\u00e9ration De Clients Potentiels Avec Des Donn\u00e9es\u00a0Qui G\u00e9n\u00e8rent Des Prospects\" \/>\n<meta name=\"robots\" content=\"index, follow, max-snippet:-1, max-image-preview:large, max-video-preview:-1\" \/>\n<link rel=\"canonical\" href=\"https:\/\/www.rankmedia.com\/fr\/services\/generation-de-clients-potentiels-et-appels\/\" \/>\n<meta property=\"og:locale\" content=\"fr_FR\" \/>\n<meta property=\"og:type\" content=\"article\" \/>\n<meta property=\"og:title\" content=\"Publicit\u00e9 PPC \u00e0 Montr\u00e9al\" \/>\n<meta property=\"og:description\" content=\"Nous G\u00e9rons Plus De 75 Propri\u00e9t\u00e9s Web Et Nous Sp\u00e9cialisons Dans La G\u00e9n\u00e9ration De Clients Potentiels Avec Des Donn\u00e9es\u00a0Qui G\u00e9n\u00e8rent Des Prospects\" \/>\n<meta property=\"og:url\" content=\"https:\/\/www.rankmedia.com\/fr\/services\/generation-de-clients-potentiels-et-appels\/\" \/>\n<meta property=\"og:site_name\" content=\"Rank Media\" \/>\n<meta property=\"article:publisher\" content=\"https:\/\/www.facebook.com\/RankMedia\/\" \/>\n<meta property=\"article:modified_time\" content=\"2021-03-17T12:05:56+00:00\" \/>\n<meta property=\"og:image\" content=\"https:\/\/www.rankmedia.com\/wp-content\/uploads\/2020\/05\/graph-fb2.png\" \/>\n\t<meta property=\"og:image:width\" content=\"1200\" \/>\n\t<meta property=\"og:image:height\" content=\"630\" \/>\n\t<meta property=\"og:image:type\" content=\"image\/png\" \/>\n<meta name=\"twitter:card\" content=\"summary_large_image\" \/>\n<meta name=\"twitter:site\" content=\"@rankmediaagency\" \/>\n<script type=\"application\/ld+json\" class=\"yoast-schema-graph\">{\"@context\":\"https:\/\/schema.org\",\"@graph\":[{\"@type\":\"WebPage\",\"@id\":\"https:\/\/www.rankmedia.com\/fr\/services\/generation-de-clients-potentiels-et-appels\/\",\"url\":\"https:\/\/www.rankmedia.com\/fr\/services\/generation-de-clients-potentiels-et-appels\/\",\"name\":\"Publicit\u00e9 PPC \u00e0 Montr\u00e9al\",\"isPartOf\":{\"@id\":\"https:\/\/www.rankmedia.com\/fr\/#website\"},\"datePublished\":\"2019-11-11T22:04:41+00:00\",\"dateModified\":\"2021-03-17T12:05:56+00:00\",\"description\":\"Nous G\u00e9rons Plus De 75 Propri\u00e9t\u00e9s Web Et Nous Sp\u00e9cialisons Dans La G\u00e9n\u00e9ration De Clients Potentiels Avec Des Donn\u00e9es\u00a0Qui G\u00e9n\u00e8rent Des Prospects\",\"breadcrumb\":{\"@id\":\"https:\/\/www.rankmedia.com\/fr\/services\/generation-de-clients-potentiels-et-appels\/#breadcrumb\"},\"inLanguage\":\"fr-FR\",\"potentialAction\":[{\"@type\":\"ReadAction\",\"target\":[\"https:\/\/www.rankmedia.com\/fr\/services\/generation-de-clients-potentiels-et-appels\/\"]}]},{\"@type\":\"BreadcrumbList\",\"@id\":\"https:\/\/www.rankmedia.com\/fr\/services\/generation-de-clients-potentiels-et-appels\/#breadcrumb\",\"itemListElement\":[{\"@type\":\"ListItem\",\"position\":1,\"name\":\"Home\",\"item\":\"https:\/\/www.rankmedia.com\/fr\/\"},{\"@type\":\"ListItem\",\"position\":2,\"name\":\"G\u00e9n\u00e9ration de clients potentiels et appels\"}]},{\"@type\":\"WebSite\",\"@id\":\"https:\/\/www.rankmedia.com\/fr\/#website\",\"url\":\"https:\/\/www.rankmedia.com\/fr\/\",\"name\":\"Rank Media\",\"description\":\"\",\"potentialAction\":[{\"@type\":\"SearchAction\",\"target\":{\"@type\":\"EntryPoint\",\"urlTemplate\":\"https:\/\/www.rankmedia.com\/fr\/?s={search_term_string}\"},\"query-input\":\"required name=search_term_string\"}],\"inLanguage\":\"fr-FR\"}]}<\/script>\n<!-- \/ Yoast SEO plugin. -->","yoast_head_json":{"title":"Publicit\u00e9 PPC \u00e0 Montr\u00e9al","description":"Nous G\u00e9rons Plus De 75 Propri\u00e9t\u00e9s Web Et Nous Sp\u00e9cialisons Dans La G\u00e9n\u00e9ration De Clients Potentiels Avec Des Donn\u00e9es\u00a0Qui G\u00e9n\u00e8rent Des Prospects","robots":{"index":"index","follow":"follow","max-snippet":"max-snippet:-1","max-image-preview":"max-image-preview:large","max-video-preview":"max-video-preview:-1"},"canonical":"https:\/\/www.rankmedia.com\/fr\/services\/generation-de-clients-potentiels-et-appels\/","og_locale":"fr_FR","og_type":"article","og_title":"Publicit\u00e9 PPC \u00e0 Montr\u00e9al","og_description":"Nous G\u00e9rons Plus De 75 Propri\u00e9t\u00e9s Web Et Nous Sp\u00e9cialisons Dans La G\u00e9n\u00e9ration De Clients Potentiels Avec Des Donn\u00e9es\u00a0Qui G\u00e9n\u00e8rent Des Prospects","og_url":"https:\/\/www.rankmedia.com\/fr\/services\/generation-de-clients-potentiels-et-appels\/","og_site_name":"Rank Media","article_publisher":"https:\/\/www.facebook.com\/RankMedia\/","article_modified_time":"2021-03-17T12:05:56+00:00","og_image":[{"width":1200,"height":630,"url":"https:\/\/www.rankmedia.com\/wp-content\/uploads\/2020\/05\/graph-fb2.png","type":"image\/png"}],"twitter_card":"summary_large_image","twitter_site":"@rankmediaagency","schema":{"@context":"https:\/\/schema.org","@graph":[{"@type":"WebPage","@id":"https:\/\/www.rankmedia.com\/fr\/services\/generation-de-clients-potentiels-et-appels\/","url":"https:\/\/www.rankmedia.com\/fr\/services\/generation-de-clients-potentiels-et-appels\/","name":"Publicit\u00e9 PPC \u00e0 Montr\u00e9al","isPartOf":{"@id":"https:\/\/www.rankmedia.com\/fr\/#website"},"datePublished":"2019-11-11T22:04:41+00:00","dateModified":"2021-03-17T12:05:56+00:00","description":"Nous G\u00e9rons Plus De 75 Propri\u00e9t\u00e9s Web Et Nous Sp\u00e9cialisons Dans La G\u00e9n\u00e9ration De Clients Potentiels Avec Des Donn\u00e9es\u00a0Qui G\u00e9n\u00e8rent Des Prospects","breadcrumb":{"@id":"https:\/\/www.rankmedia.com\/fr\/services\/generation-de-clients-potentiels-et-appels\/#breadcrumb"},"inLanguage":"fr-FR","potentialAction":[{"@type":"ReadAction","target":["https:\/\/www.rankmedia.com\/fr\/services\/generation-de-clients-potentiels-et-appels\/"]}]},{"@type":"BreadcrumbList","@id":"https:\/\/www.rankmedia.com\/fr\/services\/generation-de-clients-potentiels-et-appels\/#breadcrumb","itemListElement":[{"@type":"ListItem","position":1,"name":"Home","item":"https:\/\/www.rankmedia.com\/fr\/"},{"@type":"ListItem","position":2,"name":"G\u00e9n\u00e9ration de clients potentiels et appels"}]},{"@type":"WebSite","@id":"https:\/\/www.rankmedia.com\/fr\/#website","url":"https:\/\/www.rankmedia.com\/fr\/","name":"Rank Media","description":"","potentialAction":[{"@type":"SearchAction","target":{"@type":"EntryPoint","urlTemplate":"https:\/\/www.rankmedia.com\/fr\/?s={search_term_string}"},"query-input":"required name=search_term_string"}],"inLanguage":"fr-FR"}]}},"_links":{"self":[{"href":"https:\/\/www.rankmedia.com\/fr\/wp-json\/wp\/v2\/pages\/2258"}],"collection":[{"href":"https:\/\/www.rankmedia.com\/fr\/wp-json\/wp\/v2\/pages"}],"about":[{"href":"https:\/\/www.rankmedia.com\/fr\/wp-json\/wp\/v2\/types\/page"}],"author":[{"embeddable":true,"href":"https:\/\/www.rankmedia.com\/fr\/wp-json\/wp\/v2\/users\/1"}],"replies":[{"embeddable":true,"href":"https:\/\/www.rankmedia.com\/fr\/wp-json\/wp\/v2\/comments?post=2258"}],"version-history":[{"count":22,"href":"https:\/\/www.rankmedia.com\/fr\/wp-json\/wp\/v2\/pages\/2258\/revisions"}],"predecessor-version":[{"id":8219,"href":"https:\/\/www.rankmedia.com\/fr\/wp-json\/wp\/v2\/pages\/2258\/revisions\/8219"}],"wp:attachment":[{"href":"https:\/\/www.rankmedia.com\/fr\/wp-json\/wp\/v2\/media?parent=2258"}],"curies":[{"name":"wp","href":"https:\/\/api.w.org\/{rel}","templated":true}]}}