{"id":1149,"date":"2019-10-02T10:51:09","date_gmt":"2019-10-02T10:51:09","guid":{"rendered":"https:\/\/www.rankmedia.com\/digital-strategy\/"},"modified":"2020-05-13T20:41:15","modified_gmt":"2020-05-13T20:41:15","slug":"digital-strategy","status":"publish","type":"page","link":"https:\/\/www.rankmedia.com\/fr\/services\/strategie-numerique\/","title":{"rendered":"Strat\u00e9gie num\u00e9rique"},"content":{"rendered":"","protected":false},"excerpt":{"rendered":"","protected":false},"author":1,"featured_media":0,"parent":0,"menu_order":79,"comment_status":"closed","ping_status":"closed","template":"template-services-updated.php","meta":{"_acf_changed":false,"footnotes":""},"acf":[],"yoast_head":"<!-- This site is optimized with the Yoast SEO plugin v21.6 - https:\/\/yoast.com\/wordpress\/plugins\/seo\/ -->\n<title>Marketing Num\u00e9rique - Agence Rank M\u00e9dia<\/title>\n<meta name=\"description\" content=\"Agence Rank M\u00e9dia, Filiale de SEO Brand et bas\u00e9e \u00e0 Montr\u00e9al, QC est une agence internationale sp\u00e9cialis\u00e9e dans tous les aspects du marketing num\u00e9rique\" \/>\n<meta name=\"robots\" content=\"index, follow, max-snippet:-1, max-image-preview:large, max-video-preview:-1\" \/>\n<link rel=\"canonical\" href=\"https:\/\/www.rankmedia.com\/fr\/services\/strategie-numerique\/\" \/>\n<meta property=\"og:locale\" content=\"fr_FR\" \/>\n<meta property=\"og:type\" content=\"article\" \/>\n<meta property=\"og:title\" content=\"Marketing Num\u00e9rique - Agence Rank M\u00e9dia\" \/>\n<meta property=\"og:description\" content=\"Agence Rank M\u00e9dia, Filiale de SEO Brand et bas\u00e9e \u00e0 Montr\u00e9al, QC est une agence internationale sp\u00e9cialis\u00e9e dans tous les aspects du marketing num\u00e9rique\" \/>\n<meta property=\"og:url\" content=\"https:\/\/www.rankmedia.com\/fr\/services\/strategie-numerique\/\" \/>\n<meta property=\"og:site_name\" content=\"Rank Media\" \/>\n<meta property=\"article:publisher\" content=\"https:\/\/www.facebook.com\/RankMedia\/\" \/>\n<meta property=\"article:modified_time\" content=\"2020-05-13T20:41:15+00:00\" \/>\n<meta property=\"og:image\" content=\"https:\/\/www.rankmedia.com\/wp-content\/uploads\/2020\/05\/graph-fb2.png\" \/>\n\t<meta property=\"og:image:width\" content=\"1200\" \/>\n\t<meta property=\"og:image:height\" content=\"630\" \/>\n\t<meta property=\"og:image:type\" content=\"image\/png\" \/>\n<meta name=\"twitter:card\" content=\"summary_large_image\" \/>\n<meta name=\"twitter:site\" content=\"@rankmediaagency\" \/>\n<script type=\"application\/ld+json\" class=\"yoast-schema-graph\">{\"@context\":\"https:\/\/schema.org\",\"@graph\":[{\"@type\":\"WebPage\",\"@id\":\"https:\/\/www.rankmedia.com\/fr\/services\/strategie-numerique\/\",\"url\":\"https:\/\/www.rankmedia.com\/fr\/services\/strategie-numerique\/\",\"name\":\"Marketing Num\u00e9rique - Agence Rank M\u00e9dia\",\"isPartOf\":{\"@id\":\"https:\/\/www.rankmedia.com\/fr\/#website\"},\"datePublished\":\"2019-10-02T10:51:09+00:00\",\"dateModified\":\"2020-05-13T20:41:15+00:00\",\"description\":\"Agence Rank M\u00e9dia, Filiale de SEO Brand et bas\u00e9e \u00e0 Montr\u00e9al, QC est une agence internationale sp\u00e9cialis\u00e9e dans tous les aspects du marketing num\u00e9rique\",\"breadcrumb\":{\"@id\":\"https:\/\/www.rankmedia.com\/fr\/services\/strategie-numerique\/#breadcrumb\"},\"inLanguage\":\"fr-FR\",\"potentialAction\":[{\"@type\":\"ReadAction\",\"target\":[\"https:\/\/www.rankmedia.com\/fr\/services\/strategie-numerique\/\"]}]},{\"@type\":\"BreadcrumbList\",\"@id\":\"https:\/\/www.rankmedia.com\/fr\/services\/strategie-numerique\/#breadcrumb\",\"itemListElement\":[{\"@type\":\"ListItem\",\"position\":1,\"name\":\"Home\",\"item\":\"https:\/\/www.rankmedia.com\/fr\/\"},{\"@type\":\"ListItem\",\"position\":2,\"name\":\"Strat\u00e9gie num\u00e9rique\"}]},{\"@type\":\"WebSite\",\"@id\":\"https:\/\/www.rankmedia.com\/fr\/#website\",\"url\":\"https:\/\/www.rankmedia.com\/fr\/\",\"name\":\"Rank Media\",\"description\":\"\",\"potentialAction\":[{\"@type\":\"SearchAction\",\"target\":{\"@type\":\"EntryPoint\",\"urlTemplate\":\"https:\/\/www.rankmedia.com\/fr\/?s={search_term_string}\"},\"query-input\":\"required name=search_term_string\"}],\"inLanguage\":\"fr-FR\"}]}<\/script>\n<!-- \/ Yoast SEO plugin. -->","yoast_head_json":{"title":"Marketing Num\u00e9rique - Agence Rank M\u00e9dia","description":"Agence Rank M\u00e9dia, Filiale de SEO Brand et bas\u00e9e \u00e0 Montr\u00e9al, QC est une agence internationale sp\u00e9cialis\u00e9e dans tous les aspects du marketing num\u00e9rique","robots":{"index":"index","follow":"follow","max-snippet":"max-snippet:-1","max-image-preview":"max-image-preview:large","max-video-preview":"max-video-preview:-1"},"canonical":"https:\/\/www.rankmedia.com\/fr\/services\/strategie-numerique\/","og_locale":"fr_FR","og_type":"article","og_title":"Marketing Num\u00e9rique - Agence Rank M\u00e9dia","og_description":"Agence Rank M\u00e9dia, Filiale de SEO Brand et bas\u00e9e \u00e0 Montr\u00e9al, QC est une agence internationale sp\u00e9cialis\u00e9e dans tous les aspects du marketing num\u00e9rique","og_url":"https:\/\/www.rankmedia.com\/fr\/services\/strategie-numerique\/","og_site_name":"Rank Media","article_publisher":"https:\/\/www.facebook.com\/RankMedia\/","article_modified_time":"2020-05-13T20:41:15+00:00","og_image":[{"width":1200,"height":630,"url":"https:\/\/www.rankmedia.com\/wp-content\/uploads\/2020\/05\/graph-fb2.png","type":"image\/png"}],"twitter_card":"summary_large_image","twitter_site":"@rankmediaagency","schema":{"@context":"https:\/\/schema.org","@graph":[{"@type":"WebPage","@id":"https:\/\/www.rankmedia.com\/fr\/services\/strategie-numerique\/","url":"https:\/\/www.rankmedia.com\/fr\/services\/strategie-numerique\/","name":"Marketing Num\u00e9rique - Agence Rank M\u00e9dia","isPartOf":{"@id":"https:\/\/www.rankmedia.com\/fr\/#website"},"datePublished":"2019-10-02T10:51:09+00:00","dateModified":"2020-05-13T20:41:15+00:00","description":"Agence Rank M\u00e9dia, Filiale de SEO Brand et bas\u00e9e \u00e0 Montr\u00e9al, QC est une agence internationale sp\u00e9cialis\u00e9e dans tous les aspects du marketing num\u00e9rique","breadcrumb":{"@id":"https:\/\/www.rankmedia.com\/fr\/services\/strategie-numerique\/#breadcrumb"},"inLanguage":"fr-FR","potentialAction":[{"@type":"ReadAction","target":["https:\/\/www.rankmedia.com\/fr\/services\/strategie-numerique\/"]}]},{"@type":"BreadcrumbList","@id":"https:\/\/www.rankmedia.com\/fr\/services\/strategie-numerique\/#breadcrumb","itemListElement":[{"@type":"ListItem","position":1,"name":"Home","item":"https:\/\/www.rankmedia.com\/fr\/"},{"@type":"ListItem","position":2,"name":"Strat\u00e9gie num\u00e9rique"}]},{"@type":"WebSite","@id":"https:\/\/www.rankmedia.com\/fr\/#website","url":"https:\/\/www.rankmedia.com\/fr\/","name":"Rank Media","description":"","potentialAction":[{"@type":"SearchAction","target":{"@type":"EntryPoint","urlTemplate":"https:\/\/www.rankmedia.com\/fr\/?s={search_term_string}"},"query-input":"required name=search_term_string"}],"inLanguage":"fr-FR"}]}},"_links":{"self":[{"href":"https:\/\/www.rankmedia.com\/fr\/wp-json\/wp\/v2\/pages\/1149"}],"collection":[{"href":"https:\/\/www.rankmedia.com\/fr\/wp-json\/wp\/v2\/pages"}],"about":[{"href":"https:\/\/www.rankmedia.com\/fr\/wp-json\/wp\/v2\/types\/page"}],"author":[{"embeddable":true,"href":"https:\/\/www.rankmedia.com\/fr\/wp-json\/wp\/v2\/users\/1"}],"replies":[{"embeddable":true,"href":"https:\/\/www.rankmedia.com\/fr\/wp-json\/wp\/v2\/comments?post=1149"}],"version-history":[{"count":6,"href":"https:\/\/www.rankmedia.com\/fr\/wp-json\/wp\/v2\/pages\/1149\/revisions"}],"predecessor-version":[{"id":2264,"href":"https:\/\/www.rankmedia.com\/fr\/wp-json\/wp\/v2\/pages\/1149\/revisions\/2264"}],"wp:attachment":[{"href":"https:\/\/www.rankmedia.com\/fr\/wp-json\/wp\/v2\/media?parent=1149"}],"curies":[{"name":"wp","href":"https:\/\/api.w.org\/{rel}","templated":true}]}}