{"id":1145,"date":"2019-10-02T18:33:18","date_gmt":"2019-10-02T18:33:18","guid":{"rendered":"https:\/\/www.rankmedia.com\/branding-identity\/"},"modified":"2020-06-18T20:12:34","modified_gmt":"2020-06-18T20:12:34","slug":"branding-identity","status":"publish","type":"page","link":"https:\/\/www.rankmedia.com\/fr\/services\/branding-et-identite-de-marque\/","title":{"rendered":"Identit\u00e9 de marque"},"content":{"rendered":"","protected":false},"excerpt":{"rendered":"","protected":false},"author":1,"featured_media":0,"parent":0,"menu_order":75,"comment_status":"closed","ping_status":"closed","template":"template-services-updated.php","meta":{"_acf_changed":false,"footnotes":""},"acf":[],"yoast_head":"<!-- This site is optimized with the Yoast SEO plugin v21.6 - https:\/\/yoast.com\/wordpress\/plugins\/seo\/ -->\n<title>Identit\u00e9 de marque | Rank Media<\/title>\n<meta name=\"description\" content=\"Notre \u00e9Quipe Se Penchera Sur Votre Marque Avec Une Approche \u00e0 360: Chez Rank, Votre Positionnement, Votre Identit\u00e9Visuelle, Et Votre Exp\u00e9rience De Marque\u00a0\" \/>\n<meta name=\"robots\" content=\"index, follow, max-snippet:-1, max-image-preview:large, max-video-preview:-1\" \/>\n<link rel=\"canonical\" href=\"https:\/\/www.rankmedia.com\/fr\/services\/branding-et-identite-de-marque\/\" \/>\n<meta property=\"og:locale\" content=\"fr_FR\" \/>\n<meta property=\"og:type\" content=\"article\" \/>\n<meta property=\"og:title\" content=\"Identit\u00e9 de marque | Rank Media\" \/>\n<meta property=\"og:description\" content=\"Notre \u00e9Quipe Se Penchera Sur Votre Marque Avec Une Approche \u00e0 360: Chez Rank, Votre Positionnement, Votre Identit\u00e9Visuelle, Et Votre Exp\u00e9rience De Marque\u00a0\" \/>\n<meta property=\"og:url\" content=\"https:\/\/www.rankmedia.com\/fr\/services\/branding-et-identite-de-marque\/\" \/>\n<meta property=\"og:site_name\" content=\"Rank Media\" \/>\n<meta property=\"article:publisher\" content=\"https:\/\/www.facebook.com\/RankMedia\/\" \/>\n<meta property=\"article:modified_time\" content=\"2020-06-18T20:12:34+00:00\" \/>\n<meta property=\"og:image\" content=\"https:\/\/www.rankmedia.com\/wp-content\/uploads\/2020\/05\/graph-fb2.png\" \/>\n\t<meta property=\"og:image:width\" content=\"1200\" \/>\n\t<meta property=\"og:image:height\" content=\"630\" \/>\n\t<meta property=\"og:image:type\" content=\"image\/png\" \/>\n<meta name=\"twitter:card\" content=\"summary_large_image\" \/>\n<meta name=\"twitter:site\" content=\"@rankmediaagency\" \/>\n<script type=\"application\/ld+json\" class=\"yoast-schema-graph\">{\"@context\":\"https:\/\/schema.org\",\"@graph\":[{\"@type\":\"WebPage\",\"@id\":\"https:\/\/www.rankmedia.com\/fr\/services\/branding-et-identite-de-marque\/\",\"url\":\"https:\/\/www.rankmedia.com\/fr\/services\/branding-et-identite-de-marque\/\",\"name\":\"Identit\u00e9 de marque | Rank Media\",\"isPartOf\":{\"@id\":\"https:\/\/www.rankmedia.com\/fr\/#website\"},\"datePublished\":\"2019-10-02T18:33:18+00:00\",\"dateModified\":\"2020-06-18T20:12:34+00:00\",\"description\":\"Notre \u00e9Quipe Se Penchera Sur Votre Marque Avec Une Approche \u00e0 360: Chez Rank, Votre Positionnement, Votre Identit\u00e9Visuelle, Et Votre Exp\u00e9rience De Marque\u00a0\",\"breadcrumb\":{\"@id\":\"https:\/\/www.rankmedia.com\/fr\/services\/branding-et-identite-de-marque\/#breadcrumb\"},\"inLanguage\":\"fr-FR\",\"potentialAction\":[{\"@type\":\"ReadAction\",\"target\":[\"https:\/\/www.rankmedia.com\/fr\/services\/branding-et-identite-de-marque\/\"]}]},{\"@type\":\"BreadcrumbList\",\"@id\":\"https:\/\/www.rankmedia.com\/fr\/services\/branding-et-identite-de-marque\/#breadcrumb\",\"itemListElement\":[{\"@type\":\"ListItem\",\"position\":1,\"name\":\"Home\",\"item\":\"https:\/\/www.rankmedia.com\/fr\/\"},{\"@type\":\"ListItem\",\"position\":2,\"name\":\"Identit\u00e9 de marque\"}]},{\"@type\":\"WebSite\",\"@id\":\"https:\/\/www.rankmedia.com\/fr\/#website\",\"url\":\"https:\/\/www.rankmedia.com\/fr\/\",\"name\":\"Rank Media\",\"description\":\"\",\"potentialAction\":[{\"@type\":\"SearchAction\",\"target\":{\"@type\":\"EntryPoint\",\"urlTemplate\":\"https:\/\/www.rankmedia.com\/fr\/?s={search_term_string}\"},\"query-input\":\"required name=search_term_string\"}],\"inLanguage\":\"fr-FR\"}]}<\/script>\n<!-- \/ Yoast SEO plugin. -->","yoast_head_json":{"title":"Identit\u00e9 de marque | Rank Media","description":"Notre \u00e9Quipe Se Penchera Sur Votre Marque Avec Une Approche \u00e0 360: Chez Rank, Votre Positionnement, Votre Identit\u00e9Visuelle, Et Votre Exp\u00e9rience De Marque\u00a0","robots":{"index":"index","follow":"follow","max-snippet":"max-snippet:-1","max-image-preview":"max-image-preview:large","max-video-preview":"max-video-preview:-1"},"canonical":"https:\/\/www.rankmedia.com\/fr\/services\/branding-et-identite-de-marque\/","og_locale":"fr_FR","og_type":"article","og_title":"Identit\u00e9 de marque | Rank Media","og_description":"Notre \u00e9Quipe Se Penchera Sur Votre Marque Avec Une Approche \u00e0 360: Chez Rank, Votre Positionnement, Votre Identit\u00e9Visuelle, Et Votre Exp\u00e9rience De Marque\u00a0","og_url":"https:\/\/www.rankmedia.com\/fr\/services\/branding-et-identite-de-marque\/","og_site_name":"Rank Media","article_publisher":"https:\/\/www.facebook.com\/RankMedia\/","article_modified_time":"2020-06-18T20:12:34+00:00","og_image":[{"width":1200,"height":630,"url":"https:\/\/www.rankmedia.com\/wp-content\/uploads\/2020\/05\/graph-fb2.png","type":"image\/png"}],"twitter_card":"summary_large_image","twitter_site":"@rankmediaagency","schema":{"@context":"https:\/\/schema.org","@graph":[{"@type":"WebPage","@id":"https:\/\/www.rankmedia.com\/fr\/services\/branding-et-identite-de-marque\/","url":"https:\/\/www.rankmedia.com\/fr\/services\/branding-et-identite-de-marque\/","name":"Identit\u00e9 de marque | Rank Media","isPartOf":{"@id":"https:\/\/www.rankmedia.com\/fr\/#website"},"datePublished":"2019-10-02T18:33:18+00:00","dateModified":"2020-06-18T20:12:34+00:00","description":"Notre \u00e9Quipe Se Penchera Sur Votre Marque Avec Une Approche \u00e0 360: Chez Rank, Votre Positionnement, Votre Identit\u00e9Visuelle, Et Votre Exp\u00e9rience De Marque\u00a0","breadcrumb":{"@id":"https:\/\/www.rankmedia.com\/fr\/services\/branding-et-identite-de-marque\/#breadcrumb"},"inLanguage":"fr-FR","potentialAction":[{"@type":"ReadAction","target":["https:\/\/www.rankmedia.com\/fr\/services\/branding-et-identite-de-marque\/"]}]},{"@type":"BreadcrumbList","@id":"https:\/\/www.rankmedia.com\/fr\/services\/branding-et-identite-de-marque\/#breadcrumb","itemListElement":[{"@type":"ListItem","position":1,"name":"Home","item":"https:\/\/www.rankmedia.com\/fr\/"},{"@type":"ListItem","position":2,"name":"Identit\u00e9 de marque"}]},{"@type":"WebSite","@id":"https:\/\/www.rankmedia.com\/fr\/#website","url":"https:\/\/www.rankmedia.com\/fr\/","name":"Rank Media","description":"","potentialAction":[{"@type":"SearchAction","target":{"@type":"EntryPoint","urlTemplate":"https:\/\/www.rankmedia.com\/fr\/?s={search_term_string}"},"query-input":"required name=search_term_string"}],"inLanguage":"fr-FR"}]}},"_links":{"self":[{"href":"https:\/\/www.rankmedia.com\/fr\/wp-json\/wp\/v2\/pages\/1145"}],"collection":[{"href":"https:\/\/www.rankmedia.com\/fr\/wp-json\/wp\/v2\/pages"}],"about":[{"href":"https:\/\/www.rankmedia.com\/fr\/wp-json\/wp\/v2\/types\/page"}],"author":[{"embeddable":true,"href":"https:\/\/www.rankmedia.com\/fr\/wp-json\/wp\/v2\/users\/1"}],"replies":[{"embeddable":true,"href":"https:\/\/www.rankmedia.com\/fr\/wp-json\/wp\/v2\/comments?post=1145"}],"version-history":[{"count":19,"href":"https:\/\/www.rankmedia.com\/fr\/wp-json\/wp\/v2\/pages\/1145\/revisions"}],"predecessor-version":[{"id":2914,"href":"https:\/\/www.rankmedia.com\/fr\/wp-json\/wp\/v2\/pages\/1145\/revisions\/2914"}],"wp:attachment":[{"href":"https:\/\/www.rankmedia.com\/fr\/wp-json\/wp\/v2\/media?parent=1145"}],"curies":[{"name":"wp","href":"https:\/\/api.w.org\/{rel}","templated":true}]}}