{"id":1140,"date":"2019-11-01T14:32:07","date_gmt":"2019-11-01T14:32:07","guid":{"rendered":"https:\/\/www.rankmedia.com\/amazon-marketing\/"},"modified":"2020-04-24T14:30:57","modified_gmt":"2020-04-24T14:30:57","slug":"amazon-marketing","status":"publish","type":"page","link":"https:\/\/www.rankmedia.com\/fr\/services\/strategie-numerique\/marketing-pour-amazon\/","title":{"rendered":"Marketing pour Amazon"},"content":{"rendered":"<h2>Strat\u00e9gie du double portail<\/h2>\n<p><span style=\"font-weight: 400;\">Choisir le portail appropri\u00e9 et la bonne strat\u00e9gie de traitement des commandes est essentiel pour assurer votre succ\u00e8s dans Amazon. En proc\u00e9dant \u00e0 une analyse de rentabilit\u00e9, notre \u00e9quipe \u00e9tablira quelle m\u00e9thode conviendra le mieux \u00e0 vos produits.\u00a0\u00a0<\/span><\/p>\n<h2>Pr\u00e9paration et d\u00e9marrage<\/h2>\n<p><span style=\"font-weight: 400;\">Avant de faire un tabac sur Amazon, vous devez pr\u00e9parer vos \u00e9quipes \u00e0 un tel succ\u00e8s. Nous vous donnerons acc\u00e8s \u00e0 vos portails et nous assurerons que votre gamme de produits sera couverte par le registre des marques d\u2019Amazon.\u00a0<\/span><\/p>\n<h2>Intelligence de vente<\/h2>\n<p><span style=\"font-weight: 400;\">Les vendeurs qui ne respectent pas votre politique du plus bas prix annonc\u00e9 peuvent nuire \u00e9norm\u00e9ment \u00e0 vos ventes dans Amazon. Avec notre technologie et les donn\u00e9es que nous d\u00e9tenons, nous veillerons \u00e0 garder votre prix de vente suffisamment \u00e9lev\u00e9 et nous vous aiderons \u00e0 garder vos concurrents \u00e0 bonne distance.<\/span><\/p>\n<h2>Strat\u00e9gies de marketing et mise en \u0153uvre<\/h2>\n<p><span style=\"font-weight: 400;\">Le ciblage PPC (paiement au clic) dans Amazon est une valeur ajout\u00e9e consid\u00e9rable qu\u2019aucune entreprise ne devrait \u00e9carter. Avec une juste proportion entre investissements offensifs et d\u00e9fensifs, nous d\u00e9ploierons votre investissement \u00e0 travers divers types de publicit\u00e9s et vous parviendrez aux objectifs que vous vous \u00eates fix\u00e9s.\u00a0\u00a0\u00a0<\/span><\/p>\n<h2>Optimisation d\u2019inscription<\/h2>\n<p><span style=\"font-weight: 400;\">Des mots cl\u00e9s d\u2019arri\u00e8re-plan \u00e0 l\u2019approbation des cat\u00e9gories jusqu\u2019aux modules de contenu que verront les utilisateurs et aux outils pour am\u00e9liorer votre image de marque, nous proc\u00e9derons \u00e0 une optimisation en profondeur de l\u2019ensemble de votre catalogue de produits afin que vos produits inscrits se d\u00e9marquent et que les clients les adoptent en grand nombre.\u00a0\u00a0<\/span><\/p>\n<h2>Rapports exploitables<\/h2>\n<p><span style=\"font-weight: 400;\">Chaque mois, nous vous pr\u00e9senterons des donn\u00e9es claires et concises dont vous aurez besoin pour prendre vos d\u00e9cisions commerciales. Nos rapports rigoureux et approfondis donneront \u00e0 vos \u00e9quipes les outils qui leur permettront d\u2019adapter et vos inscriptions dans Amazon d\u2019en assurer un suivi \u00e9troit.\u00a0<\/span><\/p>\n<h2>Soutien \u00e0 l\u2019inventaire<\/h2>\n<p><span style=\"font-weight: 400;\">Ce n\u2019est pas nous qui allons d\u00e9charger camions et conteneurs, mais nous serons disponibles pour assurer la surveillance de votre cha\u00eene d\u2019approvisionnement. Nous vous aiderons \u00e0 assurer une gestion efficace de vos niveaux d\u2019inventaire et \u00e0 pr\u00e9voir votre croissance, et vous offrirons tout le soutien logistique dont vous pourriez avoir besoin.\u00a0\u00a0\u00a0<\/span><\/p>\n","protected":false},"excerpt":{"rendered":"<p>Strat\u00e9gie du double portail Choisir le portail appropri\u00e9 et la bonne strat\u00e9gie de traitement des commandes est essentiel pour assurer votre succ\u00e8s dans Amazon. En proc\u00e9dant \u00e0 une analyse de rentabilit\u00e9, notre \u00e9quipe \u00e9tablira quelle m\u00e9thode conviendra le mieux \u00e0 vos produits.\u00a0\u00a0 Pr\u00e9paration et d\u00e9marrage Avant de faire un tabac sur Amazon, vous devez pr\u00e9parer [&hellip;]<\/p>\n","protected":false},"author":1,"featured_media":0,"parent":1149,"menu_order":65,"comment_status":"closed","ping_status":"closed","template":"template-services-page.php","meta":{"_acf_changed":false,"footnotes":""},"acf":[],"yoast_head":"<!-- This site is optimized with the Yoast SEO plugin v21.6 - https:\/\/yoast.com\/wordpress\/plugins\/seo\/ -->\n<title>Marketing pour Amazon | Rank Media<\/title>\n<meta name=\"robots\" content=\"index, follow, max-snippet:-1, max-image-preview:large, max-video-preview:-1\" \/>\n<link rel=\"canonical\" href=\"https:\/\/www.rankmedia.com\/fr\/services\/strategie-numerique\/marketing-pour-amazon\/\" \/>\n<meta property=\"og:locale\" content=\"fr_FR\" \/>\n<meta property=\"og:type\" content=\"article\" \/>\n<meta property=\"og:title\" content=\"Marketing pour Amazon | Rank Media\" \/>\n<meta property=\"og:description\" content=\"Strat\u00e9gie du double portail Choisir le portail appropri\u00e9 et la bonne strat\u00e9gie de traitement des commandes est essentiel pour assurer votre succ\u00e8s dans Amazon. En proc\u00e9dant \u00e0 une analyse de rentabilit\u00e9, notre \u00e9quipe \u00e9tablira quelle m\u00e9thode conviendra le mieux \u00e0 vos produits.\u00a0\u00a0 Pr\u00e9paration et d\u00e9marrage Avant de faire un tabac sur Amazon, vous devez pr\u00e9parer [&hellip;]\" \/>\n<meta property=\"og:url\" content=\"https:\/\/www.rankmedia.com\/fr\/services\/strategie-numerique\/marketing-pour-amazon\/\" \/>\n<meta property=\"og:site_name\" content=\"Rank Media\" \/>\n<meta property=\"article:publisher\" content=\"https:\/\/www.facebook.com\/RankMedia\/\" \/>\n<meta property=\"article:modified_time\" content=\"2020-04-24T14:30:57+00:00\" \/>\n<meta property=\"og:image\" content=\"https:\/\/www.rankmedia.com\/wp-content\/uploads\/2020\/05\/graph-fb2.png\" \/>\n\t<meta property=\"og:image:width\" content=\"1200\" \/>\n\t<meta property=\"og:image:height\" content=\"630\" \/>\n\t<meta property=\"og:image:type\" content=\"image\/png\" \/>\n<meta name=\"twitter:card\" content=\"summary_large_image\" \/>\n<meta name=\"twitter:site\" content=\"@rankmediaagency\" \/>\n<meta name=\"twitter:label1\" content=\"Dur\u00e9e de lecture estim\u00e9e\" \/>\n\t<meta name=\"twitter:data1\" content=\"2 minutes\" \/>\n<script type=\"application\/ld+json\" class=\"yoast-schema-graph\">{\"@context\":\"https:\/\/schema.org\",\"@graph\":[{\"@type\":\"WebPage\",\"@id\":\"https:\/\/www.rankmedia.com\/fr\/services\/strategie-numerique\/marketing-pour-amazon\/\",\"url\":\"https:\/\/www.rankmedia.com\/fr\/services\/strategie-numerique\/marketing-pour-amazon\/\",\"name\":\"Marketing pour Amazon | Rank Media\",\"isPartOf\":{\"@id\":\"https:\/\/www.rankmedia.com\/fr\/#website\"},\"datePublished\":\"2019-11-01T14:32:07+00:00\",\"dateModified\":\"2020-04-24T14:30:57+00:00\",\"breadcrumb\":{\"@id\":\"https:\/\/www.rankmedia.com\/fr\/services\/strategie-numerique\/marketing-pour-amazon\/#breadcrumb\"},\"inLanguage\":\"fr-FR\",\"potentialAction\":[{\"@type\":\"ReadAction\",\"target\":[\"https:\/\/www.rankmedia.com\/fr\/services\/strategie-numerique\/marketing-pour-amazon\/\"]}]},{\"@type\":\"BreadcrumbList\",\"@id\":\"https:\/\/www.rankmedia.com\/fr\/services\/strategie-numerique\/marketing-pour-amazon\/#breadcrumb\",\"itemListElement\":[{\"@type\":\"ListItem\",\"position\":1,\"name\":\"Home\",\"item\":\"https:\/\/www.rankmedia.com\/fr\/\"},{\"@type\":\"ListItem\",\"position\":2,\"name\":\"Strat\u00e9gie num\u00e9rique\",\"item\":\"https:\/\/www.rankmedia.com\/fr\/services\/strategie-numerique\/\"},{\"@type\":\"ListItem\",\"position\":3,\"name\":\"Marketing pour Amazon\"}]},{\"@type\":\"WebSite\",\"@id\":\"https:\/\/www.rankmedia.com\/fr\/#website\",\"url\":\"https:\/\/www.rankmedia.com\/fr\/\",\"name\":\"Rank Media\",\"description\":\"\",\"potentialAction\":[{\"@type\":\"SearchAction\",\"target\":{\"@type\":\"EntryPoint\",\"urlTemplate\":\"https:\/\/www.rankmedia.com\/fr\/?s={search_term_string}\"},\"query-input\":\"required name=search_term_string\"}],\"inLanguage\":\"fr-FR\"}]}<\/script>\n<!-- \/ Yoast SEO plugin. -->","yoast_head_json":{"title":"Marketing pour Amazon | Rank Media","robots":{"index":"index","follow":"follow","max-snippet":"max-snippet:-1","max-image-preview":"max-image-preview:large","max-video-preview":"max-video-preview:-1"},"canonical":"https:\/\/www.rankmedia.com\/fr\/services\/strategie-numerique\/marketing-pour-amazon\/","og_locale":"fr_FR","og_type":"article","og_title":"Marketing pour Amazon | Rank Media","og_description":"Strat\u00e9gie du double portail Choisir le portail appropri\u00e9 et la bonne strat\u00e9gie de traitement des commandes est essentiel pour assurer votre succ\u00e8s dans Amazon. En proc\u00e9dant \u00e0 une analyse de rentabilit\u00e9, notre \u00e9quipe \u00e9tablira quelle m\u00e9thode conviendra le mieux \u00e0 vos produits.\u00a0\u00a0 Pr\u00e9paration et d\u00e9marrage Avant de faire un tabac sur Amazon, vous devez pr\u00e9parer [&hellip;]","og_url":"https:\/\/www.rankmedia.com\/fr\/services\/strategie-numerique\/marketing-pour-amazon\/","og_site_name":"Rank Media","article_publisher":"https:\/\/www.facebook.com\/RankMedia\/","article_modified_time":"2020-04-24T14:30:57+00:00","og_image":[{"width":1200,"height":630,"url":"https:\/\/www.rankmedia.com\/wp-content\/uploads\/2020\/05\/graph-fb2.png","type":"image\/png"}],"twitter_card":"summary_large_image","twitter_site":"@rankmediaagency","twitter_misc":{"Dur\u00e9e de lecture estim\u00e9e":"2 minutes"},"schema":{"@context":"https:\/\/schema.org","@graph":[{"@type":"WebPage","@id":"https:\/\/www.rankmedia.com\/fr\/services\/strategie-numerique\/marketing-pour-amazon\/","url":"https:\/\/www.rankmedia.com\/fr\/services\/strategie-numerique\/marketing-pour-amazon\/","name":"Marketing pour Amazon | Rank Media","isPartOf":{"@id":"https:\/\/www.rankmedia.com\/fr\/#website"},"datePublished":"2019-11-01T14:32:07+00:00","dateModified":"2020-04-24T14:30:57+00:00","breadcrumb":{"@id":"https:\/\/www.rankmedia.com\/fr\/services\/strategie-numerique\/marketing-pour-amazon\/#breadcrumb"},"inLanguage":"fr-FR","potentialAction":[{"@type":"ReadAction","target":["https:\/\/www.rankmedia.com\/fr\/services\/strategie-numerique\/marketing-pour-amazon\/"]}]},{"@type":"BreadcrumbList","@id":"https:\/\/www.rankmedia.com\/fr\/services\/strategie-numerique\/marketing-pour-amazon\/#breadcrumb","itemListElement":[{"@type":"ListItem","position":1,"name":"Home","item":"https:\/\/www.rankmedia.com\/fr\/"},{"@type":"ListItem","position":2,"name":"Strat\u00e9gie num\u00e9rique","item":"https:\/\/www.rankmedia.com\/fr\/services\/strategie-numerique\/"},{"@type":"ListItem","position":3,"name":"Marketing pour Amazon"}]},{"@type":"WebSite","@id":"https:\/\/www.rankmedia.com\/fr\/#website","url":"https:\/\/www.rankmedia.com\/fr\/","name":"Rank Media","description":"","potentialAction":[{"@type":"SearchAction","target":{"@type":"EntryPoint","urlTemplate":"https:\/\/www.rankmedia.com\/fr\/?s={search_term_string}"},"query-input":"required name=search_term_string"}],"inLanguage":"fr-FR"}]}},"_links":{"self":[{"href":"https:\/\/www.rankmedia.com\/fr\/wp-json\/wp\/v2\/pages\/1140"}],"collection":[{"href":"https:\/\/www.rankmedia.com\/fr\/wp-json\/wp\/v2\/pages"}],"about":[{"href":"https:\/\/www.rankmedia.com\/fr\/wp-json\/wp\/v2\/types\/page"}],"author":[{"embeddable":true,"href":"https:\/\/www.rankmedia.com\/fr\/wp-json\/wp\/v2\/users\/1"}],"replies":[{"embeddable":true,"href":"https:\/\/www.rankmedia.com\/fr\/wp-json\/wp\/v2\/comments?post=1140"}],"version-history":[{"count":2,"href":"https:\/\/www.rankmedia.com\/fr\/wp-json\/wp\/v2\/pages\/1140\/revisions"}],"predecessor-version":[{"id":1476,"href":"https:\/\/www.rankmedia.com\/fr\/wp-json\/wp\/v2\/pages\/1140\/revisions\/1476"}],"up":[{"embeddable":true,"href":"https:\/\/www.rankmedia.com\/fr\/wp-json\/wp\/v2\/pages\/1149"}],"wp:attachment":[{"href":"https:\/\/www.rankmedia.com\/fr\/wp-json\/wp\/v2\/media?parent=1140"}],"curies":[{"name":"wp","href":"https:\/\/api.w.org\/{rel}","templated":true}]}}