{"id":1139,"date":"2019-11-11T21:52:53","date_gmt":"2019-11-11T21:52:53","guid":{"rendered":"https:\/\/www.rankmedia.com\/media-buying\/"},"modified":"2020-05-12T20:59:00","modified_gmt":"2020-05-12T20:59:00","slug":"media-buying","status":"publish","type":"page","link":"https:\/\/www.rankmedia.com\/fr\/services\/strategie-numerique\/achats-media\/","title":{"rendered":"Achats m\u00e9dia"},"content":{"rendered":"<p><span style=\"font-weight: 400;\">Un bon programme de publicit\u00e9 PPC est toujours payant et nous pouvons cr\u00e9er une strat\u00e9gie dynamique de PPC pour votre entreprise.<\/span><\/p>\n<p><span style=\"font-weight: 400;\">Il est facile de mettre sur pied une campagne PPC, mais la rendre efficace, c\u2019est une autre paire de manches.\u00a0\u00a0<\/span><\/p>\n<p><span style=\"font-weight: 400;\">Am\u00e9liorer les r\u00e9sultats, abaisser les co\u00fbts et tirer le plein potentiel d\u2019une campagne par paiement au clic (PPC) exige des ann\u00e9es exp\u00e9rience.\u00a0\u00a0\u00a0<\/span><\/p>\n<p><span style=\"font-weight: 400;\">Si vous ne surveillez pas les choses de pr\u00e8s, votre campagne PPC risque de devenir un gouffre immense qui engloutira tout votre budget marketing. Mais si vous travaillez avec Rank, vous aurez acc\u00e8s \u00e0 une \u00e9quipe d\u2019exp\u00e9rience qui pourra tirer tous les clics \u2013 et les profits \u2013 de votre campagne PPC.\u00a0\u00a0\u00a0<\/span><\/p>\n<p><span style=\"font-weight: 400;\">Nous analysons toutes les possibilit\u00e9s afin de concevoir la formule id\u00e9ale combinant recherche, affichage, m\u00e9dias sociaux et autres options PPC qui hausseront votre bilan et feront bondir pour vous les principaux indicateurs de rendement.\u00a0\u00a0<\/span><\/p>\n<p><span style=\"font-weight: 400;\">Nous vous aiderons \u00e0 mettre votre cr\u00e9ativit\u00e9 \u00e0 contribution et \u00e0 \u00e9laborer une strat\u00e9gie m\u00e9dia pay\u00e9e <\/span><span style=\"font-weight: 400;\">qui ira bien au-del\u00e0 des banni\u00e8res publicitaires de jadis. Notre \u00e9quipe d\u2019experts en publicit\u00e9 PPC est en mesure de cr\u00e9er, d\u2019ajuster et d\u2019optimiser vos campagnes pay\u00e9es afin que votre entreprise prosp\u00e8re dans un paysage toujours plus concurrentiel.<\/span><\/p>\n<p><span style=\"font-weight: 400;\">Nous sommes une agence de PPC avec pleine accr\u00e9ditation Google et notre expertise ne se limite pas aux seules pubs pour Google. Notre service comprend aussi le r\u00e9f\u00e9rencement pay\u00e9, la publicit\u00e9 dans les m\u00e9dias sociaux, le reciblage et le remarketing, la publicit\u00e9 vid\u00e9o et l\u2019affichage.\u00a0<\/span><\/p>\n<p><span style=\"font-weight: 400;\">Peu importe la plateforme, toutes nos activit\u00e9s en PPC sont rigoureusement planifi\u00e9es, mises en \u0153uvre, suivies et optimis\u00e9es pour assurer la rentabilit\u00e9 de chaque dollar investi et pour l\u2019atteinte de vos objectifs.\u00a0\u00a0<\/span><\/p>\n<h2>Le pouvoir des services de publicit\u00e9 pour votre entreprise<\/h2>\n<p><span style=\"font-weight: 400;\">L\u2019efficacit\u00e9 de la port\u00e9e organique est en p\u00e9ril. Pensons \u00e0 Facebook, par exemple\u00a0: la port\u00e9e organique des pages des entreprises dans ce r\u00e9seau social d\u00e9gringole et ne cesse de d\u00e9cliner. Pourquoi? Parce que Facebook est une entreprise et souhaite avant tout maximiser son propre rendement.\u00a0\u00a0\u00a0\u00a0<\/span><\/p>\n<p><span style=\"font-weight: 400;\">Google est un autre exemple de qui limite la port\u00e9e organique. Avec le retrait des publicit\u00e9s du c\u00f4t\u00e9 droit et l\u2019ajout de quatre publicit\u00e9s payantes au moins en haut de chaque page de r\u00e9sultats, la concurrence entre les r\u00e9sultats pay\u00e9s et les r\u00e9sultats organiques est encore plus importante.\u00a0<\/span><\/p>\n<p><span style=\"font-weight: 400;\">Notre \u00e9quipe d\u2019experts en publicit\u00e9 PPC est l\u00e0 pour s\u2019assurer que vous vous trouverez du c\u00f4t\u00e9 gagnant.\u00a0\u00a0<\/span><\/p>\n<p><span style=\"font-weight: 400;\">M\u00eame si la port\u00e9e organique a d\u00e9j\u00e0 \u00e9t\u00e9 tr\u00e8s efficace, elle est maintenant limit\u00e9e lorsqu\u2019on l\u2019utilise seule. Une bonne strat\u00e9gie de marketing num\u00e9rique sera encore meilleure si elle utilise \u00e0 la fois les qualit\u00e9s des r\u00e9sultats de recherches organiques et ceux des r\u00e9sultats pay\u00e9s.\u00a0\u00a0<\/span><\/p>\n<h2>Nos services de gestion PPC<\/h2>\n<p><span style=\"font-weight: 400;\">Chez Rank, nous faisons des achats dans une foule de types de m\u00e9dias et nous vous aidons \u00e0 exploiter efficacement les plateformes de recherche comme Google Ads, Microsoft Ads, Facebook, Instagram et YouTube, entre autres.\u00a0<\/span><\/p>\n<p><span style=\"font-weight: 400;\">Au d\u00e9but de toute nouvelle campagne, notre agence PPC proc\u00e8de \u00e0 une \u00e9tude approfondie afin de bien comprendre votre positionnement et celui de vos concurrents. De l\u00e0, nous \u00e9laborons une strat\u00e9gie sur mesure en fonction de votre march\u00e9 cible et de vos objectifs particuliers. Nous cr\u00e9ons des comptes dans tous les v\u00e9hicules pertinents et \u00e0 la suite du lancement de votre campagne et nous surveillons de pr\u00e8s les progr\u00e8s accomplis.\u00a0\u00a0<\/span><\/p>\n<p><span style=\"font-weight: 400;\">Nous analysons r\u00e9guli\u00e8rement les campagnes pour en mesurer le succ\u00e8s, \u00e9tablir des possibilit\u00e9s et nous assurer qu\u2019elles entra\u00eenent constamment des r\u00e9sultats. Cette rigueur dans nos analyses fait de nous l\u2019une des meilleures agences PPC sur le march\u00e9.\u00a0\u00a0\u00a0<\/span><\/p>\n<h2>Marketing par r\u00e9f\u00e9rencement payant<\/h2>\n<p><span style=\"font-weight: 400;\">Quand on a besoin d\u2019un renseignement, on fait toujours appel aux moteurs de recherche. Voil\u00e0 pourquoi les moteurs de recherche sont la destination premi\u00e8re de toutes les entreprises qui souhaitent joindre un large auditoire. Gr\u00e2ce au r\u00e9f\u00e9rencement payant (Google Ads et Microsoft Ads), votre marque, vos produits ou vos services peuvent faire partie de r\u00e9sultats et s\u2019ajouter aux r\u00e9sultats organiques d\u2019une recherche.<\/span><\/p>\n<p><span style=\"font-weight: 400;\">Google Ads (auparavant Google AdWords) et Microsoft Ads permettent \u00e0 votre entreprise de figurer instantan\u00e9ment tout en haut des r\u00e9sultats de recherche pour les mots cl\u00e9s de votre choix, au lieu de devoir attendre que les r\u00e9sultats du r\u00e9f\u00e9rencement organique fassent leur travail \u00e0 l\u2019aide de la <\/span><a href=\"https:\/\/www.rankmedia.com\/our-services\/seo-search-engine-optimization\/\"><span style=\"font-weight: 400;\">SEO<\/span><\/a><span style=\"font-weight: 400;\">. Les r\u00e9sultats qui sont le fruit de publicit\u00e9s sont identifi\u00e9s \u00e0 l\u2019aide d\u2019un petit symbole pr\u00e9cisant que ce sont des publicit\u00e9s, pos\u00e9 pr\u00e8s de leur URL pour les distinguer des r\u00e9sultats organiques.\u00a0\u00a0\u00a0<\/span><\/p>\n<p><span style=\"font-weight: 400;\">Le co\u00fbt par clic de ces publicit\u00e9s varie en fonction de votre secteur d\u2019activit\u00e9 et des mots cl\u00e9s pour lesquels vous voulez \u00ab\u2009sortir\u2009\u00bb. Cela dit, il y a des moyens d\u2019abaisser le co\u00fbt par clic d\u2019une publicit\u00e9\u00a0: tout est question de \u00ab\u2009quality score\u2009\u00bb \u2013 ou niveau de qualit\u00e9, si vous pr\u00e9f\u00e9rez.<\/span><\/p>\n<p><span style=\"font-weight: 400;\">Notre \u00e9quipe de publicit\u00e9 PPC sait ce que Google souhaite voir en mati\u00e8re de pertinence et peut assurer \u00e0 votre campagne toute l\u2019efficacit\u00e9 possible. Allier des publicit\u00e9s bien con\u00e7ues \u00e0 des pages de destination efficaces et de qualit\u00e9 n\u2019est que l\u2019un des moyens \u00e0 notre disposition pour am\u00e9liorer les mesures de r\u00e9sultat de votre campagne.\u00a0\u00a0\u00a0<\/span><\/p>\n<h2>Publicit\u00e9 dans les m\u00e9dias sociaux<\/h2>\n<p><span style=\"font-weight: 400;\">Les m\u00e9dias sociaux sont au c\u0153ur de l\u2019exp\u00e9rience en ligne de nombreux utilisateurs d\u2019Internet. Pour mettre cet avantage en perspective, disons que l\u2019utilisateur moyen de Facebook passe pr\u00e8s d\u2019une heure par jour \u00e0 naviguer dans cette plateforme, qu\u2019Instagram abrite 1 milliard d\u2019abonn\u00e9s actifs et que 500 millions de tweets sont cr\u00e9\u00e9s chaque jour.\u00a0\u00a0<\/span><\/p>\n<p><span style=\"font-weight: 400;\">Les r\u00e9seaux sociaux ont grandi et englobent d\u00e9sormais un public de tous les \u00e2ges et de tous les horizons d\u00e9mographiques \u2013 qui n\u2019attendent plus que d\u2019\u00eatre joints par votre entreprise. Rank placera vos publicit\u00e9s dans les r\u00e9seaux sociaux les plus fr\u00e9quent\u00e9s : Facebook, Instagram, Twitter, LinkedIn et Pinterest.\u00a0<\/span><\/p>\n<p><span style=\"font-weight: 400;\">La somme de donn\u00e9es que d\u00e9tiennent ces r\u00e9seaux sociaux est tout simplement ph\u00e9nom\u00e9nale et rend possible le ciblage de groupes, d\u2019emplacements et de personnes avec des publicit\u00e9s. Notre \u00e9quipe prend le temps de comprendre votre auditoire cible, quels r\u00e9seaux sociaux sont utilis\u00e9s et comment ils interagissent \u2013 nous avons tout en mains pour vous aider \u00e0 choisir le bon m\u00e9dia social qui assurera le succ\u00e8s de votre campagne.\u00a0\u00a0<\/span><\/p>\n<p><span style=\"font-weight: 400;\">Ajouter des m\u00e9dias sociaux \u00e0 votre campagne PPC peut r\u00e9ellement propulser vos grands indicateurs de rendement et am\u00e9liorer le rendement de votre investissement.\u00a0\u00a0<\/span><\/p>\n<h2>Reciblage et remarketing\u00a0: pour joindre ceux qui sont partis<\/h2>\n<p><span style=\"font-weight: 400;\">Ce n\u2019est pas parce qu\u2019un utilisateur quitte votre site Web que vous devez abandonner l\u2019id\u00e9e de le conqu\u00e9rir. Le reciblage forme un auditoire avec ceux qui vous ont dit \u00ab\u2009non\u2009\u00bb la premi\u00e8re fois et les rejoint afin de leur rappeler pourquoi ils ont pens\u00e9 \u00e0 vous au d\u00e9part.\u00a0\u00a0\u00a0<\/span><\/p>\n<p><span style=\"font-weight: 400;\">Les strat\u00e9gies de remarketing vous permettent de vous reconnecter avec les personnes qui ont quitt\u00e9 votre site gr\u00e2ce \u00e0 des publicit\u00e9s pr\u00e9cises qu\u2019ils verront en navigant dans Internet ou dans des applis. Ces publicit\u00e9s peuvent \u00eatre adapt\u00e9es \u00e0 leurs int\u00e9r\u00eats, aux produits ou aux services qu\u2019ils ont vus dans votre site Web.\u00a0<\/span><\/p>\n<p><span style=\"font-weight: 400;\">Notre \u00e9quipe de publicit\u00e9 PPC a recours \u00e0 des technologies de remarketing pour s\u2019assurer que vos clients potentiels voient vos produits en naviguant sur le Web, ce qui leur offre la possibilit\u00e9 de retourner dans votre site \u00e0 l\u2019aide d\u2019un simple clic. Cette technique, lorsqu\u2019elle est bien utilis\u00e9e, peut \u00eatre un volet important \u2013 et tr\u00e8s rentable \u2013 de votre strat\u00e9gie publicitaire.<\/span><\/p>\n<p><span style=\"font-weight: 400;\">Peu importe votre secteur d\u2019activit\u00e9 et votre entreprise, nous pouvons faire du remarketing un outil efficace pour vous.\u00a0\u00a0<\/span><\/p>\n<h2>Publicit\u00e9 vid\u00e9o<\/h2>\n<p><span style=\"font-weight: 400;\">Saviez-vous que YouTube est le deuxi\u00e8me plus important moteur de recherche apr\u00e8s Google? 300 heures de vid\u00e9o \u00e0 la minute sont t\u00e9l\u00e9charg\u00e9es et on y visionne 4 milliards de vid\u00e9os chaque jour.\u00a0\u00a0<\/span><\/p>\n<p><span style=\"font-weight: 400;\">YouTube est une plateforme difficile \u00e0 ignorer quand vous envisagez la mise sur pied d\u2019une campagne PPC. Mais avec des chiffres aussi imposants&#8230; par o\u00f9 commencer?\u00a0\u00a0<\/span><\/p>\n<p><span style=\"font-weight: 400;\">Lorsque vous regardez l\u2019un des milliards de vid\u00e9os sur YouTube, il arrive souvent qu\u2019on vous pr\u00e9sente d\u2019abord une publicit\u00e9, ou qu\u2019on en ajoute au fil de votre visionnement. Il s\u2019agit de publicit\u00e9s YouTube TrueView.\u00a0<\/span><\/p>\n<p><span style=\"font-weight: 400;\">Il est possible de sauter une publicit\u00e9 TrueView \u2013 ceux qui la regardent sont donc souvent plus int\u00e9ress\u00e9s que ceux qui regardent les publicit\u00e9s \u00e0 la t\u00e9l\u00e9. De plus, vous ne payez que lorsqu\u2019une personne regarde la publicit\u00e9 pendant au moins 30 secondes ou qu\u2019elle r\u00e9agit en cliquant sur le bouton superpos\u00e9 \u00e0 l\u2019image ou sur la banni\u00e8re voisine de la vid\u00e9o.\u00a0\u00a0<\/span><\/p>\n<p><span style=\"font-weight: 400;\">Nos experts en vid\u00e9o PPC ont recours aux pratiques exemplaires pour cr\u00e9er et assurer la gestion de vos campagnes de publicit\u00e9 dans YouTube. Nous puiserons dans les habitudes d\u2019achat de votre client\u00e8le afin de nous assurer que vous acheminez le bon message&#8230; aux bonnes personnes.\u00a0\u00a0<\/span><\/p>\n<p><span style=\"font-weight: 400;\">L\u2019ajout de publicit\u00e9s vid\u00e9o \u00e0 votre campagne PPC \u00e9largira votre port\u00e9e de mani\u00e8re rentable, selon une approche aussi efficace que celle de l\u2019affichage.\u00a0\u00a0<\/span><\/p>\n<h2>Affichage<\/h2>\n<p><span style=\"font-weight: 400;\">Imaginez-vous marchant dans la rue. En levant les yeux, vous voyez des panneaux et des affiches qui captent votre attention. Dans le monde num\u00e9rique, l\u2019affichage fait exactement la m\u00eame chose.\u00a0\u00a0\u00a0<\/span><\/p>\n<p><span style=\"font-weight: 400;\">La publicit\u00e9 par l\u2019affichage vous permet de figurer dans le site Web de tiers en lien avec votre produit ou dont l\u2019auditoire pourrait \u00eatre pertinent pour vous. Avec l\u2019affichage, l\u2019objectif est de faire r\u00e9agir et d\u2019encourager l\u2019utilisateur \u00e0 cliquer pour consulter votre site Web.\u00a0\u00a0<\/span><\/p>\n<p><span style=\"font-weight: 400;\">La port\u00e9e potentielle est ph\u00e9nom\u00e9nale et les m\u00e9thodes de ciblage disponibles permettent de cr\u00e9er des campagnes cibl\u00e9es qui appara\u00eetront \u00e0 l\u2019\u00e9cran d\u2019un auditoire vraiment tr\u00e8s pertinent.\u00a0\u00a0\u00a0<\/span><\/p>\n<p><span style=\"font-weight: 400;\">Notre \u00e9quipe de concepteurs peut cr\u00e9er des publicit\u00e9s efficaces qui mettront en valeur vos produits ou vos services \u2013 et qui vous aideront \u00e0 retenir l\u2019attention, \u00e0 susciter la reconnaissance de votre marque et, finalement, \u00e0 g\u00e9n\u00e9rer de l\u2019achalandage dans votre site Web.\u00a0 <\/span><\/p>\n","protected":false},"excerpt":{"rendered":"<p>Un bon programme de publicit\u00e9 PPC est toujours payant et nous pouvons cr\u00e9er une strat\u00e9gie dynamique de PPC pour votre entreprise. Il est facile de mettre sur pied une campagne PPC, mais la rendre efficace, c\u2019est une autre paire de manches.\u00a0\u00a0 Am\u00e9liorer les r\u00e9sultats, abaisser les co\u00fbts et tirer le plein potentiel d\u2019une campagne par [&hellip;]<\/p>\n","protected":false},"author":1,"featured_media":0,"parent":1149,"menu_order":62,"comment_status":"closed","ping_status":"closed","template":"template-services-page.php","meta":{"_acf_changed":false,"footnotes":""},"acf":[],"yoast_head":"<!-- This site is optimized with the Yoast SEO plugin v21.6 - https:\/\/yoast.com\/wordpress\/plugins\/seo\/ -->\n<title>Publicit\u00e9 payante PPC | Rank Media<\/title>\n<meta name=\"description\" content=\"Nous g\u00e9rons votre publicit\u00e9 et nous optimisons toutes les campagnes m\u00e9diatiques pay\u00e9s. Nous vous aidons \u00e0 atteindre vos objectifs. Contactez-nous d\u00e8s maintenant pour commencer votre compagne.\" \/>\n<meta name=\"robots\" content=\"index, follow, max-snippet:-1, max-image-preview:large, max-video-preview:-1\" \/>\n<link rel=\"canonical\" href=\"https:\/\/www.rankmedia.com\/fr\/services\/strategie-numerique\/achats-media\/\" \/>\n<meta property=\"og:locale\" content=\"fr_FR\" \/>\n<meta property=\"og:type\" content=\"article\" \/>\n<meta property=\"og:title\" content=\"Publicit\u00e9 payante PPC | Rank Media\" \/>\n<meta property=\"og:description\" content=\"Nous g\u00e9rons votre publicit\u00e9 et nous optimisons toutes les campagnes m\u00e9diatiques pay\u00e9s. Nous vous aidons \u00e0 atteindre vos objectifs. Contactez-nous d\u00e8s maintenant pour commencer votre compagne.\" \/>\n<meta property=\"og:url\" content=\"https:\/\/www.rankmedia.com\/fr\/services\/strategie-numerique\/achats-media\/\" \/>\n<meta property=\"og:site_name\" content=\"Rank Media\" \/>\n<meta property=\"article:publisher\" content=\"https:\/\/www.facebook.com\/RankMedia\/\" \/>\n<meta property=\"article:modified_time\" content=\"2020-05-12T20:59:00+00:00\" \/>\n<meta property=\"og:image\" content=\"https:\/\/www.rankmedia.com\/wp-content\/uploads\/2020\/05\/graph-fb2.png\" \/>\n\t<meta property=\"og:image:width\" content=\"1200\" \/>\n\t<meta property=\"og:image:height\" content=\"630\" \/>\n\t<meta property=\"og:image:type\" content=\"image\/png\" \/>\n<meta name=\"twitter:card\" content=\"summary_large_image\" \/>\n<meta name=\"twitter:site\" content=\"@rankmediaagency\" \/>\n<meta name=\"twitter:label1\" content=\"Dur\u00e9e de lecture estim\u00e9e\" \/>\n\t<meta name=\"twitter:data1\" content=\"9 minutes\" \/>\n<script type=\"application\/ld+json\" class=\"yoast-schema-graph\">{\"@context\":\"https:\/\/schema.org\",\"@graph\":[{\"@type\":\"WebPage\",\"@id\":\"https:\/\/www.rankmedia.com\/fr\/services\/strategie-numerique\/achats-media\/\",\"url\":\"https:\/\/www.rankmedia.com\/fr\/services\/strategie-numerique\/achats-media\/\",\"name\":\"Publicit\u00e9 payante PPC | Rank Media\",\"isPartOf\":{\"@id\":\"https:\/\/www.rankmedia.com\/fr\/#website\"},\"datePublished\":\"2019-11-11T21:52:53+00:00\",\"dateModified\":\"2020-05-12T20:59:00+00:00\",\"description\":\"Nous g\u00e9rons votre publicit\u00e9 et nous optimisons toutes les campagnes m\u00e9diatiques pay\u00e9s. Nous vous aidons \u00e0 atteindre vos objectifs. Contactez-nous d\u00e8s maintenant pour commencer votre compagne.\",\"breadcrumb\":{\"@id\":\"https:\/\/www.rankmedia.com\/fr\/services\/strategie-numerique\/achats-media\/#breadcrumb\"},\"inLanguage\":\"fr-FR\",\"potentialAction\":[{\"@type\":\"ReadAction\",\"target\":[\"https:\/\/www.rankmedia.com\/fr\/services\/strategie-numerique\/achats-media\/\"]}]},{\"@type\":\"BreadcrumbList\",\"@id\":\"https:\/\/www.rankmedia.com\/fr\/services\/strategie-numerique\/achats-media\/#breadcrumb\",\"itemListElement\":[{\"@type\":\"ListItem\",\"position\":1,\"name\":\"Home\",\"item\":\"https:\/\/www.rankmedia.com\/fr\/\"},{\"@type\":\"ListItem\",\"position\":2,\"name\":\"Strat\u00e9gie num\u00e9rique\",\"item\":\"https:\/\/www.rankmedia.com\/fr\/services\/strategie-numerique\/\"},{\"@type\":\"ListItem\",\"position\":3,\"name\":\"Achats m\u00e9dia\"}]},{\"@type\":\"WebSite\",\"@id\":\"https:\/\/www.rankmedia.com\/fr\/#website\",\"url\":\"https:\/\/www.rankmedia.com\/fr\/\",\"name\":\"Rank Media\",\"description\":\"\",\"potentialAction\":[{\"@type\":\"SearchAction\",\"target\":{\"@type\":\"EntryPoint\",\"urlTemplate\":\"https:\/\/www.rankmedia.com\/fr\/?s={search_term_string}\"},\"query-input\":\"required name=search_term_string\"}],\"inLanguage\":\"fr-FR\"}]}<\/script>\n<!-- \/ Yoast SEO plugin. -->","yoast_head_json":{"title":"Publicit\u00e9 payante PPC | Rank Media","description":"Nous g\u00e9rons votre publicit\u00e9 et nous optimisons toutes les campagnes m\u00e9diatiques pay\u00e9s. Nous vous aidons \u00e0 atteindre vos objectifs. Contactez-nous d\u00e8s maintenant pour commencer votre compagne.","robots":{"index":"index","follow":"follow","max-snippet":"max-snippet:-1","max-image-preview":"max-image-preview:large","max-video-preview":"max-video-preview:-1"},"canonical":"https:\/\/www.rankmedia.com\/fr\/services\/strategie-numerique\/achats-media\/","og_locale":"fr_FR","og_type":"article","og_title":"Publicit\u00e9 payante PPC | Rank Media","og_description":"Nous g\u00e9rons votre publicit\u00e9 et nous optimisons toutes les campagnes m\u00e9diatiques pay\u00e9s. Nous vous aidons \u00e0 atteindre vos objectifs. Contactez-nous d\u00e8s maintenant pour commencer votre compagne.","og_url":"https:\/\/www.rankmedia.com\/fr\/services\/strategie-numerique\/achats-media\/","og_site_name":"Rank Media","article_publisher":"https:\/\/www.facebook.com\/RankMedia\/","article_modified_time":"2020-05-12T20:59:00+00:00","og_image":[{"width":1200,"height":630,"url":"https:\/\/www.rankmedia.com\/wp-content\/uploads\/2020\/05\/graph-fb2.png","type":"image\/png"}],"twitter_card":"summary_large_image","twitter_site":"@rankmediaagency","twitter_misc":{"Dur\u00e9e de lecture estim\u00e9e":"9 minutes"},"schema":{"@context":"https:\/\/schema.org","@graph":[{"@type":"WebPage","@id":"https:\/\/www.rankmedia.com\/fr\/services\/strategie-numerique\/achats-media\/","url":"https:\/\/www.rankmedia.com\/fr\/services\/strategie-numerique\/achats-media\/","name":"Publicit\u00e9 payante PPC | Rank Media","isPartOf":{"@id":"https:\/\/www.rankmedia.com\/fr\/#website"},"datePublished":"2019-11-11T21:52:53+00:00","dateModified":"2020-05-12T20:59:00+00:00","description":"Nous g\u00e9rons votre publicit\u00e9 et nous optimisons toutes les campagnes m\u00e9diatiques pay\u00e9s. Nous vous aidons \u00e0 atteindre vos objectifs. Contactez-nous d\u00e8s maintenant pour commencer votre compagne.","breadcrumb":{"@id":"https:\/\/www.rankmedia.com\/fr\/services\/strategie-numerique\/achats-media\/#breadcrumb"},"inLanguage":"fr-FR","potentialAction":[{"@type":"ReadAction","target":["https:\/\/www.rankmedia.com\/fr\/services\/strategie-numerique\/achats-media\/"]}]},{"@type":"BreadcrumbList","@id":"https:\/\/www.rankmedia.com\/fr\/services\/strategie-numerique\/achats-media\/#breadcrumb","itemListElement":[{"@type":"ListItem","position":1,"name":"Home","item":"https:\/\/www.rankmedia.com\/fr\/"},{"@type":"ListItem","position":2,"name":"Strat\u00e9gie num\u00e9rique","item":"https:\/\/www.rankmedia.com\/fr\/services\/strategie-numerique\/"},{"@type":"ListItem","position":3,"name":"Achats m\u00e9dia"}]},{"@type":"WebSite","@id":"https:\/\/www.rankmedia.com\/fr\/#website","url":"https:\/\/www.rankmedia.com\/fr\/","name":"Rank Media","description":"","potentialAction":[{"@type":"SearchAction","target":{"@type":"EntryPoint","urlTemplate":"https:\/\/www.rankmedia.com\/fr\/?s={search_term_string}"},"query-input":"required name=search_term_string"}],"inLanguage":"fr-FR"}]}},"_links":{"self":[{"href":"https:\/\/www.rankmedia.com\/fr\/wp-json\/wp\/v2\/pages\/1139"}],"collection":[{"href":"https:\/\/www.rankmedia.com\/fr\/wp-json\/wp\/v2\/pages"}],"about":[{"href":"https:\/\/www.rankmedia.com\/fr\/wp-json\/wp\/v2\/types\/page"}],"author":[{"embeddable":true,"href":"https:\/\/www.rankmedia.com\/fr\/wp-json\/wp\/v2\/users\/1"}],"replies":[{"embeddable":true,"href":"https:\/\/www.rankmedia.com\/fr\/wp-json\/wp\/v2\/comments?post=1139"}],"version-history":[{"count":8,"href":"https:\/\/www.rankmedia.com\/fr\/wp-json\/wp\/v2\/pages\/1139\/revisions"}],"predecessor-version":[{"id":2135,"href":"https:\/\/www.rankmedia.com\/fr\/wp-json\/wp\/v2\/pages\/1139\/revisions\/2135"}],"up":[{"embeddable":true,"href":"https:\/\/www.rankmedia.com\/fr\/wp-json\/wp\/v2\/pages\/1149"}],"wp:attachment":[{"href":"https:\/\/www.rankmedia.com\/fr\/wp-json\/wp\/v2\/media?parent=1139"}],"curies":[{"name":"wp","href":"https:\/\/api.w.org\/{rel}","templated":true}]}}