{"id":1138,"date":"2019-11-11T21:53:35","date_gmt":"2019-11-11T21:53:35","guid":{"rendered":"https:\/\/www.rankmedia.com\/social-media-marketing\/"},"modified":"2020-05-13T15:24:36","modified_gmt":"2020-05-13T15:24:36","slug":"social-media-marketing","status":"publish","type":"page","link":"https:\/\/www.rankmedia.com\/fr\/services\/strategie-numerique\/marketing-medias-sociaux\/","title":{"rendered":"Marketing dans les m\u00e9dias sociaux"},"content":{"rendered":"<p><span style=\"font-weight: 400;\">La somme de donn\u00e9es que rec\u00e8lent les m\u00e9dias sociaux est tout simplement ph\u00e9nom\u00e9nale et augmente chaque jour. Au moment o\u00f9 vous lisez ces lignes, 3,5 milliards de personnes dans le monde utilisent les m\u00e9dias sociaux \u2013 ce qui \u00e9quivaut \u00e0 45\u00a0% de la population. Tous ces gens passent en moyenne deux heures par jour \u00e0 naviguer dans divers sites et \u00e0 \u00e9changer, interagir et se manifester sur une foule de plateformes.\u00a0\u00a0\u00a0\u00a0<\/span><\/p>\n<p><span style=\"font-weight: 400;\">Alors&#8230; comment ne pas \u00eatre convaincu de l\u2019importance des m\u00e9dias sociaux pour votre marque?<\/span><\/p>\n<p><span style=\"font-weight: 400;\">Qu\u2019on les aime ou non, les chiffres parlent d\u2019eux-m\u00eames quand il est question de m\u00e9dias sociaux et ne pas en tenir compte dans le cadre de votre strat\u00e9gie marketing est totalement d\u00e9raisonnable.<\/span><\/p>\n<p><span style=\"font-weight: 400;\">Les m\u00e9dias sociaux ouvrent un dialogue entre votre marque et votre auditoire cible, et vous permettent de vous connecter \u00e0 vos clients actuels, de joindre de nouveaux auditoires et de faire cro\u00eetre la notori\u00e9t\u00e9 de votre marque.\u00a0<\/span><\/p>\n<p><span style=\"font-weight: 400;\">Que ce soit avec Facebook, Twitter, Instagram, LinkedIn, Pinterest ou YouTube, votre marque doit produire du contenu pertinent, stimulant et qui saura retenir l\u2019attention et vous d\u00e9marquer du bassin d\u2019autres marques qui jouent du coude pour retenir l\u2019attention des consommateurs.<\/span><\/p>\n<p><span style=\"font-weight: 400;\">Le d\u00e9fi pour r\u00e9ussir est toutefois de savoir comme faire les choses efficacement.\u00a0\u00a0<\/span><\/p>\n<p><span style=\"font-weight: 400;\">Les sp\u00e9cialistes des m\u00e9dias sociaux de Rank sont experts dans la cr\u00e9ation de r\u00e9cits fascinants qui permettront de tisser des liens solides avec l\u2019auditoire de votre marque.\u00a0\u00a0<\/span><\/p>\n<p><span style=\"font-weight: 400;\">Nous prenons le temps de bien comprendre votre march\u00e9 et les motivations de ceux qui en font partie, puis nous mettons sur pied un plan infaillible pour informer, susciter la mobilisation et convertir les clients potentiels en clients loyaux.<\/span><\/p>\n<h2><strong>Le marketing par m\u00e9dias sociaux pour les entreprises<\/strong><\/h2>\n<p><span style=\"font-weight: 400;\">La croissance astronomique des m\u00e9dias sociaux est une force que votre entreprise ne peut n\u00e9gliger. Non seulement parce que c\u2019est la fa\u00e7on moderne de faire les choses, mais aussi parce que votre auditoire cible n\u2019attend qu\u2019une chose\u00a0: communiquer et interagir avec vous.\u00a0<\/span><\/p>\n<p><span style=\"font-weight: 400;\">Cela dit, plonger t\u00eate baiss\u00e9e dans n\u2019importe quel m\u00e9dia social n\u2019est peut-\u00eatre pas la meilleure solution \u2013 en fait, c\u2019est rarement efficace. Et ce n\u2019est pas du tout notre genre.\u00a0\u00a0\u00a0<\/span><\/p>\n<p><span style=\"font-weight: 400;\">Le fait qu\u2019une plateforme de m\u00e9dia social soit la plus fr\u00e9quent\u00e9e ne veut pas n\u00e9cessairement dire qu\u2019elle est le meilleur choix pour joindre l\u2019auditoire cible de votre marque. Pnterest, par exemple, compte plus d\u2019utilisatrices que d\u2019utilisateurs.\u00a0<\/span><\/p>\n<p><span style=\"font-weight: 400;\">Chez Rank, nous travaillons \u00e0 cr\u00e9er une pr\u00e9sence solide dans les r\u00e9seaux sociaux qui comptent vraiment pour votre marque \u2013 m\u00eame chose si vous voulez accro\u00eetre le nombre des personnes qui vous suivent, \u00e9tablir une bonne notori\u00e9t\u00e9 ou cr\u00e9er plus d\u2019achalandage pour votre site Web.\u00a0\u00a0<\/span><\/p>\n<p><span style=\"font-weight: 400;\">Nous sommes une agence d\u2019exp\u00e9rience en m\u00e9dias sociaux et \u00e0 ce titre, nous avons tous les outils et les comp\u00e9tences pour optimiser la pr\u00e9sence de votre entreprise dans ces nouveaux m\u00e9dias. Qu\u2019il s\u2019agisse d\u2019une grande soci\u00e9t\u00e9 ou d\u2019une PME, nous pouvons vous aider \u00e0 atteindre vos objectifs.\u00a0\u00a0\u00a0<\/span><\/p>\n<p><span style=\"font-weight: 400;\">Il n\u2019y a pas d\u2019approche universelle pour bien utiliser les m\u00e9dias sociaux. Voil\u00e0 pourquoi avant de vous conseiller quoi que ce soit, nous \u00e9tudions votre entreprise en profondeur, sous toutes les coutures, afin de concevoir un plan sur mesure, conforme \u00e0 vos objectifs.\u00a0\u00a0<\/span><\/p>\n<h2>Nos services de marketing par m\u00e9dias sociaux<\/h2>\n<p><span style=\"font-weight: 400;\">Gr\u00e2ce \u00e0 notre connaissance approfondie des m\u00e9dias sociaux dans un large \u00e9ventail d\u2019industries et des nombreux logiciels dont nous disposons, nous pouvons vous donner l\u2019heure juste quant \u00e0 la position actuelle de votre marque et vous pr\u00e9ciser o\u00f9 vous pourriez la propulser avec Rank.\u00a0\u00a0\u00a0\u00a0<\/span><\/p>\n<p><span style=\"font-weight: 400;\">Les m\u00e9dias sociaux sont form\u00e9s de plusieurs composantes diff\u00e9rentes et chacune a un r\u00f4le \u00e0 jouer dans le succ\u00e8s de votre strat\u00e9gie. Nous sommes fiers d\u2019affirmer que notre expertise en m\u00e9dias sociaux nous permet de vous offrir une approche globale, de l\u2019\u00e9laboration d\u2019une strat\u00e9gie \u00e0 l\u2019\u00e9tude de votre concurrence, des services de cr\u00e9ation personnalis\u00e9s au contenu qui saura mobiliser votre public cible, jusqu\u2019aux rapports qui le confirment.\u00a0\u00a0\u00a0<\/span><\/p>\n<h2>Gestion des m\u00e9dias sociaux et \u00e9laboration de strat\u00e9gies<\/h2>\n<p><span style=\"font-weight: 400;\">Comme pour n\u2019importe quelle d\u00e9marche importante, la premi\u00e8re \u00e9tape de toute strat\u00e9gie r\u00e9ussie en m\u00e9dias sociaux est d\u2019avoir une id\u00e9e pr\u00e9cise de vos objectifs. Que visez-vous?<\/span><\/p>\n<p><span style=\"font-weight: 400;\">Plus l\u2019\u00e9quipe de Rank en saura long sur votre entreprise et votre vision, plus les campagnes que nous mettrons sur pied seront efficaces. Vous souhaitez accro\u00eetre votre notori\u00e9t\u00e9 de marque? Accro\u00eetre l\u2019achalandage dans votre site Web? Fid\u00e9liser vos clients?<\/span><\/p>\n<p><span style=\"font-weight: 400;\">Une fois que nous aurons clairement d\u00e9fini les objectifs li\u00e9s \u00e0 votre vision, nos sp\u00e9cialistes des m\u00e9dias sociaux pr\u00e9pareront une strat\u00e9gie de m\u00e9dias sociaux comprenant des objectifs, pr\u00e9cisant votre auditoire cible, la voix de votre marque, une strat\u00e9gie de contenu et un plan de mesure des r\u00e9sultats.\u00a0<\/span><\/p>\n<p><span style=\"font-weight: 400;\">En jetant un coup d\u2019\u0153il impartial \u00e0 votre performance r\u00e9elle sur les m\u00e9dias sociaux, nous pourrons voir quels aspects gagneraient \u00e0 \u00eatre appuy\u00e9s par une strat\u00e9gie cibl\u00e9e, puis mettre en \u0153uvre cette strat\u00e9gie&#8230; \u00e0 notre fa\u00e7on.\u00a0\u00a0<\/span><\/p>\n<p><span style=\"font-weight: 400;\">Confiez toute la gestion de votre campagne de m\u00e9dias sociaux \u00e0 nos sp\u00e9cialistes. Nous nous chargerons de la cr\u00e9ation de contenu, de la mise sur pied de calendrier de publication, du suivi du rendement et des interactions avec vos abonn\u00e9s, puis des rapports et des recommandations qui s\u2019y rattachent.\u00a0\u00a0<\/span><\/p>\n<h2>Cr\u00e9ation de contenu<\/h2>\n<p><span style=\"font-weight: 400;\">Une fois que vous aurez en main votre strat\u00e9gie compl\u00e8te, notre \u00e9quipe de r\u00e9dacteurs et de cr\u00e9ateurs de contenu chevronn\u00e9s prendra le relais pour publier du contenu original, \u00e0 l\u2019image de votre marque.\u00a0\u00a0\u00a0<\/span><\/p>\n<p><span style=\"font-weight: 400;\">Notre \u00e9quipe des m\u00e9dias sociaux a acc\u00e8s \u00e0 une imposante banque d\u2019images et de vid\u00e9os et \u00e0 des logiciels de design qui, ajout\u00e9s \u00e0 leur expertise dans la cr\u00e9ation de messages percutants, permettront de vous proposer un contenu qui saura int\u00e9resser votre auditoire.\u00a0\u00a0\u00a0\u00a0<\/span><\/p>\n<p><span style=\"font-weight: 400;\">Chez Rank, nous disons \u00ab\u2009J\u2019aime\u2009\u00bb \u00e0 la possibilit\u00e9 de mettre notre cr\u00e9ativit\u00e9 \u00e0 votre service. Quand on y pense, les m\u00e9dias sociaux sont un outil qui vous permet d\u2019en faire un peu plus pour marquer des points aupr\u00e8s de vos clients. Les calendriers de publication mensuels que nous cr\u00e9ons pour vous contiennent des messages qui racontent une histoire \u2013 la v\u00f4tre \u2013, et qui savent susciter l\u2019interaction, mobilisent et int\u00e9ressent votre client\u00e8le.\u00a0\u00a0\u00a0<\/span><\/p>\n<p><span style=\"font-weight: 400;\">Et bien s\u00fbr, nos mesures d\u2019assurance qualit\u00e9 vous permettent de relire tout le contenu que nous avons cr\u00e9\u00e9 avant sa publication.<\/span><\/p>\n<h2><strong>Publicit\u00e9 dans les m\u00e9dias sociaux<\/strong><\/h2>\n<p><span style=\"font-weight: 400;\">Les m\u00e9dias sociaux pay\u00e9s et organiques sont tous deux essentiels \u00e0 la mise sur pied d\u2019une strat\u00e9gie de m\u00e9dias sociaux efficace, quels que soient vos objectifs ou l\u2019industrie o\u00f9 vous \u0153uvrez.\u00a0\u00a0<\/span><\/p>\n<p><span style=\"font-weight: 400;\">En raison du grand nombre d\u2019utilisateurs qu\u2019ils repr\u00e9sentent, les m\u00e9dias sociaux abritent une somme de donn\u00e9es ph\u00e9nom\u00e9nale. Facebook, Instagram, Twitter, LinkedIn et Pinterest regroupent un large \u00e9ventail de personnes de tous \u00e2ges, aux int\u00e9r\u00eats et aux horizons vari\u00e9s, ce qui ouvre la voie \u00e0 des campagnes qui peuvent \u00eatre cibl\u00e9es avec pr\u00e9cision pour joindre les personnes et les lieux les plus importants pour votre entreprise.\u00a0\u00a0\u00a0<\/span><\/p>\n<p><span style=\"font-weight: 400;\">Le d\u00e9fi, pour des entreprises comme la v\u00f4tre, est de comprendre quels r\u00e9seaux utiliser, combien investir et quelle plateforme sera la plus efficace pour joindre votre auditoire. Et pour r\u00e9pondre \u00e0 ces questions, les sp\u00e9cialistes en m\u00e9dias sociaux de Rank sont les mieux plac\u00e9s.\u00a0<\/span><\/p>\n<p><span style=\"font-weight: 400;\">Nous ma\u00eetrisons les pratiques exemplaires li\u00e9es aux plateformes de m\u00e9dias sociaux comme Facebook Advertising, et nous pouvons cr\u00e9er pour vous des campagnes sur mesure, en fonction de vos objectifs, qui se traduiront par des r\u00e9sultats concrets.<\/span><\/p>\n<h2><strong>Service de veille et d\u2019\u00e9coute\u00a0<\/strong><\/h2>\n<p><span style=\"font-weight: 400;\">Nos services de veille m\u00e9diatique dans les m\u00e9dias sociaux comprennent une surveillance et la r\u00e9ponse aux commentaires et aux interventions o\u00f9 votre marque est mentionn\u00e9e, mais aussi un balayage r\u00e9gulier des \u00e9changes qui ont cours dans l\u2019ensemble des plateformes de m\u00e9dias sociaux.\u00a0\u00a0<\/span><\/p>\n<p><span style=\"font-weight: 400;\">Les gens ordinaires parlent de votre marque, de vos produits et de votre industrie en ce moment m\u00eame. N\u2019aimeriez-vous pas savoir ce qu\u2019ils en disent?\u00a0<\/span><\/p>\n<p><span style=\"font-weight: 400;\">Il peut s\u2019agir d\u2019un client qui dit \u00e0 quel point il aime vos produits, ou d\u2019un autre qui fait part des rat\u00e9s de produits ou de services de vos concurrents. En n\u00e9gligeant de garder un \u0153il sur ces mentions, votre marque passe \u00e0 c\u00f4t\u00e9 d\u2019une occasion int\u00e9ressante de vous connecter \u00e0 un auditoire nouveau et d\u2019am\u00e9liorer sa notori\u00e9t\u00e9.\u00a0<\/span><\/p>\n<p><span style=\"font-weight: 400;\">Notre agence sp\u00e9cialis\u00e9e en m\u00e9dias sociaux utilise la veille m\u00e9diatique pour inspirer des campagnes pertinentes, am\u00e9liorer la teneur de vos messages, devancer vos concurrents et cr\u00e9er des liens encore plus solides avec votre auditoire.\u00a0\u00a0<\/span><\/p>\n<p><span style=\"font-weight: 400;\">Une surveillance en temps r\u00e9el vous assurera de demeurer premier en notori\u00e9t\u00e9, et gardera votre marque loin devant&#8230; en tout temps.\u00a0\u00a0<\/span><\/p>\n<h2><strong>Rapports et r\u00e9sultats<\/strong><\/h2>\n<p><span style=\"font-weight: 400;\">Les rapports sont un \u00e9l\u00e9ment essentiel de tous nos services de marketing et le volet m\u00e9dias sociaux ne fait pas exception. Gr\u00e2ce \u00e0 nos rapports mensuels complets, vous pouvez suivre en temps r\u00e9el ou presque l\u2019\u00e9volution de votre campagne et les r\u00e9ussites qui s\u2019y rattachent.\u00a0\u00a0<\/span><\/p>\n<p><span style=\"font-weight: 400;\">Ces rapports vous seront utiles, mais nous seront aussi indispensables pour analyser et ajuster notre strat\u00e9gie au besoin. Une surveillance continue de vos campagnes nous permettra d\u2019en optimiser les r\u00e9sultats. <\/span><\/p>\n","protected":false},"excerpt":{"rendered":"<p>La somme de donn\u00e9es que rec\u00e8lent les m\u00e9dias sociaux est tout simplement ph\u00e9nom\u00e9nale et augmente chaque jour. Au moment o\u00f9 vous lisez ces lignes, 3,5 milliards de personnes dans le monde utilisent les m\u00e9dias sociaux \u2013 ce qui \u00e9quivaut \u00e0 45\u00a0% de la population. Tous ces gens passent en moyenne deux heures par jour \u00e0 [&hellip;]<\/p>\n","protected":false},"author":1,"featured_media":0,"parent":1149,"menu_order":60,"comment_status":"closed","ping_status":"closed","template":"template-services-page.php","meta":{"_acf_changed":false,"footnotes":""},"acf":[],"yoast_head":"<!-- This site is optimized with the Yoast SEO plugin v21.6 - https:\/\/yoast.com\/wordpress\/plugins\/seo\/ -->\n<title>Marketing des m\u00e9dias sociaux | Rank Media<\/title>\n<meta name=\"description\" content=\"Peu importe votre entreprise, les m\u00e9dias sociaux jouent un r\u00f4le important dans n&#039;importe quelle strat\u00e9gie du marketing. Contactez-nous aujourd&#039;hui pour d\u00e9marrer votre compagne.\" \/>\n<meta name=\"robots\" content=\"index, follow, max-snippet:-1, max-image-preview:large, max-video-preview:-1\" \/>\n<link rel=\"canonical\" href=\"https:\/\/www.rankmedia.com\/fr\/services\/strategie-numerique\/marketing-medias-sociaux\/\" \/>\n<meta property=\"og:locale\" content=\"fr_FR\" \/>\n<meta property=\"og:type\" content=\"article\" \/>\n<meta property=\"og:title\" content=\"Marketing des m\u00e9dias sociaux | Rank Media\" \/>\n<meta property=\"og:description\" content=\"Peu importe votre entreprise, les m\u00e9dias sociaux jouent un r\u00f4le important dans n&#039;importe quelle strat\u00e9gie du marketing. Contactez-nous aujourd&#039;hui pour d\u00e9marrer votre compagne.\" \/>\n<meta property=\"og:url\" content=\"https:\/\/www.rankmedia.com\/fr\/services\/strategie-numerique\/marketing-medias-sociaux\/\" \/>\n<meta property=\"og:site_name\" content=\"Rank Media\" \/>\n<meta property=\"article:publisher\" content=\"https:\/\/www.facebook.com\/RankMedia\/\" \/>\n<meta property=\"article:modified_time\" content=\"2020-05-13T15:24:36+00:00\" \/>\n<meta property=\"og:image\" content=\"https:\/\/www.rankmedia.com\/wp-content\/uploads\/2020\/05\/graph-fb2.png\" \/>\n\t<meta property=\"og:image:width\" content=\"1200\" \/>\n\t<meta property=\"og:image:height\" content=\"630\" \/>\n\t<meta property=\"og:image:type\" content=\"image\/png\" \/>\n<meta name=\"twitter:card\" content=\"summary_large_image\" \/>\n<meta name=\"twitter:site\" content=\"@rankmediaagency\" \/>\n<meta name=\"twitter:label1\" content=\"Dur\u00e9e de lecture estim\u00e9e\" \/>\n\t<meta name=\"twitter:data1\" content=\"8 minutes\" \/>\n<script type=\"application\/ld+json\" class=\"yoast-schema-graph\">{\"@context\":\"https:\/\/schema.org\",\"@graph\":[{\"@type\":\"WebPage\",\"@id\":\"https:\/\/www.rankmedia.com\/fr\/services\/strategie-numerique\/marketing-medias-sociaux\/\",\"url\":\"https:\/\/www.rankmedia.com\/fr\/services\/strategie-numerique\/marketing-medias-sociaux\/\",\"name\":\"Marketing des m\u00e9dias sociaux | Rank Media\",\"isPartOf\":{\"@id\":\"https:\/\/www.rankmedia.com\/fr\/#website\"},\"datePublished\":\"2019-11-11T21:53:35+00:00\",\"dateModified\":\"2020-05-13T15:24:36+00:00\",\"description\":\"Peu importe votre entreprise, les m\u00e9dias sociaux jouent un r\u00f4le important dans n'importe quelle strat\u00e9gie du marketing. Contactez-nous aujourd'hui pour d\u00e9marrer votre compagne.\",\"breadcrumb\":{\"@id\":\"https:\/\/www.rankmedia.com\/fr\/services\/strategie-numerique\/marketing-medias-sociaux\/#breadcrumb\"},\"inLanguage\":\"fr-FR\",\"potentialAction\":[{\"@type\":\"ReadAction\",\"target\":[\"https:\/\/www.rankmedia.com\/fr\/services\/strategie-numerique\/marketing-medias-sociaux\/\"]}]},{\"@type\":\"BreadcrumbList\",\"@id\":\"https:\/\/www.rankmedia.com\/fr\/services\/strategie-numerique\/marketing-medias-sociaux\/#breadcrumb\",\"itemListElement\":[{\"@type\":\"ListItem\",\"position\":1,\"name\":\"Home\",\"item\":\"https:\/\/www.rankmedia.com\/fr\/\"},{\"@type\":\"ListItem\",\"position\":2,\"name\":\"Strat\u00e9gie num\u00e9rique\",\"item\":\"https:\/\/www.rankmedia.com\/fr\/services\/strategie-numerique\/\"},{\"@type\":\"ListItem\",\"position\":3,\"name\":\"Marketing dans les m\u00e9dias sociaux\"}]},{\"@type\":\"WebSite\",\"@id\":\"https:\/\/www.rankmedia.com\/fr\/#website\",\"url\":\"https:\/\/www.rankmedia.com\/fr\/\",\"name\":\"Rank Media\",\"description\":\"\",\"potentialAction\":[{\"@type\":\"SearchAction\",\"target\":{\"@type\":\"EntryPoint\",\"urlTemplate\":\"https:\/\/www.rankmedia.com\/fr\/?s={search_term_string}\"},\"query-input\":\"required name=search_term_string\"}],\"inLanguage\":\"fr-FR\"}]}<\/script>\n<!-- \/ Yoast SEO plugin. -->","yoast_head_json":{"title":"Marketing des m\u00e9dias sociaux | Rank Media","description":"Peu importe votre entreprise, les m\u00e9dias sociaux jouent un r\u00f4le important dans n'importe quelle strat\u00e9gie du marketing. Contactez-nous aujourd'hui pour d\u00e9marrer votre compagne.","robots":{"index":"index","follow":"follow","max-snippet":"max-snippet:-1","max-image-preview":"max-image-preview:large","max-video-preview":"max-video-preview:-1"},"canonical":"https:\/\/www.rankmedia.com\/fr\/services\/strategie-numerique\/marketing-medias-sociaux\/","og_locale":"fr_FR","og_type":"article","og_title":"Marketing des m\u00e9dias sociaux | Rank Media","og_description":"Peu importe votre entreprise, les m\u00e9dias sociaux jouent un r\u00f4le important dans n'importe quelle strat\u00e9gie du marketing. Contactez-nous aujourd'hui pour d\u00e9marrer votre compagne.","og_url":"https:\/\/www.rankmedia.com\/fr\/services\/strategie-numerique\/marketing-medias-sociaux\/","og_site_name":"Rank Media","article_publisher":"https:\/\/www.facebook.com\/RankMedia\/","article_modified_time":"2020-05-13T15:24:36+00:00","og_image":[{"width":1200,"height":630,"url":"https:\/\/www.rankmedia.com\/wp-content\/uploads\/2020\/05\/graph-fb2.png","type":"image\/png"}],"twitter_card":"summary_large_image","twitter_site":"@rankmediaagency","twitter_misc":{"Dur\u00e9e de lecture estim\u00e9e":"8 minutes"},"schema":{"@context":"https:\/\/schema.org","@graph":[{"@type":"WebPage","@id":"https:\/\/www.rankmedia.com\/fr\/services\/strategie-numerique\/marketing-medias-sociaux\/","url":"https:\/\/www.rankmedia.com\/fr\/services\/strategie-numerique\/marketing-medias-sociaux\/","name":"Marketing des m\u00e9dias sociaux | Rank Media","isPartOf":{"@id":"https:\/\/www.rankmedia.com\/fr\/#website"},"datePublished":"2019-11-11T21:53:35+00:00","dateModified":"2020-05-13T15:24:36+00:00","description":"Peu importe votre entreprise, les m\u00e9dias sociaux jouent un r\u00f4le important dans n'importe quelle strat\u00e9gie du marketing. Contactez-nous aujourd'hui pour d\u00e9marrer votre compagne.","breadcrumb":{"@id":"https:\/\/www.rankmedia.com\/fr\/services\/strategie-numerique\/marketing-medias-sociaux\/#breadcrumb"},"inLanguage":"fr-FR","potentialAction":[{"@type":"ReadAction","target":["https:\/\/www.rankmedia.com\/fr\/services\/strategie-numerique\/marketing-medias-sociaux\/"]}]},{"@type":"BreadcrumbList","@id":"https:\/\/www.rankmedia.com\/fr\/services\/strategie-numerique\/marketing-medias-sociaux\/#breadcrumb","itemListElement":[{"@type":"ListItem","position":1,"name":"Home","item":"https:\/\/www.rankmedia.com\/fr\/"},{"@type":"ListItem","position":2,"name":"Strat\u00e9gie num\u00e9rique","item":"https:\/\/www.rankmedia.com\/fr\/services\/strategie-numerique\/"},{"@type":"ListItem","position":3,"name":"Marketing dans les m\u00e9dias sociaux"}]},{"@type":"WebSite","@id":"https:\/\/www.rankmedia.com\/fr\/#website","url":"https:\/\/www.rankmedia.com\/fr\/","name":"Rank Media","description":"","potentialAction":[{"@type":"SearchAction","target":{"@type":"EntryPoint","urlTemplate":"https:\/\/www.rankmedia.com\/fr\/?s={search_term_string}"},"query-input":"required name=search_term_string"}],"inLanguage":"fr-FR"}]}},"_links":{"self":[{"href":"https:\/\/www.rankmedia.com\/fr\/wp-json\/wp\/v2\/pages\/1138"}],"collection":[{"href":"https:\/\/www.rankmedia.com\/fr\/wp-json\/wp\/v2\/pages"}],"about":[{"href":"https:\/\/www.rankmedia.com\/fr\/wp-json\/wp\/v2\/types\/page"}],"author":[{"embeddable":true,"href":"https:\/\/www.rankmedia.com\/fr\/wp-json\/wp\/v2\/users\/1"}],"replies":[{"embeddable":true,"href":"https:\/\/www.rankmedia.com\/fr\/wp-json\/wp\/v2\/comments?post=1138"}],"version-history":[{"count":4,"href":"https:\/\/www.rankmedia.com\/fr\/wp-json\/wp\/v2\/pages\/1138\/revisions"}],"predecessor-version":[{"id":2232,"href":"https:\/\/www.rankmedia.com\/fr\/wp-json\/wp\/v2\/pages\/1138\/revisions\/2232"}],"up":[{"embeddable":true,"href":"https:\/\/www.rankmedia.com\/fr\/wp-json\/wp\/v2\/pages\/1149"}],"wp:attachment":[{"href":"https:\/\/www.rankmedia.com\/fr\/wp-json\/wp\/v2\/media?parent=1138"}],"curies":[{"name":"wp","href":"https:\/\/api.w.org\/{rel}","templated":true}]}}