{"id":1137,"date":"2019-11-11T21:54:03","date_gmt":"2019-11-11T21:54:03","guid":{"rendered":"https:\/\/www.rankmedia.com\/influencer-marketing-services\/"},"modified":"2020-05-13T14:43:54","modified_gmt":"2020-05-13T14:43:54","slug":"influencer-marketing-services","status":"publish","type":"page","link":"https:\/\/www.rankmedia.com\/fr\/services\/strategie-numerique\/marketing-influenceurs\/","title":{"rendered":"Le marketing ax\u00e9 sur les influenceurs"},"content":{"rendered":"<h2>Propulser votre marque \u00e0 l\u2019avant-sc\u00e8ne<\/h2>\n<p><span style=\"font-weight: 400;\">Le bouche-\u00e0-oreille a longtemps \u00e9t\u00e9 la meilleure fa\u00e7on \u2013 et la plus naturelle \u2013 de g\u00e9n\u00e9rer de nouveaux clients. Le marketing avec les influenceurs est la version moderne et num\u00e9rique de faire les choses.\u00a0\u00a0\u00a0<\/span><\/p>\n<p><span style=\"font-weight: 400;\">Les gens font confiance aux gens. Pensez-y. C\u2019est la raison pour laquelle vous consultez les commentaires et les avis avant de vous rendre dans un nouveau restaurant, ou que vous demandez leur avis \u00e0 vos amis avant d\u2019acheter un nouveau t\u00e9l\u00e9phone. Nous voulons tous \u00eatre rassur\u00e9s et bien certains, quand on veut un service ou un produit, que ce produit est appuy\u00e9 et recommand\u00e9 par d\u2019autres personnes. C\u2019est tout \u00e0 fait normal.\u00a0\u00a0\u00a0<\/span><\/p>\n<p><span style=\"font-weight: 400;\">Avec le marketing \u00e0 l\u2019aide d\u2019influenceurs, les marques peuvent acqu\u00e9rir cette confiance en faisant appel \u00e0 des influenceurs respect\u00e9s pour faire valoir leurs produits et leurs services aupr\u00e8s de l\u2019audience int\u00e9ress\u00e9.\u00a0<\/span><\/p>\n<p><span style=\"font-weight: 400;\">En utilisant des personnalit\u00e9s comptant des abonn\u00e9s qui correspondent \u00e0 votre public cible, des marques comme la v\u00f4tre peuvent utiliser la voix des influenceurs pour faire de la promotion dans les r\u00e9seaux sociaux, dans des vid\u00e9os, des balados ou ailleurs.\u00a0\u00a0\u00a0<\/span><\/p>\n<p><span style=\"font-weight: 400;\">Le service de marketing avec influenceurs de Rank cr\u00e9e et d\u00e9ploie et assure la gestion de campagnes de marketing \u00e0 l\u2019aide d\u2019influenceurs et avec les ann\u00e9es, nous avons mis \u00e0 contribution notre exp\u00e9rience approfondie pour cr\u00e9er des impressions authentiques, en ciblant les auditoires des influenceurs \u00e0 l\u2019aide de messages personnalis\u00e9s.\u00a0\u00a0\u00a0<\/span><\/p>\n<h2>Le pouvoir des influenceurs<\/h2>\n<p><span style=\"font-weight: 400;\">Les influenceurs ont un pouvoir dont on a r\u00e9alis\u00e9 l\u2019ampleur il y a quelques ann\u00e9es seulement et rapidement, des milliers d\u2019entreprises de toutes les sph\u00e8res d\u2019activit\u00e9 (technologies, mode, automobile et plus) ont commenc\u00e9 \u00e0 investir dans cette forme de marketing et dans l\u2019engouement qu\u2019elle suscite.<\/span><\/p>\n<p><span style=\"font-weight: 400;\">Vous voulez \u00e9toffer votre image de marque? G\u00e9n\u00e9rer de la notori\u00e9t\u00e9? Vous faire conna\u00eetre de nouveaux auditoires? Gagner des fid\u00e8les et des abonn\u00e9s? Cr\u00e9er de l\u2019achalandage? Le marketing \u00e0 l\u2019aide d\u2019influenceurs peut \u00eatre la passerelle ouvrant la voie aux meilleurs r\u00e9sultats pour votre entreprise.\u00a0\u00a0\u00a0\u00a0<\/span><\/p>\n<p><b>Le marketing ax\u00e9 sur les influenceurs est 11 X plus rentable que les formes traditionnelles de marketing num\u00e9rique.<\/b><\/p>\n<p><b>70\u00a0% des adolescents font davantage confiance aux influenceurs qu\u2019aux c\u00e9l\u00e9brit\u00e9s traditionnelles.\u00a0<\/b><\/p>\n<p><b>Les campagnes de marketing avec influenceur g\u00e9n\u00e8rent 6\u00a0$ par dollar investi.<\/b><\/p>\n<p><b>74\u00a0% des personnes utilisent les r\u00e9seaux sociaux pour les guider dans leurs d\u00e9cisions d\u2019achat.<\/b><\/p>\n<p><b>50\u00a0% des consommateurs agiront apr\u00e8s avoir vu un commentaire positif.<\/b><\/p>\n<h2>Les avantages de l\u2019influenceur pour une agence de marketing<\/h2>\n<p><span style=\"font-weight: 400;\">Vous croyez peut-\u00eatre que le marketing \u00e0 l\u2019aide d\u2019influenceurs est une initiative facile \u00e0 mettre sur pied et efficace \u00e0 tout coup. Mais sans contacts et sans exp\u00e9rience pour cibler les bons auditoires, ce type de marketing est bien difficile \u00e0 utiliser correctement.\u00a0<\/span><\/p>\n<p><span style=\"font-weight: 400;\">La diff\u00e9rence, quand on fait appel \u00e0 Rank, qui se sp\u00e9cialise en services de marketing avec influenceurs? Nous avons acc\u00e8s \u00e0 une base de donn\u00e9es d\u2019influenceurs test\u00e9s et approuv\u00e9s, avec qui nous avons d\u00e9j\u00e0 travaill\u00e9 et qui ont contribu\u00e9 \u00e0 des campagnes r\u00e9ussies par le pass\u00e9.\u00a0\u00a0<\/span><\/p>\n<p><span style=\"font-weight: 400;\">Au lieu d\u2019\u00e9parpiller le propos en faisant appel au premier venu, Rank croit en l\u2019importance de cr\u00e9er des partenariats uniques, durables et efficaces entre les marques et les influenceurs.<\/span><\/p>\n<p><span style=\"font-weight: 400;\">Vous voulez faire appel \u00e0 une personnalit\u00e9 qui parlera de vous \u00e0 des millions d\u2019abonn\u00e9s? Vous cantonner \u00e0 un micro-influenceur qui parle \u00e0 u public tr\u00e8s pr\u00e9cis et tr\u00e8s cibl\u00e9? Dans tous les cas, Rank peut vous aider.\u00a0<\/span><\/p>\n<h2>Notre service de marketing ax\u00e9 sur les influenceurs<\/h2>\n<p><span style=\"font-weight: 400;\">Rank offre un service complet de mise sur pied d\u2019initiatives de marketing \u00e0 l\u2019aide d\u2019influenceurs. De la pr\u00e9paration d\u2019une strat\u00e9gie au choix des bons influenceurs en fonction de votre auditoire, du suivi de vos succ\u00e8s aux campagnes d\u2019optimisation, nous offrons un service complet qui vous permettra de vous d\u00e9tendre&#8230; et de vous concentrer uniquement sur le traitement de vos commandes.\u00a0\u00a0\u00a0<\/span><\/p>\n<h2>Analyse de positionnement et \u00e9tude de la concurrence<\/h2>\n<p><span style=\"font-weight: 400;\">Comme pour toutes les campagnes de marketing, la d\u00e9marche de Rank avec les influenceurs commence par une d\u00e9finition de vos besoins et de vos objectifs. Nous pourrons ainsi fa\u00e7onner une strat\u00e9gie globale et faciliter grandement la mesure de l\u2019efficacit\u00e9 de votre campagne.\u00a0\u00a0<\/span><\/p>\n<p><span style=\"font-weight: 400;\">Le marketing \u00e0 l\u2019aide d\u2019influenceurs peut \u00eatre utilis\u00e9 en soutien pour atteindre un large \u00e9ventail d\u2019objectifs\u00a0: acquisition de notori\u00e9t\u00e9 ou de nouveaux clients, de la mobilisation ou des ventes, entre autres.\u00a0\u00a0<\/span><\/p>\n<p><span style=\"font-weight: 400;\">Une fois vos objectifs \u00e9tablis, on choisira le type de marketing avec influenceurs qui r\u00e9pondra le mieux aux besoins de votre entreprise et \u00e0 vos objectifs. Une marque peut utiliser cette forme de marketing de nombreuses fa\u00e7ons et chacune offre ses propres avantages\u00a0:\u00a0\u00a0<\/span><\/p>\n<ul>\n<li style=\"font-weight: 400;\"><b>Produits ou services gratuits <\/b><span style=\"font-weight: 400;\">aux influenceurs en \u00e9change d\u2019une mention<\/span><\/li>\n<li style=\"font-weight: 400;\"><span style=\"font-weight: 400;\">Mise en vedette de votre marque sur les blogues ou les r\u00e9seaux sociaux de certains influenceurs \u00e0 l\u2019aide de <\/span><b>publications pay\u00e9es et commandit\u00e9es<\/b><span style=\"font-weight: 400;\">.\u00a0\u00a0<\/span><\/li>\n<li style=\"font-weight: 400;\"><span style=\"font-weight: 400;\">Remise aux influenceurs d\u2019un <\/span><b>code donnant droit \u00e0 un rabais<\/b><span style=\"font-weight: 400;\"> qu\u2019ils pourront partager avec leur auditoire.\u00a0\u00a0\u00a0<\/span><\/li>\n<li style=\"font-weight: 400;\"><span style=\"font-weight: 400;\">Recruter les influenceurs en tant qu\u2019<\/span><b>affili\u00e9s<\/b><span style=\"font-weight: 400;\"> et leur donner un pourcentage des ventes qu\u2019ils g\u00e9n\u00e9reront.\u00a0<\/span><\/li>\n<li style=\"font-weight: 400;\"><b>Publication en tant qu\u2019invit\u00e9 <\/b><span style=\"font-weight: 400;\">dans le blogue de certains influenceurs.<\/span><\/li>\n<\/ul>\n<h2>Cr\u00e9ation d\u2019une trousse m\u00e9dia et des pi\u00e8ces qui s\u2019y rattachent<\/h2>\n<p><span style=\"font-weight: 400;\">Les trousses pour les m\u00e9dias sont une composante importante des relations avec les investisseurs. Les influenceurs qui vous int\u00e9resseront ne sont sans doute pas aussi occup\u00e9s que Kylie Jenner ou DanTDM, deux des influenceurs les mieux pay\u00e9s de tous les m\u00e9dias sociaux.\u00a0\u00a0<\/span><\/p>\n<p><span style=\"font-weight: 400;\">La trousse m\u00e9dia est un bon moyen de cr\u00e9er des liens avec des marques potentielles. Ces trousses ne sont pas r\u00e9serv\u00e9es qu\u2019aux influenceurs \u2013 les marques peuvent les utiliser chaque fois qu\u2019ils proposent des projets en collaboration!\u00a0<\/span><\/p>\n<p><span style=\"font-weight: 400;\">Souvent, surtout chez les entreprises naissantes, les influenceurs refusent de travailler avec certaines marques parce qu\u2019elles ne correspondent pas \u00e0 leur esth\u00e9tique ou \u00e0 leur auditoire. Une trousse m\u00e9dia qui d\u00e9montrera pourquoi votre marque est pertinente pour les personnes qui suivent ces influenceurs et pour la couverture qu\u2019ils g\u00e9n\u00e8rent.\u00a0\u00a0\u00a0<\/span><\/p>\n<h2>Quoi devrait comprendre la trousse m\u00e9dia de votre marque?<\/h2>\n<p><span style=\"font-weight: 400;\">Pour cr\u00e9er une trousse m\u00e9dia qui joindra les influenceurs, certaines informations sont n\u00e9cessaires. Votre trousse devrait contenir\u00a0:<\/span><\/p>\n<ul>\n<li style=\"font-weight: 400;\"><span style=\"font-weight: 400;\">Le profil de votre entreprise\u00a0: offrez un portrait de votre entreprise qui d\u00e9crit vos produits et vos services, qui parlera de la fondation de votre entreprise et expliquera qui en sont les principaux joueurs cl\u00e9s<\/span><\/li>\n<li style=\"font-weight: 400;\"><span style=\"font-weight: 400;\">Un bon aper\u00e7u de votre auditoire cible, qui permettra de voir si l\u2019influenceur correspond bien \u00e0 l\u2019auditoire que vous recherchez\u00a0<\/span><\/li>\n<li style=\"font-weight: 400;\"><span style=\"font-weight: 400;\">Une liste des sites Web o\u00f9 vous avez \u00e9t\u00e9 mentionn\u00e9 et des influenceurs avec qui vous avez travaill\u00e9\u00a0<\/span><\/li>\n<li style=\"font-weight: 400;\"><span style=\"font-weight: 400;\">Les directives entourant votre marque\u00a0<\/span><\/li>\n<li style=\"font-weight: 400;\"><span style=\"font-weight: 400;\">Et, bien s\u00fbr, les coordonn\u00e9es pour vous joindre\u00a0<\/span><\/li>\n<\/ul>\n<p><span style=\"font-weight: 400;\">L\u2019\u00e9quipe de cr\u00e9atifs de Rank peut r\u00e9aliser pour vous une trousse m\u00e9dia attrayante, qui brossera un tableau complet de l\u2019histoire de votre marque et saura int\u00e9resser les influenceurs qui le plus pour vous.\u00a0\u00a0\u00a0<\/span><\/p>\n<h2><strong>Prospection et prise de contact<\/strong><\/h2>\n<p><span style=\"font-weight: 400;\">Une fois votre auditoire d\u00e9fini avec pr\u00e9cision, vous pourrez amorcer la recherche des influenceurs qui vous aideront \u00e0 atteindre vos objectifs. Il existe une foule de styles, de types et de cat\u00e9gories\u00a0d\u2019influenceurs. Voici un aper\u00e7u des options qui s\u2019offrent \u00e0 vous\u00a0:<\/span><\/p>\n<ul>\n<li style=\"font-weight: 400;\"><span style=\"font-weight: 400;\">Blogueurs<\/span><\/li>\n<li style=\"font-weight: 400;\"><span style=\"font-weight: 400;\">Personnalit\u00e9s des r\u00e9seaux sociaux (Facebook, Instagram, YouTube et autres)\u00a0<\/span><\/li>\n<li style=\"font-weight: 400;\"><span style=\"font-weight: 400;\">C\u00e9l\u00e9brit\u00e9s<\/span><\/li>\n<li style=\"font-weight: 400;\"><span style=\"font-weight: 400;\">Experts de diverses industries<\/span><\/li>\n<li style=\"font-weight: 400;\"><span style=\"font-weight: 400;\">Clients r\u00e9els<\/span><\/li>\n<li style=\"font-weight: 400;\"><span style=\"font-weight: 400;\">Marques non concurrentes (partenariats de marques)\u00a0<\/span><\/li>\n<\/ul>\n<p><span style=\"font-weight: 400;\">Chez Rank, nous comptons sur un r\u00e9seau d\u2019influenceurs bien plus large que ceux de notre entourage. Chez nous, toutes les portes et toutes les possibilit\u00e9s sont ouvertes. Des logiciels facilitent le filtrage des donn\u00e9es sur les influenceurs \u2013 mais ce qui compte, c\u2019est ce que nous faisons avec ces donn\u00e9es.\u00a0\u00a0\u00a0\u00a0<\/span><\/p>\n<p><span style=\"font-weight: 400;\">Rank adopte plut\u00f4t une approche humaine qui voit au-del\u00e0 du seul auditoire des influenceurs retenus. Nous accordons une importance particuli\u00e8re \u00e0 l\u2019auditoire de ces influenceurs afin de voir s\u2019ils concordent vraiment avec la client\u00e8le que vous souhaitez joindre.\u00a0\u00a0<\/span><\/p>\n<p><span style=\"font-weight: 400;\">Oui, les logiciels peuvent vous dire le nombre de publications et les niveaux de mobilisation des consommateurs \u2013 mais notre \u00e9quipe d\u2019experts poss\u00e8de les comp\u00e9tences voulues pour s\u00e9lectionner les influenceurs individuellement, en fonction de leur personnalit\u00e9, de leur voix, de leurs valeurs et de leur aptitude \u00e0 parler de votre marque; autant de choses qu\u2019aucun logiciel ne peut faire. Nous \u00e9tudions avec soin leur auditoire afin de vous assurer que les influenceurs retenus sont des experts dans leur domaine respectif et ont un auditoire qui ira comme un gant \u00e0 votre marque.\u00a0\u00a0\u00a0<\/span><\/p>\n<p><span style=\"font-weight: 400;\">Les influenceurs que vous choisirez doivent non seulement avoir un contenu attrayant et une personnalit\u00e9 attachante\u00a0: ils doivent avoir un auditoire qui s\u2019int\u00e9ressera \u00e0 votre marque.\u00a0\u00a0<\/span><\/p>\n<h2><strong>Suivi et optimisation<\/strong><\/h2>\n<p><span style=\"font-weight: 400;\">Une fois que vos campagnes de marketing \u00e0 l\u2019aide d\u2019influenceurs seront lanc\u00e9es, voir vos produits ou vos services mis en vedette par une star des m\u00e9dias sociaux sera peut-\u00eatre per\u00e7u comme une vraie r\u00e9ussite. Mais le succ\u00e8s \u2013 le vrai \u2013 sera confirm\u00e9 par l\u2019atteinte des objectifs que vous vous \u00e9tiez fix\u00e9s au d\u00e9part. Et c\u2019est ce qui nous int\u00e9resse chez Rank.\u00a0\u00a0<\/span><\/p>\n<p><span style=\"font-weight: 400;\">Quand nous cr\u00e9ons une campagne avec influenceur, nous gardons toujours en t\u00eate les objectifs que vous vous \u00eates fix\u00e9s.\u00a0\u00a0\u00a0\u00a0<\/span><\/p>\n<p><span style=\"font-weight: 400;\">Des param\u00e8tres de mesure bien clairs sur la mobilisation sont, bien s\u00fbr, de cons indicateurs de r\u00e9ussite, mais ne peuvent pas mettre de chiffres sur la r\u00e9ussite d\u2019une campagne.\u00a0\u00a0<\/span><\/p>\n<p><span style=\"font-weight: 400;\">Nos experts en marketing \u00e0 l\u2019aide d\u2019influenceurs ont pris en charge de nombreuses campagnes au fil des ans et il est tr\u00e8s rare que le seul objectif ait \u00e9t\u00e9 uniquement \u00ab\u2009d\u2019atteindre 2\u2009000 j\u2019aime\u2009\u00bb ou \u00ab\u2009d\u2019\u00eatre mentionn\u00e9 dans 50 articles\u2009\u00bb.\u00a0\u00a0\u00a0\u00a0<\/span><\/p>\n<p><span style=\"font-weight: 400;\">Gr\u00e2ce \u00e0 une interpr\u00e9tation rigoureuse de l\u2019analytique li\u00e9e aux m\u00e9dias sociaux, Rank assure une surveillance \u00e9troite des facteurs qui sont les plus importants pour vous.\u00a0\u00a0<\/span><\/p>\n<ul>\n<li style=\"font-weight: 400;\"><span style=\"font-weight: 400;\">La<\/span><b> notori\u00e9t\u00e9 de la marque<\/b><span style=\"font-weight: 400;\"> peut \u00eatre mesur\u00e9e par la circulation sur votre site Web, le nombre de vues de votre profil, les mentions dans les r\u00e9seaux sociaux et le temps pass\u00e9 par les utilisateurs dans votre site.\u00a0\u00a0<\/span><\/li>\n<li style=\"font-weight: 400;\"><span style=\"font-weight: 400;\">La <\/span><b>cr\u00e9ation de l\u2019auditoire<\/b><span style=\"font-weight: 400;\"> est \u00e9valu\u00e9e \u00e0 l\u2019aide des augmentations du nombre de personnes qui vous suivent.\u00a0\u00a0\u00a0\u00a0<\/span><\/li>\n<li style=\"font-weight: 400;\"><span style=\"font-weight: 400;\">La <\/span><b>mobilisation <\/b><span style=\"font-weight: 400;\">peut \u00eatre suivie \u00e0 l\u2019aide du volume des partages, des commentaires et des \u00ab\u2009j\u2019aime\u2009\u00bb que g\u00e9n\u00e8rent vos publications dans les m\u00e9dias sociaux.\u00a0\u00a0<\/span><\/li>\n<li style=\"font-weight: 400;\"><span style=\"font-weight: 400;\">La <\/span><b>g\u00e9n\u00e9ration de clients potentiels <\/b><span style=\"font-weight: 400;\">se mesure avec le nombre de \u00ab\u2009clics\u2009\u00bb sur vos produits ou sur la page de destination qui les d\u00e9crit.\u00a0\u00a0<\/span><\/li>\n<li style=\"font-weight: 400;\"><span style=\"font-weight: 400;\">Les <\/span><b>ventes <\/b><span style=\"font-weight: 400;\">sont la finalit\u00e9 de votre campagne et peuvent \u00eatre class\u00e9es en vente aupr\u00e8s de nouveaux clients et de clients qui reviennent.\u00a0\u00a0\u00a0<\/span><\/li>\n<\/ul>\n<p><span style=\"font-weight: 400;\">\u00c0 la fin de la campagne, nous n\u2019allons pas vous remettre un rapport truff\u00e9 de phrases complexes et de statistiques sans r\u00e9elle signification. Nous utilisons les donn\u00e9es extraites pour comprendre ce qui a fonctionn\u00e9, quels groupes de la population on a joints et voir comment rendre les campagnes futures encore plus efficaces. \u00a0 <\/span><\/p>\n","protected":false},"excerpt":{"rendered":"<p>Propulser votre marque \u00e0 l\u2019avant-sc\u00e8ne Le bouche-\u00e0-oreille a longtemps \u00e9t\u00e9 la meilleure fa\u00e7on \u2013 et la plus naturelle \u2013 de g\u00e9n\u00e9rer de nouveaux clients. Le marketing avec les influenceurs est la version moderne et num\u00e9rique de faire les choses.\u00a0\u00a0\u00a0 Les gens font confiance aux gens. Pensez-y. C\u2019est la raison pour laquelle vous consultez les commentaires [&hellip;]<\/p>\n","protected":false},"author":1,"featured_media":0,"parent":1149,"menu_order":58,"comment_status":"closed","ping_status":"closed","template":"template-services-page.php","meta":{"_acf_changed":false,"footnotes":""},"acf":[],"yoast_head":"<!-- This site is optimized with the Yoast SEO plugin v21.6 - https:\/\/yoast.com\/wordpress\/plugins\/seo\/ -->\n<title>Le marketing ax\u00e9 sur les influenceurs | Rank Media<\/title>\n<meta name=\"robots\" content=\"index, follow, max-snippet:-1, max-image-preview:large, max-video-preview:-1\" \/>\n<link rel=\"canonical\" href=\"https:\/\/www.rankmedia.com\/fr\/services\/strategie-numerique\/marketing-influenceurs\/\" \/>\n<meta property=\"og:locale\" content=\"fr_FR\" \/>\n<meta property=\"og:type\" content=\"article\" \/>\n<meta property=\"og:title\" content=\"Le marketing ax\u00e9 sur les influenceurs | Rank Media\" \/>\n<meta property=\"og:description\" content=\"Propulser votre marque \u00e0 l\u2019avant-sc\u00e8ne Le bouche-\u00e0-oreille a longtemps \u00e9t\u00e9 la meilleure fa\u00e7on \u2013 et la plus naturelle \u2013 de g\u00e9n\u00e9rer de nouveaux clients. Le marketing avec les influenceurs est la version moderne et num\u00e9rique de faire les choses.\u00a0\u00a0\u00a0 Les gens font confiance aux gens. Pensez-y. C\u2019est la raison pour laquelle vous consultez les commentaires [&hellip;]\" \/>\n<meta property=\"og:url\" content=\"https:\/\/www.rankmedia.com\/fr\/services\/strategie-numerique\/marketing-influenceurs\/\" \/>\n<meta property=\"og:site_name\" content=\"Rank Media\" \/>\n<meta property=\"article:publisher\" content=\"https:\/\/www.facebook.com\/RankMedia\/\" \/>\n<meta property=\"article:modified_time\" content=\"2020-05-13T14:43:54+00:00\" \/>\n<meta property=\"og:image\" content=\"https:\/\/www.rankmedia.com\/wp-content\/uploads\/2020\/05\/graph-fb2.png\" \/>\n\t<meta property=\"og:image:width\" content=\"1200\" \/>\n\t<meta property=\"og:image:height\" content=\"630\" \/>\n\t<meta property=\"og:image:type\" content=\"image\/png\" \/>\n<meta name=\"twitter:card\" content=\"summary_large_image\" \/>\n<meta name=\"twitter:site\" content=\"@rankmediaagency\" \/>\n<meta name=\"twitter:label1\" content=\"Dur\u00e9e de lecture estim\u00e9e\" \/>\n\t<meta name=\"twitter:data1\" content=\"10 minutes\" \/>\n<script type=\"application\/ld+json\" class=\"yoast-schema-graph\">{\"@context\":\"https:\/\/schema.org\",\"@graph\":[{\"@type\":\"WebPage\",\"@id\":\"https:\/\/www.rankmedia.com\/fr\/services\/strategie-numerique\/marketing-influenceurs\/\",\"url\":\"https:\/\/www.rankmedia.com\/fr\/services\/strategie-numerique\/marketing-influenceurs\/\",\"name\":\"Le marketing ax\u00e9 sur les influenceurs | Rank Media\",\"isPartOf\":{\"@id\":\"https:\/\/www.rankmedia.com\/fr\/#website\"},\"datePublished\":\"2019-11-11T21:54:03+00:00\",\"dateModified\":\"2020-05-13T14:43:54+00:00\",\"breadcrumb\":{\"@id\":\"https:\/\/www.rankmedia.com\/fr\/services\/strategie-numerique\/marketing-influenceurs\/#breadcrumb\"},\"inLanguage\":\"fr-FR\",\"potentialAction\":[{\"@type\":\"ReadAction\",\"target\":[\"https:\/\/www.rankmedia.com\/fr\/services\/strategie-numerique\/marketing-influenceurs\/\"]}]},{\"@type\":\"BreadcrumbList\",\"@id\":\"https:\/\/www.rankmedia.com\/fr\/services\/strategie-numerique\/marketing-influenceurs\/#breadcrumb\",\"itemListElement\":[{\"@type\":\"ListItem\",\"position\":1,\"name\":\"Home\",\"item\":\"https:\/\/www.rankmedia.com\/fr\/\"},{\"@type\":\"ListItem\",\"position\":2,\"name\":\"Strat\u00e9gie num\u00e9rique\",\"item\":\"https:\/\/www.rankmedia.com\/fr\/services\/strategie-numerique\/\"},{\"@type\":\"ListItem\",\"position\":3,\"name\":\"Le marketing ax\u00e9 sur les influenceurs\"}]},{\"@type\":\"WebSite\",\"@id\":\"https:\/\/www.rankmedia.com\/fr\/#website\",\"url\":\"https:\/\/www.rankmedia.com\/fr\/\",\"name\":\"Rank Media\",\"description\":\"\",\"potentialAction\":[{\"@type\":\"SearchAction\",\"target\":{\"@type\":\"EntryPoint\",\"urlTemplate\":\"https:\/\/www.rankmedia.com\/fr\/?s={search_term_string}\"},\"query-input\":\"required name=search_term_string\"}],\"inLanguage\":\"fr-FR\"}]}<\/script>\n<!-- \/ Yoast SEO plugin. -->","yoast_head_json":{"title":"Le marketing ax\u00e9 sur les influenceurs | Rank Media","robots":{"index":"index","follow":"follow","max-snippet":"max-snippet:-1","max-image-preview":"max-image-preview:large","max-video-preview":"max-video-preview:-1"},"canonical":"https:\/\/www.rankmedia.com\/fr\/services\/strategie-numerique\/marketing-influenceurs\/","og_locale":"fr_FR","og_type":"article","og_title":"Le marketing ax\u00e9 sur les influenceurs | Rank Media","og_description":"Propulser votre marque \u00e0 l\u2019avant-sc\u00e8ne Le bouche-\u00e0-oreille a longtemps \u00e9t\u00e9 la meilleure fa\u00e7on \u2013 et la plus naturelle \u2013 de g\u00e9n\u00e9rer de nouveaux clients. Le marketing avec les influenceurs est la version moderne et num\u00e9rique de faire les choses.\u00a0\u00a0\u00a0 Les gens font confiance aux gens. Pensez-y. C\u2019est la raison pour laquelle vous consultez les commentaires [&hellip;]","og_url":"https:\/\/www.rankmedia.com\/fr\/services\/strategie-numerique\/marketing-influenceurs\/","og_site_name":"Rank Media","article_publisher":"https:\/\/www.facebook.com\/RankMedia\/","article_modified_time":"2020-05-13T14:43:54+00:00","og_image":[{"width":1200,"height":630,"url":"https:\/\/www.rankmedia.com\/wp-content\/uploads\/2020\/05\/graph-fb2.png","type":"image\/png"}],"twitter_card":"summary_large_image","twitter_site":"@rankmediaagency","twitter_misc":{"Dur\u00e9e de lecture estim\u00e9e":"10 minutes"},"schema":{"@context":"https:\/\/schema.org","@graph":[{"@type":"WebPage","@id":"https:\/\/www.rankmedia.com\/fr\/services\/strategie-numerique\/marketing-influenceurs\/","url":"https:\/\/www.rankmedia.com\/fr\/services\/strategie-numerique\/marketing-influenceurs\/","name":"Le marketing ax\u00e9 sur les influenceurs | Rank Media","isPartOf":{"@id":"https:\/\/www.rankmedia.com\/fr\/#website"},"datePublished":"2019-11-11T21:54:03+00:00","dateModified":"2020-05-13T14:43:54+00:00","breadcrumb":{"@id":"https:\/\/www.rankmedia.com\/fr\/services\/strategie-numerique\/marketing-influenceurs\/#breadcrumb"},"inLanguage":"fr-FR","potentialAction":[{"@type":"ReadAction","target":["https:\/\/www.rankmedia.com\/fr\/services\/strategie-numerique\/marketing-influenceurs\/"]}]},{"@type":"BreadcrumbList","@id":"https:\/\/www.rankmedia.com\/fr\/services\/strategie-numerique\/marketing-influenceurs\/#breadcrumb","itemListElement":[{"@type":"ListItem","position":1,"name":"Home","item":"https:\/\/www.rankmedia.com\/fr\/"},{"@type":"ListItem","position":2,"name":"Strat\u00e9gie num\u00e9rique","item":"https:\/\/www.rankmedia.com\/fr\/services\/strategie-numerique\/"},{"@type":"ListItem","position":3,"name":"Le marketing ax\u00e9 sur les influenceurs"}]},{"@type":"WebSite","@id":"https:\/\/www.rankmedia.com\/fr\/#website","url":"https:\/\/www.rankmedia.com\/fr\/","name":"Rank Media","description":"","potentialAction":[{"@type":"SearchAction","target":{"@type":"EntryPoint","urlTemplate":"https:\/\/www.rankmedia.com\/fr\/?s={search_term_string}"},"query-input":"required name=search_term_string"}],"inLanguage":"fr-FR"}]}},"_links":{"self":[{"href":"https:\/\/www.rankmedia.com\/fr\/wp-json\/wp\/v2\/pages\/1137"}],"collection":[{"href":"https:\/\/www.rankmedia.com\/fr\/wp-json\/wp\/v2\/pages"}],"about":[{"href":"https:\/\/www.rankmedia.com\/fr\/wp-json\/wp\/v2\/types\/page"}],"author":[{"embeddable":true,"href":"https:\/\/www.rankmedia.com\/fr\/wp-json\/wp\/v2\/users\/1"}],"replies":[{"embeddable":true,"href":"https:\/\/www.rankmedia.com\/fr\/wp-json\/wp\/v2\/comments?post=1137"}],"version-history":[{"count":3,"href":"https:\/\/www.rankmedia.com\/fr\/wp-json\/wp\/v2\/pages\/1137\/revisions"}],"predecessor-version":[{"id":2211,"href":"https:\/\/www.rankmedia.com\/fr\/wp-json\/wp\/v2\/pages\/1137\/revisions\/2211"}],"up":[{"embeddable":true,"href":"https:\/\/www.rankmedia.com\/fr\/wp-json\/wp\/v2\/pages\/1149"}],"wp:attachment":[{"href":"https:\/\/www.rankmedia.com\/fr\/wp-json\/wp\/v2\/media?parent=1137"}],"curies":[{"name":"wp","href":"https:\/\/api.w.org\/{rel}","templated":true}]}}