{"id":1125,"date":"2019-11-11T22:00:43","date_gmt":"2019-11-11T22:00:43","guid":{"rendered":"https:\/\/www.rankmedia.com\/web-design-ux\/"},"modified":"2020-04-24T15:14:54","modified_gmt":"2020-04-24T15:14:54","slug":"web-design-ux","status":"publish","type":"page","link":"https:\/\/www.rankmedia.com\/fr\/services\/sites-web-commerce-ux\/design-web\/","title":{"rendered":"Design Web"},"content":{"rendered":"<p><span style=\"font-weight: 400;\">Un concept UX qui laissera sa marque est bien plus qu\u2019un site Web rempli d\u2019effets tapageurs. \u00c0 l\u2019aide d\u2019une analyse approfondie de d\u00e9couverte de marque, nous pourrons d\u00e9finir les d\u00e9sirs et les besoins r\u00e9els de vos utilisateurs et pr\u00e9ciser ce qu\u2019ils attendent de leur relation avec votre entreprise.\u00a0\u00a0\u00a0\u00a0<\/span><\/p>\n<p><span style=\"font-weight: 400;\">Nos experts en conception de sites Web cr\u00e9ent et mettent en ligne des sites personnalis\u00e9s qui suscitent la mobilisation et qui vous permettent de vous connecter r\u00e9ellement avec votre auditoire pour mieux vendre vos produits et vos services et bien communiquer vos propositions de valeur.\u00a0\u00a0\u00a0\u00a0<\/span><\/p>\n<p><span style=\"font-weight: 400;\">De la phase de conception initiale jusqu\u2019au design visuel, au d\u00e9veloppement et au lancement, nous nous assurerons que votre site Web offre une exp\u00e9rience utilisateur qui convertira le plus grand nombre de consommateurs possible et qui les fid\u00e9lisera.\u00a0\u00a0<\/span><\/p>\n<h2>Concepts pour t\u00e9l\u00e9phone intelligent<\/h2>\n<p><span style=\"font-weight: 400;\">En 2018, plus de 60\u00a0% des recherches \u00e9taient effectu\u00e9es \u00e0 l\u2019aide d\u2019un t\u00e9l\u00e9phone ou d\u2019une tablette. Toute entreprise qui ne met pas de l\u2019avant une approche \u00ab\u2009mobile d\u2019abord\u2009\u00bb risque de se retrouver sur le carreau et de voir son achalandage et son taux de conversion diminuer de jour en jour. En vous assurant que vos clients seront en mesure de vous trouver facilement avec leur t\u00e9l\u00e9phone ou leur tablette, votre classement dans les r\u00e9sultats de recherche et votre marge brute iront en progressant.\u00a0\u00a0\u00a0\u00a0<\/span><\/p>\n<h2>Concepts adapt\u00e9s \u00e0 la SEO<\/h2>\n<p><span style=\"font-weight: 400;\">Les r\u00e8gles et les directives entourant le r\u00e9f\u00e9rencement naturel, ou SEO (pour \u00ab\u2009search engine optimization\u2009\u00bb) \u00e9voluent constamment et encore plus vite que vous l\u2019imaginez. Notre travail consiste \u00e0 garder un \u0153il attentif sur cette \u00e9volution et \u00e0 demeure bien au fait des nouvelles normes et des changements qui permettent d\u2019\u00eatre toujours \u00e0 l\u2019avant-garde des pratiques exemplaires en SEO.\u00a0<\/span><\/p>\n","protected":false},"excerpt":{"rendered":"<p>Un concept UX qui laissera sa marque est bien plus qu\u2019un site Web rempli d\u2019effets tapageurs. \u00c0 l\u2019aide d\u2019une analyse approfondie de d\u00e9couverte de marque, nous pourrons d\u00e9finir les d\u00e9sirs et les besoins r\u00e9els de vos utilisateurs et pr\u00e9ciser ce qu\u2019ils attendent de leur relation avec votre entreprise.\u00a0\u00a0\u00a0\u00a0 Nos experts en conception de sites Web [&hellip;]<\/p>\n","protected":false},"author":1,"featured_media":0,"parent":1126,"menu_order":0,"comment_status":"closed","ping_status":"closed","template":"template-services-page.php","meta":{"_acf_changed":false,"footnotes":""},"acf":[],"yoast_head":"<!-- This site is optimized with the Yoast SEO plugin v21.6 - https:\/\/yoast.com\/wordpress\/plugins\/seo\/ -->\n<title>Design Cr\u00e9atif | Agence Rank M\u00e9dia<\/title>\n<meta name=\"description\" content=\"800-915-7990 Agence Rank M\u00e9dia est une agence internationale sp\u00e9cialis\u00e9e dans tous les aspects du marketing num\u00e9rique et Design du site et d\u00e9veloppement.\" \/>\n<meta name=\"robots\" content=\"index, follow, max-snippet:-1, max-image-preview:large, max-video-preview:-1\" \/>\n<link rel=\"canonical\" href=\"https:\/\/www.rankmedia.com\/fr\/services\/sites-web-commerce-ux\/design-web\/\" \/>\n<meta property=\"og:locale\" content=\"fr_FR\" \/>\n<meta property=\"og:type\" content=\"article\" \/>\n<meta property=\"og:title\" content=\"Design Cr\u00e9atif | Agence Rank M\u00e9dia\" \/>\n<meta property=\"og:description\" content=\"800-915-7990 Agence Rank M\u00e9dia est une agence internationale sp\u00e9cialis\u00e9e dans tous les aspects du marketing num\u00e9rique et Design du site et d\u00e9veloppement.\" \/>\n<meta property=\"og:url\" content=\"https:\/\/www.rankmedia.com\/fr\/services\/sites-web-commerce-ux\/design-web\/\" \/>\n<meta property=\"og:site_name\" content=\"Rank Media\" \/>\n<meta property=\"article:publisher\" content=\"https:\/\/www.facebook.com\/RankMedia\/\" \/>\n<meta property=\"article:modified_time\" content=\"2020-04-24T15:14:54+00:00\" \/>\n<meta property=\"og:image\" content=\"https:\/\/www.rankmedia.com\/wp-content\/uploads\/2020\/05\/graph-fb2.png\" \/>\n\t<meta property=\"og:image:width\" content=\"1200\" \/>\n\t<meta property=\"og:image:height\" content=\"630\" \/>\n\t<meta property=\"og:image:type\" content=\"image\/png\" \/>\n<meta name=\"twitter:card\" content=\"summary_large_image\" \/>\n<meta name=\"twitter:site\" content=\"@rankmediaagency\" \/>\n<meta name=\"twitter:label1\" content=\"Dur\u00e9e de lecture estim\u00e9e\" \/>\n\t<meta name=\"twitter:data1\" content=\"2 minutes\" \/>\n<script type=\"application\/ld+json\" class=\"yoast-schema-graph\">{\"@context\":\"https:\/\/schema.org\",\"@graph\":[{\"@type\":\"WebPage\",\"@id\":\"https:\/\/www.rankmedia.com\/fr\/services\/sites-web-commerce-ux\/design-web\/\",\"url\":\"https:\/\/www.rankmedia.com\/fr\/services\/sites-web-commerce-ux\/design-web\/\",\"name\":\"Design Cr\u00e9atif | Agence Rank M\u00e9dia\",\"isPartOf\":{\"@id\":\"https:\/\/www.rankmedia.com\/fr\/#website\"},\"datePublished\":\"2019-11-11T22:00:43+00:00\",\"dateModified\":\"2020-04-24T15:14:54+00:00\",\"description\":\"800-915-7990 Agence Rank M\u00e9dia est une agence internationale sp\u00e9cialis\u00e9e dans tous les aspects du marketing num\u00e9rique et Design du site et d\u00e9veloppement.\",\"breadcrumb\":{\"@id\":\"https:\/\/www.rankmedia.com\/fr\/services\/sites-web-commerce-ux\/design-web\/#breadcrumb\"},\"inLanguage\":\"fr-FR\",\"potentialAction\":[{\"@type\":\"ReadAction\",\"target\":[\"https:\/\/www.rankmedia.com\/fr\/services\/sites-web-commerce-ux\/design-web\/\"]}]},{\"@type\":\"BreadcrumbList\",\"@id\":\"https:\/\/www.rankmedia.com\/fr\/services\/sites-web-commerce-ux\/design-web\/#breadcrumb\",\"itemListElement\":[{\"@type\":\"ListItem\",\"position\":1,\"name\":\"Home\",\"item\":\"https:\/\/www.rankmedia.com\/fr\/\"},{\"@type\":\"ListItem\",\"position\":2,\"name\":\"Sites Web, commerce \u00e9lectronique et UX\",\"item\":\"https:\/\/www.rankmedia.com\/fr\/services\/sites-web-commerce-ux\/\"},{\"@type\":\"ListItem\",\"position\":3,\"name\":\"Design Web\"}]},{\"@type\":\"WebSite\",\"@id\":\"https:\/\/www.rankmedia.com\/fr\/#website\",\"url\":\"https:\/\/www.rankmedia.com\/fr\/\",\"name\":\"Rank Media\",\"description\":\"\",\"potentialAction\":[{\"@type\":\"SearchAction\",\"target\":{\"@type\":\"EntryPoint\",\"urlTemplate\":\"https:\/\/www.rankmedia.com\/fr\/?s={search_term_string}\"},\"query-input\":\"required name=search_term_string\"}],\"inLanguage\":\"fr-FR\"}]}<\/script>\n<!-- \/ Yoast SEO plugin. -->","yoast_head_json":{"title":"Design Cr\u00e9atif | Agence Rank M\u00e9dia","description":"800-915-7990 Agence Rank M\u00e9dia est une agence internationale sp\u00e9cialis\u00e9e dans tous les aspects du marketing num\u00e9rique et Design du site et d\u00e9veloppement.","robots":{"index":"index","follow":"follow","max-snippet":"max-snippet:-1","max-image-preview":"max-image-preview:large","max-video-preview":"max-video-preview:-1"},"canonical":"https:\/\/www.rankmedia.com\/fr\/services\/sites-web-commerce-ux\/design-web\/","og_locale":"fr_FR","og_type":"article","og_title":"Design Cr\u00e9atif | Agence Rank M\u00e9dia","og_description":"800-915-7990 Agence Rank M\u00e9dia est une agence internationale sp\u00e9cialis\u00e9e dans tous les aspects du marketing num\u00e9rique et Design du site et d\u00e9veloppement.","og_url":"https:\/\/www.rankmedia.com\/fr\/services\/sites-web-commerce-ux\/design-web\/","og_site_name":"Rank Media","article_publisher":"https:\/\/www.facebook.com\/RankMedia\/","article_modified_time":"2020-04-24T15:14:54+00:00","og_image":[{"width":1200,"height":630,"url":"https:\/\/www.rankmedia.com\/wp-content\/uploads\/2020\/05\/graph-fb2.png","type":"image\/png"}],"twitter_card":"summary_large_image","twitter_site":"@rankmediaagency","twitter_misc":{"Dur\u00e9e de lecture estim\u00e9e":"2 minutes"},"schema":{"@context":"https:\/\/schema.org","@graph":[{"@type":"WebPage","@id":"https:\/\/www.rankmedia.com\/fr\/services\/sites-web-commerce-ux\/design-web\/","url":"https:\/\/www.rankmedia.com\/fr\/services\/sites-web-commerce-ux\/design-web\/","name":"Design Cr\u00e9atif | Agence Rank M\u00e9dia","isPartOf":{"@id":"https:\/\/www.rankmedia.com\/fr\/#website"},"datePublished":"2019-11-11T22:00:43+00:00","dateModified":"2020-04-24T15:14:54+00:00","description":"800-915-7990 Agence Rank M\u00e9dia est une agence internationale sp\u00e9cialis\u00e9e dans tous les aspects du marketing num\u00e9rique et Design du site et d\u00e9veloppement.","breadcrumb":{"@id":"https:\/\/www.rankmedia.com\/fr\/services\/sites-web-commerce-ux\/design-web\/#breadcrumb"},"inLanguage":"fr-FR","potentialAction":[{"@type":"ReadAction","target":["https:\/\/www.rankmedia.com\/fr\/services\/sites-web-commerce-ux\/design-web\/"]}]},{"@type":"BreadcrumbList","@id":"https:\/\/www.rankmedia.com\/fr\/services\/sites-web-commerce-ux\/design-web\/#breadcrumb","itemListElement":[{"@type":"ListItem","position":1,"name":"Home","item":"https:\/\/www.rankmedia.com\/fr\/"},{"@type":"ListItem","position":2,"name":"Sites Web, commerce \u00e9lectronique et UX","item":"https:\/\/www.rankmedia.com\/fr\/services\/sites-web-commerce-ux\/"},{"@type":"ListItem","position":3,"name":"Design Web"}]},{"@type":"WebSite","@id":"https:\/\/www.rankmedia.com\/fr\/#website","url":"https:\/\/www.rankmedia.com\/fr\/","name":"Rank Media","description":"","potentialAction":[{"@type":"SearchAction","target":{"@type":"EntryPoint","urlTemplate":"https:\/\/www.rankmedia.com\/fr\/?s={search_term_string}"},"query-input":"required name=search_term_string"}],"inLanguage":"fr-FR"}]}},"_links":{"self":[{"href":"https:\/\/www.rankmedia.com\/fr\/wp-json\/wp\/v2\/pages\/1125"}],"collection":[{"href":"https:\/\/www.rankmedia.com\/fr\/wp-json\/wp\/v2\/pages"}],"about":[{"href":"https:\/\/www.rankmedia.com\/fr\/wp-json\/wp\/v2\/types\/page"}],"author":[{"embeddable":true,"href":"https:\/\/www.rankmedia.com\/fr\/wp-json\/wp\/v2\/users\/1"}],"replies":[{"embeddable":true,"href":"https:\/\/www.rankmedia.com\/fr\/wp-json\/wp\/v2\/comments?post=1125"}],"version-history":[{"count":1,"href":"https:\/\/www.rankmedia.com\/fr\/wp-json\/wp\/v2\/pages\/1125\/revisions"}],"predecessor-version":[{"id":1496,"href":"https:\/\/www.rankmedia.com\/fr\/wp-json\/wp\/v2\/pages\/1125\/revisions\/1496"}],"up":[{"embeddable":true,"href":"https:\/\/www.rankmedia.com\/fr\/wp-json\/wp\/v2\/pages\/1126"}],"wp:attachment":[{"href":"https:\/\/www.rankmedia.com\/fr\/wp-json\/wp\/v2\/media?parent=1125"}],"curies":[{"name":"wp","href":"https:\/\/api.w.org\/{rel}","templated":true}]}}