{"id":1123,"date":"2019-11-11T22:01:50","date_gmt":"2019-11-11T22:01:50","guid":{"rendered":"https:\/\/www.rankmedia.com\/content-management-systems\/"},"modified":"2020-05-13T15:14:55","modified_gmt":"2020-05-13T15:14:55","slug":"content-management-systems","status":"publish","type":"page","link":"https:\/\/www.rankmedia.com\/fr\/services\/sites-web-commerce-ux\/cms\/","title":{"rendered":"Mise sur pied de CMS"},"content":{"rendered":"<p><span style=\"font-weight: 400;\">Dotez votre \u00e9quipe du meilleur CMS \u2013 outil de gestion de contenu \u2013 qui stimulera la productivit\u00e9, accomplira des t\u00e2ches automatiquement et simplifiera l\u2019environnement complexe du Web.\u00a0\u00a0<\/span><\/p>\n<p><span style=\"font-weight: 400;\">En privil\u00e9giant la performance optimis\u00e9e et les pratiques exemplaires en SEO, Rank d\u00e9ploiera et personnalisera votre syst\u00e8me de gestion de contenu en lui attribuant des caract\u00e9ristiques propres, ajout\u00e9es express\u00e9ment pour r\u00e9pondre aux besoins de votre entreprise.\u00a0\u00a0\u00a0<\/span><\/p>\n<p><span style=\"font-weight: 400;\">Con\u00e7u \u00e0 l\u2019aide des meilleures plateformes de technologie pour CMS, votre site fonctionnera ais\u00e9ment et sera toujours pr\u00eat \u00e0 faire face \u00e0 la croissance. Nous veillons \u00e0 ce que le UX pour votre CMS s\u2019ajuste comme un gant \u00e0 votre mod\u00e8le d\u2019affaires et convienne aussi aux types de contenu et d\u2019attributs dont votre \u00e9quipe a besoin.\u00a0\u00a0<\/span><\/p>\n","protected":false},"excerpt":{"rendered":"<p>Dotez votre \u00e9quipe du meilleur CMS \u2013 outil de gestion de contenu \u2013 qui stimulera la productivit\u00e9, accomplira des t\u00e2ches automatiquement et simplifiera l\u2019environnement complexe du Web.\u00a0\u00a0 En privil\u00e9giant la performance optimis\u00e9e et les pratiques exemplaires en SEO, Rank d\u00e9ploiera et personnalisera votre syst\u00e8me de gestion de contenu en lui attribuant des caract\u00e9ristiques propres, ajout\u00e9es [&hellip;]<\/p>\n","protected":false},"author":1,"featured_media":0,"parent":1126,"menu_order":0,"comment_status":"closed","ping_status":"closed","template":"template-services-page.php","meta":{"_acf_changed":false,"footnotes":""},"acf":[],"yoast_head":"<!-- This site is optimized with the Yoast SEO plugin v21.6 - https:\/\/yoast.com\/wordpress\/plugins\/seo\/ -->\n<title>Mise sur pied de CMS | Rank Media<\/title>\n<meta name=\"robots\" content=\"index, follow, max-snippet:-1, max-image-preview:large, max-video-preview:-1\" \/>\n<link rel=\"canonical\" href=\"https:\/\/www.rankmedia.com\/fr\/services\/sites-web-commerce-ux\/cms\/\" \/>\n<meta property=\"og:locale\" content=\"fr_FR\" \/>\n<meta property=\"og:type\" content=\"article\" \/>\n<meta property=\"og:title\" content=\"Mise sur pied de CMS | Rank Media\" \/>\n<meta property=\"og:description\" content=\"Dotez votre \u00e9quipe du meilleur CMS \u2013 outil de gestion de contenu \u2013 qui stimulera la productivit\u00e9, accomplira des t\u00e2ches automatiquement et simplifiera l\u2019environnement complexe du Web.\u00a0\u00a0 En privil\u00e9giant la performance optimis\u00e9e et les pratiques exemplaires en SEO, Rank d\u00e9ploiera et personnalisera votre syst\u00e8me de gestion de contenu en lui attribuant des caract\u00e9ristiques propres, ajout\u00e9es [&hellip;]\" \/>\n<meta property=\"og:url\" content=\"https:\/\/www.rankmedia.com\/fr\/services\/sites-web-commerce-ux\/cms\/\" \/>\n<meta property=\"og:site_name\" content=\"Rank Media\" \/>\n<meta property=\"article:publisher\" content=\"https:\/\/www.facebook.com\/RankMedia\/\" \/>\n<meta property=\"article:modified_time\" content=\"2020-05-13T15:14:55+00:00\" \/>\n<meta property=\"og:image\" content=\"https:\/\/www.rankmedia.com\/wp-content\/uploads\/2020\/05\/graph-fb2.png\" \/>\n\t<meta property=\"og:image:width\" content=\"1200\" \/>\n\t<meta property=\"og:image:height\" content=\"630\" \/>\n\t<meta property=\"og:image:type\" content=\"image\/png\" \/>\n<meta name=\"twitter:card\" content=\"summary_large_image\" \/>\n<meta name=\"twitter:site\" content=\"@rankmediaagency\" \/>\n<meta name=\"twitter:label1\" content=\"Dur\u00e9e de lecture estim\u00e9e\" \/>\n\t<meta name=\"twitter:data1\" content=\"1 minute\" \/>\n<script type=\"application\/ld+json\" class=\"yoast-schema-graph\">{\"@context\":\"https:\/\/schema.org\",\"@graph\":[{\"@type\":\"WebPage\",\"@id\":\"https:\/\/www.rankmedia.com\/fr\/services\/sites-web-commerce-ux\/cms\/\",\"url\":\"https:\/\/www.rankmedia.com\/fr\/services\/sites-web-commerce-ux\/cms\/\",\"name\":\"Mise sur pied de CMS | Rank Media\",\"isPartOf\":{\"@id\":\"https:\/\/www.rankmedia.com\/fr\/#website\"},\"datePublished\":\"2019-11-11T22:01:50+00:00\",\"dateModified\":\"2020-05-13T15:14:55+00:00\",\"breadcrumb\":{\"@id\":\"https:\/\/www.rankmedia.com\/fr\/services\/sites-web-commerce-ux\/cms\/#breadcrumb\"},\"inLanguage\":\"fr-FR\",\"potentialAction\":[{\"@type\":\"ReadAction\",\"target\":[\"https:\/\/www.rankmedia.com\/fr\/services\/sites-web-commerce-ux\/cms\/\"]}]},{\"@type\":\"BreadcrumbList\",\"@id\":\"https:\/\/www.rankmedia.com\/fr\/services\/sites-web-commerce-ux\/cms\/#breadcrumb\",\"itemListElement\":[{\"@type\":\"ListItem\",\"position\":1,\"name\":\"Home\",\"item\":\"https:\/\/www.rankmedia.com\/fr\/\"},{\"@type\":\"ListItem\",\"position\":2,\"name\":\"Sites Web, commerce \u00e9lectronique et UX\",\"item\":\"https:\/\/www.rankmedia.com\/fr\/services\/sites-web-commerce-ux\/\"},{\"@type\":\"ListItem\",\"position\":3,\"name\":\"Mise sur pied de CMS\"}]},{\"@type\":\"WebSite\",\"@id\":\"https:\/\/www.rankmedia.com\/fr\/#website\",\"url\":\"https:\/\/www.rankmedia.com\/fr\/\",\"name\":\"Rank Media\",\"description\":\"\",\"potentialAction\":[{\"@type\":\"SearchAction\",\"target\":{\"@type\":\"EntryPoint\",\"urlTemplate\":\"https:\/\/www.rankmedia.com\/fr\/?s={search_term_string}\"},\"query-input\":\"required name=search_term_string\"}],\"inLanguage\":\"fr-FR\"}]}<\/script>\n<!-- \/ Yoast SEO plugin. -->","yoast_head_json":{"title":"Mise sur pied de CMS | Rank Media","robots":{"index":"index","follow":"follow","max-snippet":"max-snippet:-1","max-image-preview":"max-image-preview:large","max-video-preview":"max-video-preview:-1"},"canonical":"https:\/\/www.rankmedia.com\/fr\/services\/sites-web-commerce-ux\/cms\/","og_locale":"fr_FR","og_type":"article","og_title":"Mise sur pied de CMS | Rank Media","og_description":"Dotez votre \u00e9quipe du meilleur CMS \u2013 outil de gestion de contenu \u2013 qui stimulera la productivit\u00e9, accomplira des t\u00e2ches automatiquement et simplifiera l\u2019environnement complexe du Web.\u00a0\u00a0 En privil\u00e9giant la performance optimis\u00e9e et les pratiques exemplaires en SEO, Rank d\u00e9ploiera et personnalisera votre syst\u00e8me de gestion de contenu en lui attribuant des caract\u00e9ristiques propres, ajout\u00e9es [&hellip;]","og_url":"https:\/\/www.rankmedia.com\/fr\/services\/sites-web-commerce-ux\/cms\/","og_site_name":"Rank Media","article_publisher":"https:\/\/www.facebook.com\/RankMedia\/","article_modified_time":"2020-05-13T15:14:55+00:00","og_image":[{"width":1200,"height":630,"url":"https:\/\/www.rankmedia.com\/wp-content\/uploads\/2020\/05\/graph-fb2.png","type":"image\/png"}],"twitter_card":"summary_large_image","twitter_site":"@rankmediaagency","twitter_misc":{"Dur\u00e9e de lecture estim\u00e9e":"1 minute"},"schema":{"@context":"https:\/\/schema.org","@graph":[{"@type":"WebPage","@id":"https:\/\/www.rankmedia.com\/fr\/services\/sites-web-commerce-ux\/cms\/","url":"https:\/\/www.rankmedia.com\/fr\/services\/sites-web-commerce-ux\/cms\/","name":"Mise sur pied de CMS | Rank Media","isPartOf":{"@id":"https:\/\/www.rankmedia.com\/fr\/#website"},"datePublished":"2019-11-11T22:01:50+00:00","dateModified":"2020-05-13T15:14:55+00:00","breadcrumb":{"@id":"https:\/\/www.rankmedia.com\/fr\/services\/sites-web-commerce-ux\/cms\/#breadcrumb"},"inLanguage":"fr-FR","potentialAction":[{"@type":"ReadAction","target":["https:\/\/www.rankmedia.com\/fr\/services\/sites-web-commerce-ux\/cms\/"]}]},{"@type":"BreadcrumbList","@id":"https:\/\/www.rankmedia.com\/fr\/services\/sites-web-commerce-ux\/cms\/#breadcrumb","itemListElement":[{"@type":"ListItem","position":1,"name":"Home","item":"https:\/\/www.rankmedia.com\/fr\/"},{"@type":"ListItem","position":2,"name":"Sites Web, commerce \u00e9lectronique et UX","item":"https:\/\/www.rankmedia.com\/fr\/services\/sites-web-commerce-ux\/"},{"@type":"ListItem","position":3,"name":"Mise sur pied de CMS"}]},{"@type":"WebSite","@id":"https:\/\/www.rankmedia.com\/fr\/#website","url":"https:\/\/www.rankmedia.com\/fr\/","name":"Rank Media","description":"","potentialAction":[{"@type":"SearchAction","target":{"@type":"EntryPoint","urlTemplate":"https:\/\/www.rankmedia.com\/fr\/?s={search_term_string}"},"query-input":"required name=search_term_string"}],"inLanguage":"fr-FR"}]}},"_links":{"self":[{"href":"https:\/\/www.rankmedia.com\/fr\/wp-json\/wp\/v2\/pages\/1123"}],"collection":[{"href":"https:\/\/www.rankmedia.com\/fr\/wp-json\/wp\/v2\/pages"}],"about":[{"href":"https:\/\/www.rankmedia.com\/fr\/wp-json\/wp\/v2\/types\/page"}],"author":[{"embeddable":true,"href":"https:\/\/www.rankmedia.com\/fr\/wp-json\/wp\/v2\/users\/1"}],"replies":[{"embeddable":true,"href":"https:\/\/www.rankmedia.com\/fr\/wp-json\/wp\/v2\/comments?post=1123"}],"version-history":[{"count":2,"href":"https:\/\/www.rankmedia.com\/fr\/wp-json\/wp\/v2\/pages\/1123\/revisions"}],"predecessor-version":[{"id":2227,"href":"https:\/\/www.rankmedia.com\/fr\/wp-json\/wp\/v2\/pages\/1123\/revisions\/2227"}],"up":[{"embeddable":true,"href":"https:\/\/www.rankmedia.com\/fr\/wp-json\/wp\/v2\/pages\/1126"}],"wp:attachment":[{"href":"https:\/\/www.rankmedia.com\/fr\/wp-json\/wp\/v2\/media?parent=1123"}],"curies":[{"name":"wp","href":"https:\/\/api.w.org\/{rel}","templated":true}]}}