{"id":1122,"date":"2019-11-11T22:02:21","date_gmt":"2019-11-11T22:02:21","guid":{"rendered":"https:\/\/www.rankmedia.com\/front-end-website-development\/"},"modified":"2020-04-24T15:19:28","modified_gmt":"2020-04-24T15:19:28","slug":"front-end-website-development","status":"publish","type":"page","link":"https:\/\/www.rankmedia.com\/fr\/services\/sites-web-commerce-ux\/developpement-de-premiere-ligne\/","title":{"rendered":"D\u00e9veloppement de premi\u00e8re ligne"},"content":{"rendered":"<p><span style=\"font-weight: 400;\">Nous cr\u00e9ons des sites Web attrayants qui faciliteront la conversion \u00e0 partir de t\u00e9l\u00e9phones ou d\u2019ordinateurs de bureau. Nos codes en HTML, CSS, et JavaScript sont exempts d\u2019erreurs et respectent les normes Web et int\u00e8grent les plus r\u00e9centes pratiques exemplaires en SEO.\u00a0\u00a0<\/span><\/p>\n<p><span style=\"font-weight: 400;\">Des sites Web complets aux campagnes avec page de renvoi, notre \u00e9quipe de premi\u00e8re ligne pour la cr\u00e9ation de sites Web veille \u00e0 offrir \u00e0 vos clients une exp\u00e9rience positive avant, pendant et apr\u00e8s la vente afin de favoriser leur fid\u00e9lisation.\u00a0\u00a0<\/span><\/p>\n","protected":false},"excerpt":{"rendered":"<p>Nous cr\u00e9ons des sites Web attrayants qui faciliteront la conversion \u00e0 partir de t\u00e9l\u00e9phones ou d\u2019ordinateurs de bureau. Nos codes en HTML, CSS, et JavaScript sont exempts d\u2019erreurs et respectent les normes Web et int\u00e8grent les plus r\u00e9centes pratiques exemplaires en SEO.\u00a0\u00a0 Des sites Web complets aux campagnes avec page de renvoi, notre \u00e9quipe de [&hellip;]<\/p>\n","protected":false},"author":1,"featured_media":0,"parent":1126,"menu_order":0,"comment_status":"closed","ping_status":"closed","template":"template-services-page.php","meta":{"_acf_changed":false,"footnotes":""},"acf":[],"yoast_head":"<!-- This site is optimized with the Yoast SEO plugin v21.6 - https:\/\/yoast.com\/wordpress\/plugins\/seo\/ -->\n<title>D\u00e9veloppement | Agence Rank M\u00e9dia<\/title>\n<meta name=\"description\" content=\"Agence Rank M\u00e9dia, Filiale de SEO Brand et bas\u00e9e \u00e0 Montr\u00e9al, est une agence internationale sp\u00e9cialis\u00e9e dans tous les aspects du marketing num\u00e9rique comme d\u00e9veloppement\" \/>\n<meta name=\"robots\" content=\"index, follow, max-snippet:-1, max-image-preview:large, max-video-preview:-1\" \/>\n<link rel=\"canonical\" href=\"https:\/\/www.rankmedia.com\/fr\/services\/sites-web-commerce-ux\/developpement-de-premiere-ligne\/\" \/>\n<meta property=\"og:locale\" content=\"fr_FR\" \/>\n<meta property=\"og:type\" content=\"article\" \/>\n<meta property=\"og:title\" content=\"D\u00e9veloppement | Agence Rank M\u00e9dia\" \/>\n<meta property=\"og:description\" content=\"Agence Rank M\u00e9dia, Filiale de SEO Brand et bas\u00e9e \u00e0 Montr\u00e9al, est une agence internationale sp\u00e9cialis\u00e9e dans tous les aspects du marketing num\u00e9rique comme d\u00e9veloppement\" \/>\n<meta property=\"og:url\" content=\"https:\/\/www.rankmedia.com\/fr\/services\/sites-web-commerce-ux\/developpement-de-premiere-ligne\/\" \/>\n<meta property=\"og:site_name\" content=\"Rank Media\" \/>\n<meta property=\"article:publisher\" content=\"https:\/\/www.facebook.com\/RankMedia\/\" \/>\n<meta property=\"article:modified_time\" content=\"2020-04-24T15:19:28+00:00\" \/>\n<meta property=\"og:image\" content=\"https:\/\/www.rankmedia.com\/wp-content\/uploads\/2020\/05\/graph-fb2.png\" \/>\n\t<meta property=\"og:image:width\" content=\"1200\" \/>\n\t<meta property=\"og:image:height\" content=\"630\" \/>\n\t<meta property=\"og:image:type\" content=\"image\/png\" \/>\n<meta name=\"twitter:card\" content=\"summary_large_image\" \/>\n<meta name=\"twitter:site\" content=\"@rankmediaagency\" \/>\n<script type=\"application\/ld+json\" class=\"yoast-schema-graph\">{\"@context\":\"https:\/\/schema.org\",\"@graph\":[{\"@type\":\"WebPage\",\"@id\":\"https:\/\/www.rankmedia.com\/fr\/services\/sites-web-commerce-ux\/developpement-de-premiere-ligne\/\",\"url\":\"https:\/\/www.rankmedia.com\/fr\/services\/sites-web-commerce-ux\/developpement-de-premiere-ligne\/\",\"name\":\"D\u00e9veloppement | Agence Rank M\u00e9dia\",\"isPartOf\":{\"@id\":\"https:\/\/www.rankmedia.com\/fr\/#website\"},\"datePublished\":\"2019-11-11T22:02:21+00:00\",\"dateModified\":\"2020-04-24T15:19:28+00:00\",\"description\":\"Agence Rank M\u00e9dia, Filiale de SEO Brand et bas\u00e9e \u00e0 Montr\u00e9al, est une agence internationale sp\u00e9cialis\u00e9e dans tous les aspects du marketing num\u00e9rique comme d\u00e9veloppement\",\"breadcrumb\":{\"@id\":\"https:\/\/www.rankmedia.com\/fr\/services\/sites-web-commerce-ux\/developpement-de-premiere-ligne\/#breadcrumb\"},\"inLanguage\":\"fr-FR\",\"potentialAction\":[{\"@type\":\"ReadAction\",\"target\":[\"https:\/\/www.rankmedia.com\/fr\/services\/sites-web-commerce-ux\/developpement-de-premiere-ligne\/\"]}]},{\"@type\":\"BreadcrumbList\",\"@id\":\"https:\/\/www.rankmedia.com\/fr\/services\/sites-web-commerce-ux\/developpement-de-premiere-ligne\/#breadcrumb\",\"itemListElement\":[{\"@type\":\"ListItem\",\"position\":1,\"name\":\"Home\",\"item\":\"https:\/\/www.rankmedia.com\/fr\/\"},{\"@type\":\"ListItem\",\"position\":2,\"name\":\"Sites Web, commerce \u00e9lectronique et UX\",\"item\":\"https:\/\/www.rankmedia.com\/fr\/services\/sites-web-commerce-ux\/\"},{\"@type\":\"ListItem\",\"position\":3,\"name\":\"D\u00e9veloppement de premi\u00e8re ligne\"}]},{\"@type\":\"WebSite\",\"@id\":\"https:\/\/www.rankmedia.com\/fr\/#website\",\"url\":\"https:\/\/www.rankmedia.com\/fr\/\",\"name\":\"Rank Media\",\"description\":\"\",\"potentialAction\":[{\"@type\":\"SearchAction\",\"target\":{\"@type\":\"EntryPoint\",\"urlTemplate\":\"https:\/\/www.rankmedia.com\/fr\/?s={search_term_string}\"},\"query-input\":\"required name=search_term_string\"}],\"inLanguage\":\"fr-FR\"}]}<\/script>\n<!-- \/ Yoast SEO plugin. -->","yoast_head_json":{"title":"D\u00e9veloppement | Agence Rank M\u00e9dia","description":"Agence Rank M\u00e9dia, Filiale de SEO Brand et bas\u00e9e \u00e0 Montr\u00e9al, est une agence internationale sp\u00e9cialis\u00e9e dans tous les aspects du marketing num\u00e9rique comme d\u00e9veloppement","robots":{"index":"index","follow":"follow","max-snippet":"max-snippet:-1","max-image-preview":"max-image-preview:large","max-video-preview":"max-video-preview:-1"},"canonical":"https:\/\/www.rankmedia.com\/fr\/services\/sites-web-commerce-ux\/developpement-de-premiere-ligne\/","og_locale":"fr_FR","og_type":"article","og_title":"D\u00e9veloppement | Agence Rank M\u00e9dia","og_description":"Agence Rank M\u00e9dia, Filiale de SEO Brand et bas\u00e9e \u00e0 Montr\u00e9al, est une agence internationale sp\u00e9cialis\u00e9e dans tous les aspects du marketing num\u00e9rique comme d\u00e9veloppement","og_url":"https:\/\/www.rankmedia.com\/fr\/services\/sites-web-commerce-ux\/developpement-de-premiere-ligne\/","og_site_name":"Rank Media","article_publisher":"https:\/\/www.facebook.com\/RankMedia\/","article_modified_time":"2020-04-24T15:19:28+00:00","og_image":[{"width":1200,"height":630,"url":"https:\/\/www.rankmedia.com\/wp-content\/uploads\/2020\/05\/graph-fb2.png","type":"image\/png"}],"twitter_card":"summary_large_image","twitter_site":"@rankmediaagency","schema":{"@context":"https:\/\/schema.org","@graph":[{"@type":"WebPage","@id":"https:\/\/www.rankmedia.com\/fr\/services\/sites-web-commerce-ux\/developpement-de-premiere-ligne\/","url":"https:\/\/www.rankmedia.com\/fr\/services\/sites-web-commerce-ux\/developpement-de-premiere-ligne\/","name":"D\u00e9veloppement | Agence Rank M\u00e9dia","isPartOf":{"@id":"https:\/\/www.rankmedia.com\/fr\/#website"},"datePublished":"2019-11-11T22:02:21+00:00","dateModified":"2020-04-24T15:19:28+00:00","description":"Agence Rank M\u00e9dia, Filiale de SEO Brand et bas\u00e9e \u00e0 Montr\u00e9al, est une agence internationale sp\u00e9cialis\u00e9e dans tous les aspects du marketing num\u00e9rique comme d\u00e9veloppement","breadcrumb":{"@id":"https:\/\/www.rankmedia.com\/fr\/services\/sites-web-commerce-ux\/developpement-de-premiere-ligne\/#breadcrumb"},"inLanguage":"fr-FR","potentialAction":[{"@type":"ReadAction","target":["https:\/\/www.rankmedia.com\/fr\/services\/sites-web-commerce-ux\/developpement-de-premiere-ligne\/"]}]},{"@type":"BreadcrumbList","@id":"https:\/\/www.rankmedia.com\/fr\/services\/sites-web-commerce-ux\/developpement-de-premiere-ligne\/#breadcrumb","itemListElement":[{"@type":"ListItem","position":1,"name":"Home","item":"https:\/\/www.rankmedia.com\/fr\/"},{"@type":"ListItem","position":2,"name":"Sites Web, commerce \u00e9lectronique et UX","item":"https:\/\/www.rankmedia.com\/fr\/services\/sites-web-commerce-ux\/"},{"@type":"ListItem","position":3,"name":"D\u00e9veloppement de premi\u00e8re ligne"}]},{"@type":"WebSite","@id":"https:\/\/www.rankmedia.com\/fr\/#website","url":"https:\/\/www.rankmedia.com\/fr\/","name":"Rank Media","description":"","potentialAction":[{"@type":"SearchAction","target":{"@type":"EntryPoint","urlTemplate":"https:\/\/www.rankmedia.com\/fr\/?s={search_term_string}"},"query-input":"required name=search_term_string"}],"inLanguage":"fr-FR"}]}},"_links":{"self":[{"href":"https:\/\/www.rankmedia.com\/fr\/wp-json\/wp\/v2\/pages\/1122"}],"collection":[{"href":"https:\/\/www.rankmedia.com\/fr\/wp-json\/wp\/v2\/pages"}],"about":[{"href":"https:\/\/www.rankmedia.com\/fr\/wp-json\/wp\/v2\/types\/page"}],"author":[{"embeddable":true,"href":"https:\/\/www.rankmedia.com\/fr\/wp-json\/wp\/v2\/users\/1"}],"replies":[{"embeddable":true,"href":"https:\/\/www.rankmedia.com\/fr\/wp-json\/wp\/v2\/comments?post=1122"}],"version-history":[{"count":1,"href":"https:\/\/www.rankmedia.com\/fr\/wp-json\/wp\/v2\/pages\/1122\/revisions"}],"predecessor-version":[{"id":1499,"href":"https:\/\/www.rankmedia.com\/fr\/wp-json\/wp\/v2\/pages\/1122\/revisions\/1499"}],"up":[{"embeddable":true,"href":"https:\/\/www.rankmedia.com\/fr\/wp-json\/wp\/v2\/pages\/1126"}],"wp:attachment":[{"href":"https:\/\/www.rankmedia.com\/fr\/wp-json\/wp\/v2\/media?parent=1122"}],"curies":[{"name":"wp","href":"https:\/\/api.w.org\/{rel}","templated":true}]}}