{"id":1121,"date":"2019-11-11T22:02:41","date_gmt":"2019-11-11T22:02:41","guid":{"rendered":"https:\/\/www.rankmedia.com\/copywriting\/"},"modified":"2020-04-24T15:22:54","modified_gmt":"2020-04-24T15:22:54","slug":"copywriting","status":"publish","type":"page","link":"https:\/\/www.rankmedia.com\/fr\/services\/sites-web-commerce-ux\/redaction-et-creation-de-contenu\/","title":{"rendered":"R\u00e9daction et cr\u00e9ation de contenu"},"content":{"rendered":"<p><span style=\"font-weight: 400;\">Une strat\u00e9gie de contenu r\u00e9fl\u00e9chie est au c\u0153ur de toute campagne de marketing digne de ce nom.\u00a0\u00a0\u00a0<\/span><\/p>\n<p><span style=\"font-weight: 400;\">Notre \u00e9quipe de r\u00e9dacteurs chevronn\u00e9s produit des textes percutants qui favorisent la rentabilit\u00e9 et stimulent le rendement, en retenant l\u2019attention des lecteurs avec les bons mots et les bons sujets. Notre objectif\u00a0: convaincre les auditoires en ligne afin qu\u2019ils demeurent dans votre site et adoptent votre marque, vos produits, vos services.<\/span><\/p>\n<p><span style=\"font-weight: 400;\">Nous cr\u00e9ons aussi du contenu qui informe. Un contenu bien fait est non seulement utile pour le r\u00e9f\u00e9rencement, mais renseigne aussi les consommateurs sur les produits et les services d\u2019une marque gr\u00e2ce \u00e0 des blogues, des articles, des communiqu\u00e9s de presse et autres.\u00a0 <\/span><\/p>\n","protected":false},"excerpt":{"rendered":"<p>Une strat\u00e9gie de contenu r\u00e9fl\u00e9chie est au c\u0153ur de toute campagne de marketing digne de ce nom.\u00a0\u00a0\u00a0 Notre \u00e9quipe de r\u00e9dacteurs chevronn\u00e9s produit des textes percutants qui favorisent la rentabilit\u00e9 et stimulent le rendement, en retenant l\u2019attention des lecteurs avec les bons mots et les bons sujets. Notre objectif\u00a0: convaincre les auditoires en ligne afin [&hellip;]<\/p>\n","protected":false},"author":1,"featured_media":0,"parent":1126,"menu_order":0,"comment_status":"closed","ping_status":"closed","template":"template-services-page.php","meta":{"_acf_changed":false,"footnotes":""},"acf":[],"yoast_head":"<!-- This site is optimized with the Yoast SEO plugin v21.6 - https:\/\/yoast.com\/wordpress\/plugins\/seo\/ -->\n<title>R\u00e9daction et cr\u00e9ation de contenu | Rank Media<\/title>\n<meta name=\"robots\" content=\"index, follow, max-snippet:-1, max-image-preview:large, max-video-preview:-1\" \/>\n<link rel=\"canonical\" href=\"https:\/\/www.rankmedia.com\/fr\/services\/sites-web-commerce-ux\/redaction-et-creation-de-contenu\/\" \/>\n<meta property=\"og:locale\" content=\"fr_FR\" \/>\n<meta property=\"og:type\" content=\"article\" \/>\n<meta property=\"og:title\" content=\"R\u00e9daction et cr\u00e9ation de contenu | Rank Media\" \/>\n<meta property=\"og:description\" content=\"Une strat\u00e9gie de contenu r\u00e9fl\u00e9chie est au c\u0153ur de toute campagne de marketing digne de ce nom.\u00a0\u00a0\u00a0 Notre \u00e9quipe de r\u00e9dacteurs chevronn\u00e9s produit des textes percutants qui favorisent la rentabilit\u00e9 et stimulent le rendement, en retenant l\u2019attention des lecteurs avec les bons mots et les bons sujets. Notre objectif\u00a0: convaincre les auditoires en ligne afin [&hellip;]\" \/>\n<meta property=\"og:url\" content=\"https:\/\/www.rankmedia.com\/fr\/services\/sites-web-commerce-ux\/redaction-et-creation-de-contenu\/\" \/>\n<meta property=\"og:site_name\" content=\"Rank Media\" \/>\n<meta property=\"article:publisher\" content=\"https:\/\/www.facebook.com\/RankMedia\/\" \/>\n<meta property=\"article:modified_time\" content=\"2020-04-24T15:22:54+00:00\" \/>\n<meta property=\"og:image\" content=\"https:\/\/www.rankmedia.com\/wp-content\/uploads\/2020\/05\/graph-fb2.png\" \/>\n\t<meta property=\"og:image:width\" content=\"1200\" \/>\n\t<meta property=\"og:image:height\" content=\"630\" \/>\n\t<meta property=\"og:image:type\" content=\"image\/png\" \/>\n<meta name=\"twitter:card\" content=\"summary_large_image\" \/>\n<meta name=\"twitter:site\" content=\"@rankmediaagency\" \/>\n<meta name=\"twitter:label1\" content=\"Dur\u00e9e de lecture estim\u00e9e\" \/>\n\t<meta name=\"twitter:data1\" content=\"1 minute\" \/>\n<script type=\"application\/ld+json\" class=\"yoast-schema-graph\">{\"@context\":\"https:\/\/schema.org\",\"@graph\":[{\"@type\":\"WebPage\",\"@id\":\"https:\/\/www.rankmedia.com\/fr\/services\/sites-web-commerce-ux\/redaction-et-creation-de-contenu\/\",\"url\":\"https:\/\/www.rankmedia.com\/fr\/services\/sites-web-commerce-ux\/redaction-et-creation-de-contenu\/\",\"name\":\"R\u00e9daction et cr\u00e9ation de contenu | Rank Media\",\"isPartOf\":{\"@id\":\"https:\/\/www.rankmedia.com\/fr\/#website\"},\"datePublished\":\"2019-11-11T22:02:41+00:00\",\"dateModified\":\"2020-04-24T15:22:54+00:00\",\"breadcrumb\":{\"@id\":\"https:\/\/www.rankmedia.com\/fr\/services\/sites-web-commerce-ux\/redaction-et-creation-de-contenu\/#breadcrumb\"},\"inLanguage\":\"fr-FR\",\"potentialAction\":[{\"@type\":\"ReadAction\",\"target\":[\"https:\/\/www.rankmedia.com\/fr\/services\/sites-web-commerce-ux\/redaction-et-creation-de-contenu\/\"]}]},{\"@type\":\"BreadcrumbList\",\"@id\":\"https:\/\/www.rankmedia.com\/fr\/services\/sites-web-commerce-ux\/redaction-et-creation-de-contenu\/#breadcrumb\",\"itemListElement\":[{\"@type\":\"ListItem\",\"position\":1,\"name\":\"Home\",\"item\":\"https:\/\/www.rankmedia.com\/fr\/\"},{\"@type\":\"ListItem\",\"position\":2,\"name\":\"Sites Web, commerce \u00e9lectronique et UX\",\"item\":\"https:\/\/www.rankmedia.com\/fr\/services\/sites-web-commerce-ux\/\"},{\"@type\":\"ListItem\",\"position\":3,\"name\":\"R\u00e9daction et cr\u00e9ation de contenu\"}]},{\"@type\":\"WebSite\",\"@id\":\"https:\/\/www.rankmedia.com\/fr\/#website\",\"url\":\"https:\/\/www.rankmedia.com\/fr\/\",\"name\":\"Rank Media\",\"description\":\"\",\"potentialAction\":[{\"@type\":\"SearchAction\",\"target\":{\"@type\":\"EntryPoint\",\"urlTemplate\":\"https:\/\/www.rankmedia.com\/fr\/?s={search_term_string}\"},\"query-input\":\"required name=search_term_string\"}],\"inLanguage\":\"fr-FR\"}]}<\/script>\n<!-- \/ Yoast SEO plugin. -->","yoast_head_json":{"title":"R\u00e9daction et cr\u00e9ation de contenu | Rank Media","robots":{"index":"index","follow":"follow","max-snippet":"max-snippet:-1","max-image-preview":"max-image-preview:large","max-video-preview":"max-video-preview:-1"},"canonical":"https:\/\/www.rankmedia.com\/fr\/services\/sites-web-commerce-ux\/redaction-et-creation-de-contenu\/","og_locale":"fr_FR","og_type":"article","og_title":"R\u00e9daction et cr\u00e9ation de contenu | Rank Media","og_description":"Une strat\u00e9gie de contenu r\u00e9fl\u00e9chie est au c\u0153ur de toute campagne de marketing digne de ce nom.\u00a0\u00a0\u00a0 Notre \u00e9quipe de r\u00e9dacteurs chevronn\u00e9s produit des textes percutants qui favorisent la rentabilit\u00e9 et stimulent le rendement, en retenant l\u2019attention des lecteurs avec les bons mots et les bons sujets. Notre objectif\u00a0: convaincre les auditoires en ligne afin [&hellip;]","og_url":"https:\/\/www.rankmedia.com\/fr\/services\/sites-web-commerce-ux\/redaction-et-creation-de-contenu\/","og_site_name":"Rank Media","article_publisher":"https:\/\/www.facebook.com\/RankMedia\/","article_modified_time":"2020-04-24T15:22:54+00:00","og_image":[{"width":1200,"height":630,"url":"https:\/\/www.rankmedia.com\/wp-content\/uploads\/2020\/05\/graph-fb2.png","type":"image\/png"}],"twitter_card":"summary_large_image","twitter_site":"@rankmediaagency","twitter_misc":{"Dur\u00e9e de lecture estim\u00e9e":"1 minute"},"schema":{"@context":"https:\/\/schema.org","@graph":[{"@type":"WebPage","@id":"https:\/\/www.rankmedia.com\/fr\/services\/sites-web-commerce-ux\/redaction-et-creation-de-contenu\/","url":"https:\/\/www.rankmedia.com\/fr\/services\/sites-web-commerce-ux\/redaction-et-creation-de-contenu\/","name":"R\u00e9daction et cr\u00e9ation de contenu | Rank Media","isPartOf":{"@id":"https:\/\/www.rankmedia.com\/fr\/#website"},"datePublished":"2019-11-11T22:02:41+00:00","dateModified":"2020-04-24T15:22:54+00:00","breadcrumb":{"@id":"https:\/\/www.rankmedia.com\/fr\/services\/sites-web-commerce-ux\/redaction-et-creation-de-contenu\/#breadcrumb"},"inLanguage":"fr-FR","potentialAction":[{"@type":"ReadAction","target":["https:\/\/www.rankmedia.com\/fr\/services\/sites-web-commerce-ux\/redaction-et-creation-de-contenu\/"]}]},{"@type":"BreadcrumbList","@id":"https:\/\/www.rankmedia.com\/fr\/services\/sites-web-commerce-ux\/redaction-et-creation-de-contenu\/#breadcrumb","itemListElement":[{"@type":"ListItem","position":1,"name":"Home","item":"https:\/\/www.rankmedia.com\/fr\/"},{"@type":"ListItem","position":2,"name":"Sites Web, commerce \u00e9lectronique et UX","item":"https:\/\/www.rankmedia.com\/fr\/services\/sites-web-commerce-ux\/"},{"@type":"ListItem","position":3,"name":"R\u00e9daction et cr\u00e9ation de contenu"}]},{"@type":"WebSite","@id":"https:\/\/www.rankmedia.com\/fr\/#website","url":"https:\/\/www.rankmedia.com\/fr\/","name":"Rank Media","description":"","potentialAction":[{"@type":"SearchAction","target":{"@type":"EntryPoint","urlTemplate":"https:\/\/www.rankmedia.com\/fr\/?s={search_term_string}"},"query-input":"required name=search_term_string"}],"inLanguage":"fr-FR"}]}},"_links":{"self":[{"href":"https:\/\/www.rankmedia.com\/fr\/wp-json\/wp\/v2\/pages\/1121"}],"collection":[{"href":"https:\/\/www.rankmedia.com\/fr\/wp-json\/wp\/v2\/pages"}],"about":[{"href":"https:\/\/www.rankmedia.com\/fr\/wp-json\/wp\/v2\/types\/page"}],"author":[{"embeddable":true,"href":"https:\/\/www.rankmedia.com\/fr\/wp-json\/wp\/v2\/users\/1"}],"replies":[{"embeddable":true,"href":"https:\/\/www.rankmedia.com\/fr\/wp-json\/wp\/v2\/comments?post=1121"}],"version-history":[{"count":1,"href":"https:\/\/www.rankmedia.com\/fr\/wp-json\/wp\/v2\/pages\/1121\/revisions"}],"predecessor-version":[{"id":1501,"href":"https:\/\/www.rankmedia.com\/fr\/wp-json\/wp\/v2\/pages\/1121\/revisions\/1501"}],"up":[{"embeddable":true,"href":"https:\/\/www.rankmedia.com\/fr\/wp-json\/wp\/v2\/pages\/1126"}],"wp:attachment":[{"href":"https:\/\/www.rankmedia.com\/fr\/wp-json\/wp\/v2\/media?parent=1121"}],"curies":[{"name":"wp","href":"https:\/\/api.w.org\/{rel}","templated":true}]}}