{"id":1120,"date":"2019-11-11T22:02:57","date_gmt":"2019-11-11T22:02:57","guid":{"rendered":"https:\/\/www.rankmedia.com\/mobile-apps\/"},"modified":"2020-04-24T15:26:02","modified_gmt":"2020-04-24T15:26:02","slug":"mobile-apps","status":"publish","type":"page","link":"https:\/\/www.rankmedia.com\/fr\/services\/sites-web-commerce-ux\/applis-mobiles\/","title":{"rendered":"Applis mobiles"},"content":{"rendered":"<p><a href=\"https:\/\/www.cnbc.com\/2019\/01\/24\/smartphones-72percent-of-people-will-use-only-mobile-for-internet-by-2025.html\"><span style=\"font-weight: 400;\">D\u2019ici 2025, 75\u00a0% des gens dans le monde utiliseront uniquement leur t\u00e9l\u00e9phone pour acc\u00e9der \u00e0 I<\/span><span style=\"font-weight: 400;\">nternet.<\/span><\/a><span style=\"font-weight: 400;\"> Si votre marque veut r\u00e9ellement prendre sa place, impossible de vous passer d\u2019une identit\u00e9 mobile. Nous offrons des services complets de d\u00e9veloppement d\u2019applis pour t\u00e9l\u00e9phones mobiles et tablettes pour appareils iOS, Android et Windows qui aident les entreprises \u00e0 tirer profit de leur pr\u00e9sence dans le paysage mobile. Il est vrai que certains sites Web bien con\u00e7us peuvent parfois bien s\u2019afficher dans un appareil mobile, mais offrir votre propre appli comporte un nombre infini d\u2019avantages pour votre marque. C\u2019est aussi un autre moyen de promouvoir votre marque et de joindre plus de gens \u2013 plus que vous n\u2019oserez jamais l\u2019esp\u00e9rer.\u00a0\u00a0\u00a0<\/span><\/p>\n<p><span style=\"font-weight: 400;\">Les applis offrent aussi un autre avantage\u00a0: ils sont de remarquables outils de fid\u00e9lisation. Une fois t\u00e9l\u00e9charg\u00e9e, une appli demeure dans l\u2019appareil de la personne qui l\u2019a adopt\u00e9e, qui v\u00e9hicule donc votre marque dans sa poche ou son sac \u00e0 main toute la journ\u00e9e. Nous aidons les n\u00e9ophytes \u00e0 devenir bien pr\u00e9sents dans le monde des applis&#8230; et ceux qui sont bien pr\u00e9sents \u00e0 le devenir encore davantage. Notre \u00e9quipe de programmeurs polyvalents est impatiente de concevoir une appli rien que pour vous et vous proposer une solution fluide et adaptable \u00e0 toutes les plateformes.\u00a0\u00a0<\/span><\/p>\n","protected":false},"excerpt":{"rendered":"<p>D\u2019ici 2025, 75\u00a0% des gens dans le monde utiliseront uniquement leur t\u00e9l\u00e9phone pour acc\u00e9der \u00e0 Internet. Si votre marque veut r\u00e9ellement prendre sa place, impossible de vous passer d\u2019une identit\u00e9 mobile. Nous offrons des services complets de d\u00e9veloppement d\u2019applis pour t\u00e9l\u00e9phones mobiles et tablettes pour appareils iOS, Android et Windows qui aident les entreprises \u00e0 [&hellip;]<\/p>\n","protected":false},"author":1,"featured_media":0,"parent":1126,"menu_order":0,"comment_status":"closed","ping_status":"closed","template":"template-services-page.php","meta":{"_acf_changed":false,"footnotes":""},"acf":[],"yoast_head":"<!-- This site is optimized with the Yoast SEO plugin v21.6 - https:\/\/yoast.com\/wordpress\/plugins\/seo\/ -->\n<title>Applications mobiles | Rank Media<\/title>\n<meta name=\"description\" content=\"Avec les applications mobiles vous avez une autre fa\u00e7on de promouvoir votre marque dans le domaine num\u00e9rique. Nous aidons les d\u00e9butants et les grandes marques avec leur applications.\" \/>\n<meta name=\"robots\" content=\"index, follow, max-snippet:-1, max-image-preview:large, max-video-preview:-1\" \/>\n<link rel=\"canonical\" href=\"https:\/\/www.rankmedia.com\/fr\/services\/sites-web-commerce-ux\/applis-mobiles\/\" \/>\n<meta property=\"og:locale\" content=\"fr_FR\" \/>\n<meta property=\"og:type\" content=\"article\" \/>\n<meta property=\"og:title\" content=\"Applications mobiles | Rank Media\" \/>\n<meta property=\"og:description\" content=\"Avec les applications mobiles vous avez une autre fa\u00e7on de promouvoir votre marque dans le domaine num\u00e9rique. Nous aidons les d\u00e9butants et les grandes marques avec leur applications.\" \/>\n<meta property=\"og:url\" content=\"https:\/\/www.rankmedia.com\/fr\/services\/sites-web-commerce-ux\/applis-mobiles\/\" \/>\n<meta property=\"og:site_name\" content=\"Rank Media\" \/>\n<meta property=\"article:publisher\" content=\"https:\/\/www.facebook.com\/RankMedia\/\" \/>\n<meta property=\"article:modified_time\" content=\"2020-04-24T15:26:02+00:00\" \/>\n<meta property=\"og:image\" content=\"https:\/\/www.rankmedia.com\/wp-content\/uploads\/2020\/05\/graph-fb2.png\" \/>\n\t<meta property=\"og:image:width\" content=\"1200\" \/>\n\t<meta property=\"og:image:height\" content=\"630\" \/>\n\t<meta property=\"og:image:type\" content=\"image\/png\" \/>\n<meta name=\"twitter:card\" content=\"summary_large_image\" \/>\n<meta name=\"twitter:site\" content=\"@rankmediaagency\" \/>\n<meta name=\"twitter:label1\" content=\"Dur\u00e9e de lecture estim\u00e9e\" \/>\n\t<meta name=\"twitter:data1\" content=\"1 minute\" \/>\n<script type=\"application\/ld+json\" class=\"yoast-schema-graph\">{\"@context\":\"https:\/\/schema.org\",\"@graph\":[{\"@type\":\"WebPage\",\"@id\":\"https:\/\/www.rankmedia.com\/fr\/services\/sites-web-commerce-ux\/applis-mobiles\/\",\"url\":\"https:\/\/www.rankmedia.com\/fr\/services\/sites-web-commerce-ux\/applis-mobiles\/\",\"name\":\"Applications mobiles | Rank Media\",\"isPartOf\":{\"@id\":\"https:\/\/www.rankmedia.com\/fr\/#website\"},\"datePublished\":\"2019-11-11T22:02:57+00:00\",\"dateModified\":\"2020-04-24T15:26:02+00:00\",\"description\":\"Avec les applications mobiles vous avez une autre fa\u00e7on de promouvoir votre marque dans le domaine num\u00e9rique. Nous aidons les d\u00e9butants et les grandes marques avec leur applications.\",\"breadcrumb\":{\"@id\":\"https:\/\/www.rankmedia.com\/fr\/services\/sites-web-commerce-ux\/applis-mobiles\/#breadcrumb\"},\"inLanguage\":\"fr-FR\",\"potentialAction\":[{\"@type\":\"ReadAction\",\"target\":[\"https:\/\/www.rankmedia.com\/fr\/services\/sites-web-commerce-ux\/applis-mobiles\/\"]}]},{\"@type\":\"BreadcrumbList\",\"@id\":\"https:\/\/www.rankmedia.com\/fr\/services\/sites-web-commerce-ux\/applis-mobiles\/#breadcrumb\",\"itemListElement\":[{\"@type\":\"ListItem\",\"position\":1,\"name\":\"Home\",\"item\":\"https:\/\/www.rankmedia.com\/fr\/\"},{\"@type\":\"ListItem\",\"position\":2,\"name\":\"Sites Web, commerce \u00e9lectronique et UX\",\"item\":\"https:\/\/www.rankmedia.com\/fr\/services\/sites-web-commerce-ux\/\"},{\"@type\":\"ListItem\",\"position\":3,\"name\":\"Applis mobiles\"}]},{\"@type\":\"WebSite\",\"@id\":\"https:\/\/www.rankmedia.com\/fr\/#website\",\"url\":\"https:\/\/www.rankmedia.com\/fr\/\",\"name\":\"Rank Media\",\"description\":\"\",\"potentialAction\":[{\"@type\":\"SearchAction\",\"target\":{\"@type\":\"EntryPoint\",\"urlTemplate\":\"https:\/\/www.rankmedia.com\/fr\/?s={search_term_string}\"},\"query-input\":\"required name=search_term_string\"}],\"inLanguage\":\"fr-FR\"}]}<\/script>\n<!-- \/ Yoast SEO plugin. -->","yoast_head_json":{"title":"Applications mobiles | Rank Media","description":"Avec les applications mobiles vous avez une autre fa\u00e7on de promouvoir votre marque dans le domaine num\u00e9rique. Nous aidons les d\u00e9butants et les grandes marques avec leur applications.","robots":{"index":"index","follow":"follow","max-snippet":"max-snippet:-1","max-image-preview":"max-image-preview:large","max-video-preview":"max-video-preview:-1"},"canonical":"https:\/\/www.rankmedia.com\/fr\/services\/sites-web-commerce-ux\/applis-mobiles\/","og_locale":"fr_FR","og_type":"article","og_title":"Applications mobiles | Rank Media","og_description":"Avec les applications mobiles vous avez une autre fa\u00e7on de promouvoir votre marque dans le domaine num\u00e9rique. Nous aidons les d\u00e9butants et les grandes marques avec leur applications.","og_url":"https:\/\/www.rankmedia.com\/fr\/services\/sites-web-commerce-ux\/applis-mobiles\/","og_site_name":"Rank Media","article_publisher":"https:\/\/www.facebook.com\/RankMedia\/","article_modified_time":"2020-04-24T15:26:02+00:00","og_image":[{"width":1200,"height":630,"url":"https:\/\/www.rankmedia.com\/wp-content\/uploads\/2020\/05\/graph-fb2.png","type":"image\/png"}],"twitter_card":"summary_large_image","twitter_site":"@rankmediaagency","twitter_misc":{"Dur\u00e9e de lecture estim\u00e9e":"1 minute"},"schema":{"@context":"https:\/\/schema.org","@graph":[{"@type":"WebPage","@id":"https:\/\/www.rankmedia.com\/fr\/services\/sites-web-commerce-ux\/applis-mobiles\/","url":"https:\/\/www.rankmedia.com\/fr\/services\/sites-web-commerce-ux\/applis-mobiles\/","name":"Applications mobiles | Rank Media","isPartOf":{"@id":"https:\/\/www.rankmedia.com\/fr\/#website"},"datePublished":"2019-11-11T22:02:57+00:00","dateModified":"2020-04-24T15:26:02+00:00","description":"Avec les applications mobiles vous avez une autre fa\u00e7on de promouvoir votre marque dans le domaine num\u00e9rique. Nous aidons les d\u00e9butants et les grandes marques avec leur applications.","breadcrumb":{"@id":"https:\/\/www.rankmedia.com\/fr\/services\/sites-web-commerce-ux\/applis-mobiles\/#breadcrumb"},"inLanguage":"fr-FR","potentialAction":[{"@type":"ReadAction","target":["https:\/\/www.rankmedia.com\/fr\/services\/sites-web-commerce-ux\/applis-mobiles\/"]}]},{"@type":"BreadcrumbList","@id":"https:\/\/www.rankmedia.com\/fr\/services\/sites-web-commerce-ux\/applis-mobiles\/#breadcrumb","itemListElement":[{"@type":"ListItem","position":1,"name":"Home","item":"https:\/\/www.rankmedia.com\/fr\/"},{"@type":"ListItem","position":2,"name":"Sites Web, commerce \u00e9lectronique et UX","item":"https:\/\/www.rankmedia.com\/fr\/services\/sites-web-commerce-ux\/"},{"@type":"ListItem","position":3,"name":"Applis mobiles"}]},{"@type":"WebSite","@id":"https:\/\/www.rankmedia.com\/fr\/#website","url":"https:\/\/www.rankmedia.com\/fr\/","name":"Rank Media","description":"","potentialAction":[{"@type":"SearchAction","target":{"@type":"EntryPoint","urlTemplate":"https:\/\/www.rankmedia.com\/fr\/?s={search_term_string}"},"query-input":"required name=search_term_string"}],"inLanguage":"fr-FR"}]}},"_links":{"self":[{"href":"https:\/\/www.rankmedia.com\/fr\/wp-json\/wp\/v2\/pages\/1120"}],"collection":[{"href":"https:\/\/www.rankmedia.com\/fr\/wp-json\/wp\/v2\/pages"}],"about":[{"href":"https:\/\/www.rankmedia.com\/fr\/wp-json\/wp\/v2\/types\/page"}],"author":[{"embeddable":true,"href":"https:\/\/www.rankmedia.com\/fr\/wp-json\/wp\/v2\/users\/1"}],"replies":[{"embeddable":true,"href":"https:\/\/www.rankmedia.com\/fr\/wp-json\/wp\/v2\/comments?post=1120"}],"version-history":[{"count":2,"href":"https:\/\/www.rankmedia.com\/fr\/wp-json\/wp\/v2\/pages\/1120\/revisions"}],"predecessor-version":[{"id":1503,"href":"https:\/\/www.rankmedia.com\/fr\/wp-json\/wp\/v2\/pages\/1120\/revisions\/1503"}],"up":[{"embeddable":true,"href":"https:\/\/www.rankmedia.com\/fr\/wp-json\/wp\/v2\/pages\/1126"}],"wp:attachment":[{"href":"https:\/\/www.rankmedia.com\/fr\/wp-json\/wp\/v2\/media?parent=1120"}],"curies":[{"name":"wp","href":"https:\/\/api.w.org\/{rel}","templated":true}]}}