{"id":1109,"date":"2019-11-13T14:40:15","date_gmt":"2019-11-13T14:40:15","guid":{"rendered":"https:\/\/www.rankmedia.com\/app-store-optimization\/"},"modified":"2020-04-24T13:46:35","modified_gmt":"2020-04-24T13:46:35","slug":"app-store-optimization","status":"publish","type":"page","link":"https:\/\/www.rankmedia.com\/fr\/services\/strategie-numerique\/loptimisation-pour-magasins-dapplis\/","title":{"rendered":"L\u2019optimisation pour magasins d\u2019applis"},"content":{"rendered":"<p><span style=\"font-weight: 400;\">L\u2019optimisation pour magasins d\u2019applis \u2013 l\u2019optimisation pour app store, ou ASO, comme vous pr\u00e9f\u00e9rez \u2013 est l\u2019un des moyens les plus rentables de stimuler le t\u00e9l\u00e9chargement de vos applis. Et il n\u2019y a pas de raison pour quiconque poss\u00e8de une ou plusieurs applis de ne pas profiter d\u2019un tel effet de levier! Une optimisation efficace repose sur tout un bouquet de strat\u00e9gies compl\u00e9mentaires qui peuvent augmenter consid\u00e9rablement vos chances de voir votre appli d\u00e9couverte lors de recherches dans les magasins d\u2019applis. Ce n\u2019est pas tout\u00a0: un magasin d\u2019applis bien optimis\u00e9 est aussi un tremplin essentiel pour propulser votre appli en t\u00eate de liste des r\u00e9sultats de recherche \u2013 bref, c\u2019est un processus similaire \u00e0 celui de l\u2019optimisation pour moteur de recherche (SEO), mais pour les applis destin\u00e9es aux t\u00e9l\u00e9phones intelligents.\u00a0<\/span><\/p>\n<p><span style=\"font-weight: 400;\">En faisant affaire avec la bonne entreprise d\u2019ASO, vous augmenterez le nombre de t\u00e9l\u00e9chargements et d\u2019utilisateurs de votre application en quelques jours seulement \u2013 et tout le monde y gagnera, vous y compris. Mais si vous allez dans toutes les directions sans cibler votre propos, votre appli peut se noyer dans un oc\u00e9an d\u2019applis mal optimis\u00e9es comme la v\u00f4tre. Chez RANK, nous misons sur la qualit\u00e9 dans le choix des mots, sur le partage intelligent de l\u2019information et sur les visuels qui savent retenir l\u2019attention et susciter l\u2019interaction des utilisateurs potentiels que vous visez vraiment. Les \u00eatres humains <\/span><i><span style=\"font-weight: 400;\">ont besoin <\/span><\/i><span style=\"font-weight: 400;\">d\u2019interactions \u2013 et \u00e7a, \u00e7a ne changera pas.\u00a0<\/span><\/p>\n<h2>Nos services d\u2019ASO<\/h2>\n<h2>Analyse compl\u00e8te de votre pr\u00e9sence dans les magasins d\u2019appli<\/h2>\n<p><span style=\"font-weight: 400;\">Des ventes \u00e0 l\u2019examen analytique jusqu\u2019au suivi de l\u2019utilisation, du classement heure par heure et jusqu\u2019\u00e0 la performance de vos pubs et \u00e0 la pr\u00e9sentation de rapports, partout, nous tenons compte de toutes les donn\u00e9es disponibles \u2013 et \u00e0 jour \u2013 concernant votre appli pour livrer une analyse pr\u00e9cise et cr\u00e9dible.<\/span><\/p>\n<h2>\u00c9tude de la concurrence<\/h2>\n<p><span style=\"font-weight: 400;\">L\u2019analyse de votre concurrence est un outil important et une \u00e9tape essentielle du lancement de votre appli. On se penchera sur les forces et les faiblesses de vos concurrents et sur les v\u00f4tres, par ricochet. Votre id\u00e9e est unique&#8230; mais jusqu\u2019\u00e0 quel point? Qu\u2019est-ce qui la rend si sp\u00e9ciale? Nous pouvons trouver les r\u00e9ponses \u00e0 ces questions et vous permettre d\u2019y voir plus clair.\u00a0\u00a0<\/span><\/p>\n<h2>Texte strat\u00e9gique et visuels cr\u00e9atifs<\/h2>\n<p><span style=\"font-weight: 400;\">L\u2019utilisateur moyen prend en moyenne de 3 \u00e0 6 secondes pour d\u00e9cider s\u2019il t\u00e9l\u00e9chargera votre appli. Une fois que les utilisateurs l\u2019auront trouv\u00e9e, le d\u00e9fi sera de les amener \u00e0 t\u00e9l\u00e9charger votre appli. C\u2019est l\u00e0 que le choix des mots prend tout son sens&#8230; autant que celui des images. Ensemble, elles contribueront \u00e0 rendre les arguments de vente de votre appli encore plus uniques, distinctifs et attrayants pour les futurs utilisateurs.\u00a0<\/span><\/p>\n<h2>De quoi stimuler la d\u00e9couvrabilit\u00e9 organique de votre appli<\/h2>\n<p><span style=\"font-weight: 400;\">Obtenez plus de t\u00e9l\u00e9chargements organiques chaque jour gr\u00e2ce \u00e0 des services d\u2019optimisation pour magasins d\u2019applis qui lui iront comme un gant et \u00e0 une strat\u00e9gie de mobilisation sur les r\u00e9seaux sociaux ajust\u00e9e au quart de tour pour que votre appli devienne le succ\u00e8s du moment et celle dont on parlera le plus.\u00a0\u00a0<\/span><\/p>\n<h2>Un taux \u00e9lev\u00e9 de conversion des chercheurs d\u2019applis&#8230; en utilisateurs de <i>votre <\/i>appli.<\/h2>\n<p><span style=\"font-weight: 400;\">L\u2019objectif ultime est de transformer les utilisateurs volages en convertis concrets, n\u2019est-ce pas? Notre \u00e9quipe d\u2019experts livrera la marchandise en fusionnant les strat\u00e9gies ci-dessus et en les utilisant dans une juste proportion afin qu\u2019elles s\u2019ajustent parfaitement \u00e0 votre appli.<\/span><\/p>\n<h2>Un suivi continu de l\u2019analytique li\u00e9e \u00e0 votre appli<\/h2>\n<p><span style=\"font-weight: 400;\">Les agences d\u2019optimisation pour magasins d\u2019applis dignes de ce nom savent que des services d\u2019ASO r\u00e9ellement efficaces, un suivi continu et un examen constant de l\u2019analytique de votre environnement sont indispensables. Pourquoi? Pour nous assurer que votre appli est pr\u00eate et en mesure de s\u2019adapter rapidement au changement dans le march\u00e9 et aux autres facteurs et influences qui entrent en ligne de compte.<\/span><\/p>\n<h2>Les objectifs de l\u2019optimisation pour magasins d\u2019appli<\/h2>\n<h3>Un contenu optimis\u00e9<\/h3>\n<p><span style=\"font-weight: 400;\">Un choix strat\u00e9gique de mots cl\u00e9s utilis\u00e9s pour les recherches est indispensable pour bien d\u00e9crire votre appli. Modifier et optimiser les m\u00e9tadonn\u00e9es de votre appli est un art autant qu\u2019une science \u2013 le titre, la description, l\u2019ic\u00f4ne et tout le reste. Faire les bons choix am\u00e9liorera l\u2019image de votre appli et favorisera une optimisation plus efficace, \u00e9videmment!\u00a0\u00a0<\/span><\/p>\n<h3>Des mots cl\u00e9s qui se classent en t\u00eate<\/h3>\n<p><span style=\"font-weight: 400;\">Vous ne disposez que de 100 caract\u00e8res\u00a0: il est donc important de choisir chaque mot avec soin! S\u00e9lectionner les meilleurs mots cl\u00e9s pour votre magasin d\u2019applis particulier exige une bonne compr\u00e9hension des changements saisonniers, de votre march\u00e9, de vos concurrents et des phrases les plus courantes utilis\u00e9es pour la recherche. Nous pouvons vous aider.\u00a0\u00a0<\/span><\/p>\n<h3>Les avis et les notations\u00a0: une pr\u00e9cieuse source d\u2019infos<\/h3>\n<p><span style=\"font-weight: 400;\">L\u2019analyse des avis et des notations attribu\u00e9es par les utilisateurs est cruciale pour votre optimisation dans le magasin d\u2019applis. En analysant ce que les utilisateurs disent \u00e0 propos de votre appli, nous comprendrons rapidement comment ils per\u00e7oivent ses caract\u00e9ristiques et ses fonctionnalit\u00e9s et nous transformerons leurs commentaires en pr\u00e9cieuses sources d\u2019information. Nous allons ensuite tirer profit de cette information pour propulser votre appli en t\u00eate des r\u00e9sultats de recherche.<\/span><\/p>\n<h3>Encore plus de t\u00e9l\u00e9chargements organiques!<\/h3>\n<p><span style=\"font-weight: 400;\">Bref, on le dit et on le r\u00e9p\u00e8te\u00a0: le grand avantage de se classer aux premiers rangs des r\u00e9sultats de recherche sera cette augmentation tant recherch\u00e9e de t\u00e9l\u00e9chargements organiques pour votre appli. Des services d\u2019ASO efficaces peuvent faire \u00e9voluer rapidement la somme des revenus passifs qu\u2019une appli va g\u00e9n\u00e9rer pour vous.\u00a0\u00a0<\/span><\/p>\n<h2>Quelques statistiques<\/h2>\n<ul>\n<li style=\"list-style-type: none;\">\n<ul>\n<li style=\"font-weight: 400;\"><span style=\"font-weight: 400;\">En d\u00e9cembre 2017, on estimait \u00e0 3,5 millions le nombre d\u2019applis disponibles dans Google Play Store. En juillet 2013, leur nombre d\u00e9passait le million (source\u00a0: <\/span><a href=\"https:\/\/www.statista.com\/statistics\/266210\/number-of-available-applications-in-the-google-play-store\/\"><span style=\"font-weight: 400;\">Statista<\/span><\/a><span style=\"font-weight: 400;\">)<\/span><\/li>\n<li style=\"font-weight: 400;\"><span style=\"font-weight: 400;\">Une bonne premi\u00e8re impression peut accro\u00eetre de 35\u00a0% le taux d\u2019adoption d\u2019une appli (Source\u00a0: <\/span><a href=\"https:\/\/www.storemaven.com\/app-store-statistics-revealed\/\"><span style=\"font-weight: 400;\">StoreMaven<\/span><\/a><span style=\"font-weight: 400;\">).<\/span><\/li>\n<li style=\"font-weight: 400;\"><span style=\"font-weight: 400;\">Le groupe d\u2019\u00e2ge qui passe le plus de temps chaque mois \u00e0 chercher des applis aux \u00c9tats-Unis est celui des 18-24 ans (donn\u00e9es de 2015). Ils passent en moyenne 90,6 heures dans des applis de leur t\u00e9l\u00e9phone et 34,7\u00a0h dans celles de leur tablette (Source : <\/span><a href=\"https:\/\/www.comscore.com\/Insights\/Presentations-and-Whitepapers\/2015\/The-2015-US-Mobile-App-Report\"><span style=\"font-weight: 400;\">comScore<\/span><\/a><span style=\"font-weight: 400;\">)<\/span><\/li>\n<\/ul>\n<\/li>\n<\/ul>\n","protected":false},"excerpt":{"rendered":"<p>L\u2019optimisation pour magasins d\u2019applis \u2013 l\u2019optimisation pour app store, ou ASO, comme vous pr\u00e9f\u00e9rez \u2013 est l\u2019un des moyens les plus rentables de stimuler le t\u00e9l\u00e9chargement de vos applis. Et il n\u2019y a pas de raison pour quiconque poss\u00e8de une ou plusieurs applis de ne pas profiter d\u2019un tel effet de levier! Une optimisation efficace [&hellip;]<\/p>\n","protected":false},"author":1,"featured_media":0,"parent":1141,"menu_order":0,"comment_status":"closed","ping_status":"closed","template":"template-services-page.php","meta":{"_acf_changed":false,"footnotes":""},"acf":[],"yoast_head":"<!-- This site is optimized with the Yoast SEO plugin v21.6 - https:\/\/yoast.com\/wordpress\/plugins\/seo\/ -->\n<title>L\u2019optimisation pour magasins d\u2019applis | Rank Media<\/title>\n<meta name=\"robots\" content=\"index, follow, max-snippet:-1, max-image-preview:large, max-video-preview:-1\" \/>\n<link rel=\"canonical\" href=\"https:\/\/www.rankmedia.com\/fr\/services\/strategie-numerique\/loptimisation-pour-magasins-dapplis\/\" \/>\n<meta property=\"og:locale\" content=\"fr_FR\" \/>\n<meta property=\"og:type\" content=\"article\" \/>\n<meta property=\"og:title\" content=\"L\u2019optimisation pour magasins d\u2019applis | Rank Media\" \/>\n<meta property=\"og:description\" content=\"L\u2019optimisation pour magasins d\u2019applis \u2013 l\u2019optimisation pour app store, ou ASO, comme vous pr\u00e9f\u00e9rez \u2013 est l\u2019un des moyens les plus rentables de stimuler le t\u00e9l\u00e9chargement de vos applis. Et il n\u2019y a pas de raison pour quiconque poss\u00e8de une ou plusieurs applis de ne pas profiter d\u2019un tel effet de levier! Une optimisation efficace [&hellip;]\" \/>\n<meta property=\"og:url\" content=\"https:\/\/www.rankmedia.com\/fr\/services\/strategie-numerique\/loptimisation-pour-magasins-dapplis\/\" \/>\n<meta property=\"og:site_name\" content=\"Rank Media\" \/>\n<meta property=\"article:publisher\" content=\"https:\/\/www.facebook.com\/RankMedia\/\" \/>\n<meta property=\"article:modified_time\" content=\"2020-04-24T13:46:35+00:00\" \/>\n<meta property=\"og:image\" content=\"https:\/\/www.rankmedia.com\/wp-content\/uploads\/2020\/05\/graph-fb2.png\" \/>\n\t<meta property=\"og:image:width\" content=\"1200\" \/>\n\t<meta property=\"og:image:height\" content=\"630\" \/>\n\t<meta property=\"og:image:type\" content=\"image\/png\" \/>\n<meta name=\"twitter:card\" content=\"summary_large_image\" \/>\n<meta name=\"twitter:site\" content=\"@rankmediaagency\" \/>\n<meta name=\"twitter:label1\" content=\"Dur\u00e9e de lecture estim\u00e9e\" \/>\n\t<meta name=\"twitter:data1\" content=\"6 minutes\" \/>\n<script type=\"application\/ld+json\" class=\"yoast-schema-graph\">{\"@context\":\"https:\/\/schema.org\",\"@graph\":[{\"@type\":\"WebPage\",\"@id\":\"https:\/\/www.rankmedia.com\/fr\/services\/strategie-numerique\/loptimisation-pour-magasins-dapplis\/\",\"url\":\"https:\/\/www.rankmedia.com\/fr\/services\/strategie-numerique\/loptimisation-pour-magasins-dapplis\/\",\"name\":\"L\u2019optimisation pour magasins d\u2019applis | Rank Media\",\"isPartOf\":{\"@id\":\"https:\/\/www.rankmedia.com\/fr\/#website\"},\"datePublished\":\"2019-11-13T14:40:15+00:00\",\"dateModified\":\"2020-04-24T13:46:35+00:00\",\"breadcrumb\":{\"@id\":\"https:\/\/www.rankmedia.com\/fr\/services\/strategie-numerique\/loptimisation-pour-magasins-dapplis\/#breadcrumb\"},\"inLanguage\":\"fr-FR\",\"potentialAction\":[{\"@type\":\"ReadAction\",\"target\":[\"https:\/\/www.rankmedia.com\/fr\/services\/strategie-numerique\/loptimisation-pour-magasins-dapplis\/\"]}]},{\"@type\":\"BreadcrumbList\",\"@id\":\"https:\/\/www.rankmedia.com\/fr\/services\/strategie-numerique\/loptimisation-pour-magasins-dapplis\/#breadcrumb\",\"itemListElement\":[{\"@type\":\"ListItem\",\"position\":1,\"name\":\"Home\",\"item\":\"https:\/\/www.rankmedia.com\/fr\/\"},{\"@type\":\"ListItem\",\"position\":2,\"name\":\"Strat\u00e9gie num\u00e9rique\",\"item\":\"https:\/\/www.rankmedia.com\/fr\/services\/strategie-numerique\/\"},{\"@type\":\"ListItem\",\"position\":3,\"name\":\"Optimisation des moteurs de recherche\",\"item\":\"https:\/\/www.rankmedia.com\/fr\/services\/strategie-numerique\/optimisation-des-moteurs-de-recherche\/\"},{\"@type\":\"ListItem\",\"position\":4,\"name\":\"L\u2019optimisation pour magasins d\u2019applis\"}]},{\"@type\":\"WebSite\",\"@id\":\"https:\/\/www.rankmedia.com\/fr\/#website\",\"url\":\"https:\/\/www.rankmedia.com\/fr\/\",\"name\":\"Rank Media\",\"description\":\"\",\"potentialAction\":[{\"@type\":\"SearchAction\",\"target\":{\"@type\":\"EntryPoint\",\"urlTemplate\":\"https:\/\/www.rankmedia.com\/fr\/?s={search_term_string}\"},\"query-input\":\"required name=search_term_string\"}],\"inLanguage\":\"fr-FR\"}]}<\/script>\n<!-- \/ Yoast SEO plugin. -->","yoast_head_json":{"title":"L\u2019optimisation pour magasins d\u2019applis | Rank Media","robots":{"index":"index","follow":"follow","max-snippet":"max-snippet:-1","max-image-preview":"max-image-preview:large","max-video-preview":"max-video-preview:-1"},"canonical":"https:\/\/www.rankmedia.com\/fr\/services\/strategie-numerique\/loptimisation-pour-magasins-dapplis\/","og_locale":"fr_FR","og_type":"article","og_title":"L\u2019optimisation pour magasins d\u2019applis | Rank Media","og_description":"L\u2019optimisation pour magasins d\u2019applis \u2013 l\u2019optimisation pour app store, ou ASO, comme vous pr\u00e9f\u00e9rez \u2013 est l\u2019un des moyens les plus rentables de stimuler le t\u00e9l\u00e9chargement de vos applis. Et il n\u2019y a pas de raison pour quiconque poss\u00e8de une ou plusieurs applis de ne pas profiter d\u2019un tel effet de levier! Une optimisation efficace [&hellip;]","og_url":"https:\/\/www.rankmedia.com\/fr\/services\/strategie-numerique\/loptimisation-pour-magasins-dapplis\/","og_site_name":"Rank Media","article_publisher":"https:\/\/www.facebook.com\/RankMedia\/","article_modified_time":"2020-04-24T13:46:35+00:00","og_image":[{"width":1200,"height":630,"url":"https:\/\/www.rankmedia.com\/wp-content\/uploads\/2020\/05\/graph-fb2.png","type":"image\/png"}],"twitter_card":"summary_large_image","twitter_site":"@rankmediaagency","twitter_misc":{"Dur\u00e9e de lecture estim\u00e9e":"6 minutes"},"schema":{"@context":"https:\/\/schema.org","@graph":[{"@type":"WebPage","@id":"https:\/\/www.rankmedia.com\/fr\/services\/strategie-numerique\/loptimisation-pour-magasins-dapplis\/","url":"https:\/\/www.rankmedia.com\/fr\/services\/strategie-numerique\/loptimisation-pour-magasins-dapplis\/","name":"L\u2019optimisation pour magasins d\u2019applis | Rank Media","isPartOf":{"@id":"https:\/\/www.rankmedia.com\/fr\/#website"},"datePublished":"2019-11-13T14:40:15+00:00","dateModified":"2020-04-24T13:46:35+00:00","breadcrumb":{"@id":"https:\/\/www.rankmedia.com\/fr\/services\/strategie-numerique\/loptimisation-pour-magasins-dapplis\/#breadcrumb"},"inLanguage":"fr-FR","potentialAction":[{"@type":"ReadAction","target":["https:\/\/www.rankmedia.com\/fr\/services\/strategie-numerique\/loptimisation-pour-magasins-dapplis\/"]}]},{"@type":"BreadcrumbList","@id":"https:\/\/www.rankmedia.com\/fr\/services\/strategie-numerique\/loptimisation-pour-magasins-dapplis\/#breadcrumb","itemListElement":[{"@type":"ListItem","position":1,"name":"Home","item":"https:\/\/www.rankmedia.com\/fr\/"},{"@type":"ListItem","position":2,"name":"Strat\u00e9gie num\u00e9rique","item":"https:\/\/www.rankmedia.com\/fr\/services\/strategie-numerique\/"},{"@type":"ListItem","position":3,"name":"Optimisation des moteurs de recherche","item":"https:\/\/www.rankmedia.com\/fr\/services\/strategie-numerique\/optimisation-des-moteurs-de-recherche\/"},{"@type":"ListItem","position":4,"name":"L\u2019optimisation pour magasins d\u2019applis"}]},{"@type":"WebSite","@id":"https:\/\/www.rankmedia.com\/fr\/#website","url":"https:\/\/www.rankmedia.com\/fr\/","name":"Rank Media","description":"","potentialAction":[{"@type":"SearchAction","target":{"@type":"EntryPoint","urlTemplate":"https:\/\/www.rankmedia.com\/fr\/?s={search_term_string}"},"query-input":"required name=search_term_string"}],"inLanguage":"fr-FR"}]}},"_links":{"self":[{"href":"https:\/\/www.rankmedia.com\/fr\/wp-json\/wp\/v2\/pages\/1109"}],"collection":[{"href":"https:\/\/www.rankmedia.com\/fr\/wp-json\/wp\/v2\/pages"}],"about":[{"href":"https:\/\/www.rankmedia.com\/fr\/wp-json\/wp\/v2\/types\/page"}],"author":[{"embeddable":true,"href":"https:\/\/www.rankmedia.com\/fr\/wp-json\/wp\/v2\/users\/1"}],"replies":[{"embeddable":true,"href":"https:\/\/www.rankmedia.com\/fr\/wp-json\/wp\/v2\/comments?post=1109"}],"version-history":[{"count":6,"href":"https:\/\/www.rankmedia.com\/fr\/wp-json\/wp\/v2\/pages\/1109\/revisions"}],"predecessor-version":[{"id":1464,"href":"https:\/\/www.rankmedia.com\/fr\/wp-json\/wp\/v2\/pages\/1109\/revisions\/1464"}],"up":[{"embeddable":true,"href":"https:\/\/www.rankmedia.com\/fr\/wp-json\/wp\/v2\/pages\/1141"}],"wp:attachment":[{"href":"https:\/\/www.rankmedia.com\/fr\/wp-json\/wp\/v2\/media?parent=1109"}],"curies":[{"name":"wp","href":"https:\/\/api.w.org\/{rel}","templated":true}]}}