{"id":1108,"date":"2019-11-21T16:36:52","date_gmt":"2019-11-21T16:36:52","guid":{"rendered":"https:\/\/www.rankmedia.com\/online-pr\/"},"modified":"2020-05-13T20:41:51","modified_gmt":"2020-05-13T20:41:51","slug":"online-pr","status":"publish","type":"page","link":"https:\/\/www.rankmedia.com\/fr\/services\/strategie-numerique\/relations-publiques-en-ligne\/","title":{"rendered":"Relations publiques en ligne"},"content":{"rendered":"<p>Vous d\u00e9sirez construire votre marque? Vous avez besoin de g\u00e9n\u00e9rer du trafic\u00a0cible pour votre site et cr\u00e9er un buzz? Faites en sorte que les influenceurs en\u00a0ligne parlent de vous! Que ce soit \u00e0 travers un post sur Facebook, un peu\u00a0d\u2019amour sur Instagram, une revue d\u2019un produit sur un de leur blog populaire\u00a0ou m\u00eame un article retransmis sur Pinterest- les influenceurs en ligne sont les\u00a0lanceurs de mode d\u2019aujourd\u2019hui. Assurez-vous que votre produit tombe entre\u00a0les mains d\u2019influenceurs qui ont des abonn\u00e9s fervents et la capacit\u00e9\u00a0d\u2019atteindre de millions de personnes. Laissez-les cr\u00e9er du contenu,\u00a0t\u00e9l\u00e9charger des images et cibler une nouvelle client\u00e8le pour vous.\u00a0Le r\u00f4le de Rank est de vous mettre en contact avec les meilleurs influenceurs\u00a0qui eux poss\u00e8dent l\u2019audience ad\u00e9quate. Vendez-vous des barres de prot\u00e9ine\u00a0saines? Nous ferons en sorte de vous placer en face d\u2019une audience\u00a0sensibilis\u00e9e aux questions de sant\u00e9. Avec plus de 250K \u00e9diteurs dans notre\u00a0r\u00e9seau,nous allons augmenter de mani\u00e8re significative le profil de votre\u00a0marque.<\/p>\n<p>Les RP en ligne sont un outil puissant et efficace car elles sont de nature\u00a0organique; elles d\u00e9fient les publicit\u00e9s traditionnelles auxquelles les\u00a0consommateurs sont devenus insensibles et se basent sur des r\u00e9seaux de\u00a0confiance et des contacts pour des recommandations. Ces tactiques\u00a0\u00e9prouv\u00e9es optimisent votre exposition, augmentent les ventes et cr\u00e9ent un\u00a0impact qui aidera votre marque \u00e0 atteindre ce statut de niveau suivant. La\u00a0garantie que nous produisons et cons\u00e9quemment, le buzz qui suivra\u00a0s\u00e9curiseront votre place en ligne et inspireront une loyaut\u00e9 durable aupr\u00e8s de\u00a0vos clients.<\/p>\n<h1>92%<\/h1>\n<p>Des consommateurs ont plus confiance en une recommandation venant de personnes qu\u2019ils connaissent qu\u2019en une publicit\u00e9 provenant directement d\u2019une entreprise.<\/p>\n<h1>78%<\/h1>\n<p>Des utilisateurs Web effectueront des recherches sur un produit, un service ou une compagnie avant de prendre la d\u00e9cision de faire un achat final.<\/p>\n<h1>Plus de 33%<\/h1>\n<p>des ventes proviennent d\u2019ambassadeurs de marque et d\u2019influenceurs sociaux et non du client moyen.<\/p>\n","protected":false},"excerpt":{"rendered":"<p>Vous d\u00e9sirez construire votre marque? Vous avez besoin de g\u00e9n\u00e9rer du trafic\u00a0cible pour votre site et cr\u00e9er un buzz? Faites en sorte que les influenceurs en\u00a0ligne parlent de vous! Que ce soit \u00e0 travers un post sur Facebook, un peu\u00a0d\u2019amour sur Instagram, une revue d\u2019un produit sur un de leur blog populaire\u00a0ou m\u00eame un article [&hellip;]<\/p>\n","protected":false},"author":1,"featured_media":0,"parent":1149,"menu_order":30,"comment_status":"closed","ping_status":"closed","template":"template-services-page.php","meta":{"_acf_changed":false,"footnotes":""},"acf":[],"yoast_head":"<!-- This site is optimized with the Yoast SEO plugin v21.6 - https:\/\/yoast.com\/wordpress\/plugins\/seo\/ -->\n<title>Relations publiques en ligne | Rank Media<\/title>\n<meta name=\"robots\" content=\"index, follow, max-snippet:-1, max-image-preview:large, max-video-preview:-1\" \/>\n<link rel=\"canonical\" href=\"https:\/\/www.rankmedia.com\/fr\/services\/strategie-numerique\/relations-publiques-en-ligne\/\" \/>\n<meta property=\"og:locale\" content=\"fr_FR\" \/>\n<meta property=\"og:type\" content=\"article\" \/>\n<meta property=\"og:title\" content=\"Relations publiques en ligne | Rank Media\" \/>\n<meta property=\"og:description\" content=\"Vous d\u00e9sirez construire votre marque? Vous avez besoin de g\u00e9n\u00e9rer du trafic\u00a0cible pour votre site et cr\u00e9er un buzz? Faites en sorte que les influenceurs en\u00a0ligne parlent de vous! Que ce soit \u00e0 travers un post sur Facebook, un peu\u00a0d\u2019amour sur Instagram, une revue d\u2019un produit sur un de leur blog populaire\u00a0ou m\u00eame un article [&hellip;]\" \/>\n<meta property=\"og:url\" content=\"https:\/\/www.rankmedia.com\/fr\/services\/strategie-numerique\/relations-publiques-en-ligne\/\" \/>\n<meta property=\"og:site_name\" content=\"Rank Media\" \/>\n<meta property=\"article:publisher\" content=\"https:\/\/www.facebook.com\/RankMedia\/\" \/>\n<meta property=\"article:modified_time\" content=\"2020-05-13T20:41:51+00:00\" \/>\n<meta property=\"og:image\" content=\"https:\/\/www.rankmedia.com\/wp-content\/uploads\/2020\/05\/graph-fb2.png\" \/>\n\t<meta property=\"og:image:width\" content=\"1200\" \/>\n\t<meta property=\"og:image:height\" content=\"630\" \/>\n\t<meta property=\"og:image:type\" content=\"image\/png\" \/>\n<meta name=\"twitter:card\" content=\"summary_large_image\" \/>\n<meta name=\"twitter:site\" content=\"@rankmediaagency\" \/>\n<meta name=\"twitter:label1\" content=\"Dur\u00e9e de lecture estim\u00e9e\" \/>\n\t<meta name=\"twitter:data1\" content=\"2 minutes\" \/>\n<script type=\"application\/ld+json\" class=\"yoast-schema-graph\">{\"@context\":\"https:\/\/schema.org\",\"@graph\":[{\"@type\":\"WebPage\",\"@id\":\"https:\/\/www.rankmedia.com\/fr\/services\/strategie-numerique\/relations-publiques-en-ligne\/\",\"url\":\"https:\/\/www.rankmedia.com\/fr\/services\/strategie-numerique\/relations-publiques-en-ligne\/\",\"name\":\"Relations publiques en ligne | Rank Media\",\"isPartOf\":{\"@id\":\"https:\/\/www.rankmedia.com\/fr\/#website\"},\"datePublished\":\"2019-11-21T16:36:52+00:00\",\"dateModified\":\"2020-05-13T20:41:51+00:00\",\"breadcrumb\":{\"@id\":\"https:\/\/www.rankmedia.com\/fr\/services\/strategie-numerique\/relations-publiques-en-ligne\/#breadcrumb\"},\"inLanguage\":\"fr-FR\",\"potentialAction\":[{\"@type\":\"ReadAction\",\"target\":[\"https:\/\/www.rankmedia.com\/fr\/services\/strategie-numerique\/relations-publiques-en-ligne\/\"]}]},{\"@type\":\"BreadcrumbList\",\"@id\":\"https:\/\/www.rankmedia.com\/fr\/services\/strategie-numerique\/relations-publiques-en-ligne\/#breadcrumb\",\"itemListElement\":[{\"@type\":\"ListItem\",\"position\":1,\"name\":\"Home\",\"item\":\"https:\/\/www.rankmedia.com\/fr\/\"},{\"@type\":\"ListItem\",\"position\":2,\"name\":\"Strat\u00e9gie num\u00e9rique\",\"item\":\"https:\/\/www.rankmedia.com\/fr\/services\/strategie-numerique\/\"},{\"@type\":\"ListItem\",\"position\":3,\"name\":\"Relations publiques en ligne\"}]},{\"@type\":\"WebSite\",\"@id\":\"https:\/\/www.rankmedia.com\/fr\/#website\",\"url\":\"https:\/\/www.rankmedia.com\/fr\/\",\"name\":\"Rank Media\",\"description\":\"\",\"potentialAction\":[{\"@type\":\"SearchAction\",\"target\":{\"@type\":\"EntryPoint\",\"urlTemplate\":\"https:\/\/www.rankmedia.com\/fr\/?s={search_term_string}\"},\"query-input\":\"required name=search_term_string\"}],\"inLanguage\":\"fr-FR\"}]}<\/script>\n<!-- \/ Yoast SEO plugin. -->","yoast_head_json":{"title":"Relations publiques en ligne | Rank Media","robots":{"index":"index","follow":"follow","max-snippet":"max-snippet:-1","max-image-preview":"max-image-preview:large","max-video-preview":"max-video-preview:-1"},"canonical":"https:\/\/www.rankmedia.com\/fr\/services\/strategie-numerique\/relations-publiques-en-ligne\/","og_locale":"fr_FR","og_type":"article","og_title":"Relations publiques en ligne | Rank Media","og_description":"Vous d\u00e9sirez construire votre marque? Vous avez besoin de g\u00e9n\u00e9rer du trafic\u00a0cible pour votre site et cr\u00e9er un buzz? Faites en sorte que les influenceurs en\u00a0ligne parlent de vous! Que ce soit \u00e0 travers un post sur Facebook, un peu\u00a0d\u2019amour sur Instagram, une revue d\u2019un produit sur un de leur blog populaire\u00a0ou m\u00eame un article [&hellip;]","og_url":"https:\/\/www.rankmedia.com\/fr\/services\/strategie-numerique\/relations-publiques-en-ligne\/","og_site_name":"Rank Media","article_publisher":"https:\/\/www.facebook.com\/RankMedia\/","article_modified_time":"2020-05-13T20:41:51+00:00","og_image":[{"width":1200,"height":630,"url":"https:\/\/www.rankmedia.com\/wp-content\/uploads\/2020\/05\/graph-fb2.png","type":"image\/png"}],"twitter_card":"summary_large_image","twitter_site":"@rankmediaagency","twitter_misc":{"Dur\u00e9e de lecture estim\u00e9e":"2 minutes"},"schema":{"@context":"https:\/\/schema.org","@graph":[{"@type":"WebPage","@id":"https:\/\/www.rankmedia.com\/fr\/services\/strategie-numerique\/relations-publiques-en-ligne\/","url":"https:\/\/www.rankmedia.com\/fr\/services\/strategie-numerique\/relations-publiques-en-ligne\/","name":"Relations publiques en ligne | Rank Media","isPartOf":{"@id":"https:\/\/www.rankmedia.com\/fr\/#website"},"datePublished":"2019-11-21T16:36:52+00:00","dateModified":"2020-05-13T20:41:51+00:00","breadcrumb":{"@id":"https:\/\/www.rankmedia.com\/fr\/services\/strategie-numerique\/relations-publiques-en-ligne\/#breadcrumb"},"inLanguage":"fr-FR","potentialAction":[{"@type":"ReadAction","target":["https:\/\/www.rankmedia.com\/fr\/services\/strategie-numerique\/relations-publiques-en-ligne\/"]}]},{"@type":"BreadcrumbList","@id":"https:\/\/www.rankmedia.com\/fr\/services\/strategie-numerique\/relations-publiques-en-ligne\/#breadcrumb","itemListElement":[{"@type":"ListItem","position":1,"name":"Home","item":"https:\/\/www.rankmedia.com\/fr\/"},{"@type":"ListItem","position":2,"name":"Strat\u00e9gie num\u00e9rique","item":"https:\/\/www.rankmedia.com\/fr\/services\/strategie-numerique\/"},{"@type":"ListItem","position":3,"name":"Relations publiques en ligne"}]},{"@type":"WebSite","@id":"https:\/\/www.rankmedia.com\/fr\/#website","url":"https:\/\/www.rankmedia.com\/fr\/","name":"Rank Media","description":"","potentialAction":[{"@type":"SearchAction","target":{"@type":"EntryPoint","urlTemplate":"https:\/\/www.rankmedia.com\/fr\/?s={search_term_string}"},"query-input":"required name=search_term_string"}],"inLanguage":"fr-FR"}]}},"_links":{"self":[{"href":"https:\/\/www.rankmedia.com\/fr\/wp-json\/wp\/v2\/pages\/1108"}],"collection":[{"href":"https:\/\/www.rankmedia.com\/fr\/wp-json\/wp\/v2\/pages"}],"about":[{"href":"https:\/\/www.rankmedia.com\/fr\/wp-json\/wp\/v2\/types\/page"}],"author":[{"embeddable":true,"href":"https:\/\/www.rankmedia.com\/fr\/wp-json\/wp\/v2\/users\/1"}],"replies":[{"embeddable":true,"href":"https:\/\/www.rankmedia.com\/fr\/wp-json\/wp\/v2\/comments?post=1108"}],"version-history":[{"count":3,"href":"https:\/\/www.rankmedia.com\/fr\/wp-json\/wp\/v2\/pages\/1108\/revisions"}],"predecessor-version":[{"id":2265,"href":"https:\/\/www.rankmedia.com\/fr\/wp-json\/wp\/v2\/pages\/1108\/revisions\/2265"}],"up":[{"embeddable":true,"href":"https:\/\/www.rankmedia.com\/fr\/wp-json\/wp\/v2\/pages\/1149"}],"wp:attachment":[{"href":"https:\/\/www.rankmedia.com\/fr\/wp-json\/wp\/v2\/media?parent=1108"}],"curies":[{"name":"wp","href":"https:\/\/api.w.org\/{rel}","templated":true}]}}