{"id":1107,"date":"2019-11-21T16:37:14","date_gmt":"2019-11-21T16:37:14","guid":{"rendered":"https:\/\/www.rankmedia.com\/content-marketing\/"},"modified":"2020-04-30T21:31:35","modified_gmt":"2020-04-30T21:31:35","slug":"content-marketing","status":"publish","type":"page","link":"https:\/\/www.rankmedia.com\/fr\/services\/strategie-numerique\/creation-en-marketing-de-contenu\/","title":{"rendered":"Services de cr\u00e9ation en marketing de contenu"},"content":{"rendered":"<p><span style=\"font-weight: 400;\">Le contenu est roi.<\/span><\/p>\n<p><span style=\"font-weight: 400;\">Vous avez probablement entendu cette phrase des milliers de fois, au point o\u00f9 elle a sans doute perdu toute signification pour vous. Malgr\u00e9 cela, pour les propri\u00e9taires d\u2019entreprise comme pour les experts en marketing, c\u2019est une affirmation plus v\u00e9ridique que jamais. Le marketing de contenu est l\u2019un des meilleurs moyens de mobiliser votre auditoire de mani\u00e8re naturelle et c\u2019est aussi un outil efficace pour susciter l\u2019int\u00e9r\u00eat, fid\u00e9liser les clients et g\u00e9n\u00e9rer des clients potentiels.\u00a0\u00a0\u00a0<\/span><\/p>\n<p><span style=\"font-weight: 400;\">Chez RANK, nos experts en marketing savent que le contenu est \u00e0 la base de toute strat\u00e9gie de croissance et de toute campagne visant \u00e0 g\u00e9n\u00e9rer des clients potentiels. C\u2019est pour cette raison que nous pouvons mettre sur pied la parfaite strat\u00e9gie de contenu pour atteindre les objectifs et les aspirations de nos clients. En optimisant ad\u00e9quatement et en effectuant une bonne promotion de contenu \u00e0 l\u2019aide de divers v\u00e9hicules comme les blogues, les sites Web, les livres \u00e9lectroniques et les courriels, entre autres, nous pouvons communiquer les valeurs de votre entreprise \u00e0 vos clients potentiels, et cela en prenant position avec force, en am\u00e9liorant votre notori\u00e9t\u00e9 de marque et en favorisant les conversions.<\/span><span style=\"font-weight: 400;\">Apr\u00e8s tout, avec le bon contenu, tout est possible!\u00a0\u00a0<\/span><\/p>\n<h2><b>Les avantages du marketing de contenu pour les entreprises<\/b><\/h2>\n<p><span style=\"font-weight: 400;\">Le marketing de contenu est plus qu\u2019une expression \u00e0 la mode\u00a0: c\u2019est une n\u00e9cessit\u00e9 dans l\u2019environnement marketing num\u00e9rique d\u2019aujourd\u2019hui. Les entreprises peuvent tirer un nombre infini d\u2019avantages avec un contenu bien structur\u00e9. En voici les quatre principaux.\u00a0\u00a0<\/span><\/p>\n<p><b>Accro\u00eetre la visibilit\u00e9 de la marque <\/b><span style=\"font-weight: 400;\"><br \/>\n<\/span><span style=\"font-weight: 400;\">Qu\u2019on le r\u00e9alise ou non, chaque article dans un blogue est une nouvelle page que Google r\u00e9f\u00e9rencera. Bien que la quantit\u00e9 de pages ne garantisse pas n\u00e9cessairement un achalandage \u00e0 la suite d\u2019une recherche, il ne fait pas de doute qu\u2019avoir plus de pages r\u00e9f\u00e9renc\u00e9es se traduira par plus de possibilit\u00e9s de se classer en t\u00eate dans les r\u00e9sultats de recherche.\u00a0<\/span><\/p>\n<p><b>Am\u00e9liorer la notori\u00e9t\u00e9 de marque<\/b><\/p>\n<p><span style=\"font-weight: 400;\">Voil\u00e0 une question qu\u2019on se pose chaque jour dans les PME\u00a0: comment une marque peut-elle se propulser \u00e0 l\u2019avant-plan pour un auditoire cible? La r\u00e9ponse est simple\u00a0: en cr\u00e9ant du contenu qui sort chaque fois dans les r\u00e9sultats quand une personne est \u00e0 la recherche de conseils et de r\u00e9ponses.\u00a0\u00a0\u00a0<\/span><\/p>\n<p><b>Asseoir sa cr\u00e9dibilit\u00e9<\/b><\/p>\n<p><span style=\"font-weight: 400;\">L\u2019expertise, c\u2019est ce qui fait vivre ou mourir une entreprise. Heureusement, le contenu offre des moyens efficaces de d\u00e9montrer la cr\u00e9dibilit\u00e9 de votre entreprise, et ce, avec tous les moyens imaginables. Et en \u00e9tablissant la cr\u00e9dibilit\u00e9 de votre entreprise gr\u00e2ce au contenu, vous pourriez vous classer encore plus haut dans les r\u00e9sultats de recherche.\u00a0\u00a0\u00a0\u00a0<\/span><\/p>\n<p><b>G\u00e9n\u00e9rer des clients potentiels<\/b><\/p>\n<p><span style=\"font-weight: 400;\">En plus de faire le point entre votre entreprise et ses clients, le contenu est un v\u00e9hicule id\u00e9al pour faire conna\u00eetre vos produits et vos services. Bien construit, il permet aussi d\u2019accro\u00eetre facilement le taux de conversion des clients et les clients potentiels qui vous choisissent. Mieux encore\u00a0: des appels \u00e0 l\u2019action plac\u00e9s directement dans les textes peuvent aussi faire de petits miracles pour g\u00e9n\u00e9rer de nouveaux clients potentiels pour vos \u00e9quipes de vente.\u00a0\u00a0\u00a0\u00a0<\/span><\/p>\n<h2><b>Cr\u00e9er la strat\u00e9gie de marketing de contenu id\u00e9ale<\/b><\/h2>\n<p><span style=\"font-weight: 400;\">Le contenu est une notion assez large, qui peut comporter sa part de difficult\u00e9s pour les entrepreneurs. Avec autant de moyens de joindre des clients potentiels, il peut \u00eatre difficile de mettre sur pied une strat\u00e9gie qui utilise ad\u00e9quatement le contenu pertinent qui vous concerne.\u00a0\u00a0\u00a0<\/span><\/p>\n<p><span style=\"font-weight: 400;\">Chez RANK, \u00e9laborer des strat\u00e9gies de marketing de contenu efficaces fait partie de notre ADN. En produisant du contenu solide pour toute une palette de m\u00e9dias, nous mettrons sur pied une strat\u00e9gie qui stimulera efficacement votre notori\u00e9t\u00e9 de marque, en favorisera l\u2019adoption et rehaussera consid\u00e9rablement la r\u00e9putation de votre entreprise.\u00a0\u00a0\u00a0<\/span><\/p>\n<h3><b>Blogues et infographies<\/b><\/h3>\n<p><span style=\"font-weight: 400;\">Avec un blogue et de l\u2019infographie, une entreprise peut s\u2019imposer comme chef de file de l\u2019industrie tout en se connectant \u00e0 des auditoires d\u2019une mani\u00e8re diff\u00e9rente. Augmentez votre visibilit\u00e9 dans les r\u00e9sultats de recherche, haussez votre notori\u00e9t\u00e9 de marque et attirez l\u2019attention de visiteurs qui se trouvent tout au bout de la cha\u00eene d\u00e9cisionnelle du processus de vente avec des articles de blogues et des infographies con\u00e7us par notre \u00e9quipe de pros du marketing de contenu.\u00a0\u00a0\u00a0\u00a0\u00a0\u00a0<\/span><\/p>\n<h3><b>Livres \u00e9lectroniques et r\u00e9sum\u00e9s d\u2019\u00e9tudes de cas<\/b><\/h3>\n<p><span style=\"font-weight: 400;\">\u00c9carter syst\u00e9matiquement les livres \u00e9lectroniques et les r\u00e9sum\u00e9s d\u2019\u00e9tudes dans le cadre d\u2019une strat\u00e9gie de marketing de contenu est l\u2019une des erreurs les plus courantes. Or, en utilisant efficacement ces outils, nous pouvons pousser les visiteurs jusqu\u2019au bout du processus de vente avec un contenu qui diff\u00e9renciera votre marque de celle de vos concurrents. Et pour le faire, les livres \u00e9lectroniques et les r\u00e9sum\u00e9s d\u2019\u00e9tudes g\u00e9n\u00e9rant des clics sont essentiels\u00a0: ils permettent d\u2019aller chercher l\u2019int\u00e9r\u00eat des personnes qui sillonnent en sourdine les diverses plateformes de m\u00e9dias sociaux.<\/span><\/p>\n<h3><b>Marketing de contenu par vid\u00e9o<\/b><\/h3>\n<p><span style=\"font-weight: 400;\">Du texte, c\u2019est bien, mais \u00e7a ne fait pas le travail \u00e0 tout coup. Les dur\u00e9es d\u2019attention sont courtes et dans certains cas, la vid\u00e9o devient le moyen le plus efficace de faire passer votre message. Chez RANK, nous pouvons cr\u00e9er tout ce dont vous avez besoin pour retenir l\u2019attention de vos clients potentiels\u00a0: t\u00e9moignages capt\u00e9s sur place, animation et autres. \u00c0 vous de jouer!<\/span><\/p>\n<h3><b>Textes de site Web et de courriels<\/b><\/h3>\n<p><span style=\"font-weight: 400;\">Les plateformes de m\u00e9dias sociaux sont de plus en plus populaires, mais les sites Web et l\u2019envoi de courriels demeurent une composante essentielle de toute strat\u00e9gie de marketing de contenu efficace. Chez RANK, nous exploiterons au maximum le potentiel du site Web et du courriel dans le cadre de votre strat\u00e9gie de marketing de contenu pour g\u00e9n\u00e9rer et int\u00e9resser des clients potentiels, tout en favorisant la loyaut\u00e9 chez le consommateur.\u00a0\u00a0\u00a0<\/span><\/p>\n<h3><b>\u00c9tudes de cas<\/b><\/h3>\n<p><span style=\"font-weight: 400;\">Peu de choses sont aussi efficaces qu\u2019une solide \u00e9tude de cas pour boucler une d\u00e9cision d\u2019achat. En fait, les \u00e9tudes de cas sont id\u00e9ales pour raconter une histoire qui mettra en \u00e9vidence la valeur de votre marque pour vos clients potentiels. Nous sommes pass\u00e9s ma\u00eetres dans l\u2019art de r\u00e9diger des \u00e9tudes de cas solides, bien \u00e9crites et ax\u00e9es sur les comp\u00e9tences et les r\u00e9ussites de votre entreprise.\u00a0<\/span><\/p>\n<h2><b>Mise en \u0153uvre de votre plan de marketing de contenu<\/b><\/h2>\n<p><span style=\"font-weight: 400;\">Le contenu n\u2019a aucune valeur si personne ne le voit\u00a0: en marketing, c\u2019est une \u00e9vidence. Cr\u00e9er un contenu de qualit\u00e9 ne suffit pas \u2013 il faut aussi en faire la promotion. Quel que soit le type de contenu cr\u00e9\u00e9, celui-ci doit trouver une place pr\u00e9cise dans le parcours qui conduit \u00e0 la conclusion d\u2019une vente. Chez RANK, nous ferons la promotion d\u2019un contenu optimis\u00e9 dans tous les canaux disponibles afin de stimuler l\u2019achalandage dans votre site Web et d\u2019en hausser la visibilit\u00e9 dans les r\u00e9sultats de recherche.\u00a0\u00a0<\/span><\/p>\n<h2><b>Une agence de marketing de contenu diff\u00e9rente<\/b><\/h2>\n<p><span style=\"font-weight: 400;\">L\u2019exp\u00e9rience, \u00e7a compte. Chez RANK, on en a \u00e0 la tonne.<\/span><\/p>\n<p><span style=\"font-weight: 400;\">Avec plus de 10 ans d\u2019exp\u00e9rience dans la cr\u00e9ation de strat\u00e9gies dynamiques de marketing de contenu, RANK a fait ses preuves une feuille de route parfaite. \u00c0 la base, nous sommes une agence num\u00e9rique qui met en commun des concepts cr\u00e9atifs, des strat\u00e9gies marketing et un contenu personnalis\u00e9 pour stimuler la croissance de votre entreprise. Cette approche int\u00e9gr\u00e9e nous permet d\u2019utiliser la technologie et le marketing cr\u00e9atif pour hausser la notori\u00e9t\u00e9 de votre marque, g\u00e9n\u00e9rer des clients potentiels et dominer l\u2019espace dans votre industrie.\u00a0<\/span><\/p>\n<p><span style=\"font-weight: 400;\">Pour des capsules \u00e0 publier dans les m\u00e9dias sociaux, des textes pour vos pages pr\u00e9sentant des services ou des produits ou pour renouveler les articles dans votre blogue, les experts en contenu de RANK sauront raconter l\u2019histoire de votre entreprise mieux que personne.\u00a0\u00a0<\/span><\/p>\n<p><span style=\"font-weight: 400;\">Choisissez RANK. Parce que votre contenu compte vraiment.<\/span><\/p>\n<p><b>Statistiques<\/b><\/p>\n<ul>\n<li style=\"font-weight: 400;\"><span style=\"font-weight: 400;\">196 milliards de courriels sont envoy\u00e9s chaque jour.\u00a0<\/span><\/li>\n<li style=\"font-weight: 400;\"><span style=\"font-weight: 400;\">La vid\u00e9o est le contenu de marque favori des consommateurs dans les m\u00e9dias sociaux.<\/span><\/li>\n<li style=\"font-weight: 400;\"><span style=\"font-weight: 400;\">Selon le Content Marketing Institute (CMI), 63\u00a0% des entreprises n\u2019ont aucune strat\u00e9gie de contenu d\u00fbment document\u00e9e\u00a0: <\/span><a href=\"https:\/\/www.slideshare.net\/mprofs\/b2b-content-marketing-2018-benchmarks-budgets-trends-north-america\"><span style=\"font-weight: 400;\">https:\/\/www.slideshare.net\/mprofs\/b2b-content-marketing-2018-benchmarks-budgets-trends-north-america<\/span><\/a><\/li>\n<li style=\"font-weight: 400;\"><span style=\"font-weight: 400;\">Les statistiques du CMI sur le marketing de contenu r\u00e9v\u00e8lent que 72\u00a0% des sp\u00e9cialistes du marketing confirment que le marketing de contenu a augment\u00e9 le nombre de leurs clients potentiels.\u00a0\u00a0<\/span><\/li>\n<\/ul>\n<p><span style=\"font-weight: 400;\">Le marketing de contenu co\u00fbte 62\u00a0% moins cher que le marketing traditionnel et g\u00e9n\u00e8re environ 3 fois plus de clients potentiels (Source: DemandMetric).<\/span><span style=\"font-weight: 400;\"><br \/>\n<\/span><span style=\"font-weight: 400;\">&#8211; <\/span><a href=\"https:\/\/www.demandmetric.com\/content\/content-marketing-infographic\"><span style=\"font-weight: 400;\">https:\/\/www.demandmetric.com\/content\/content-marketing-infographic<\/span><\/a><\/p>\n","protected":false},"excerpt":{"rendered":"<p>Le contenu est roi. Vous avez probablement entendu cette phrase des milliers de fois, au point o\u00f9 elle a sans doute perdu toute signification pour vous. Malgr\u00e9 cela, pour les propri\u00e9taires d\u2019entreprise comme pour les experts en marketing, c\u2019est une affirmation plus v\u00e9ridique que jamais. Le marketing de contenu est l\u2019un des meilleurs moyens de [&hellip;]<\/p>\n","protected":false},"author":1,"featured_media":0,"parent":1141,"menu_order":0,"comment_status":"closed","ping_status":"closed","template":"template-services-page.php","meta":{"_acf_changed":false,"footnotes":""},"acf":[],"yoast_head":"<!-- This site is optimized with the Yoast SEO plugin v21.6 - https:\/\/yoast.com\/wordpress\/plugins\/seo\/ -->\n<title>Services de cr\u00e9ation en marketing de contenu | Rank Media<\/title>\n<meta name=\"robots\" content=\"index, follow, max-snippet:-1, max-image-preview:large, max-video-preview:-1\" \/>\n<link rel=\"canonical\" href=\"https:\/\/www.rankmedia.com\/fr\/services\/strategie-numerique\/creation-en-marketing-de-contenu\/\" \/>\n<meta property=\"og:locale\" content=\"fr_FR\" \/>\n<meta property=\"og:type\" content=\"article\" \/>\n<meta property=\"og:title\" content=\"Services de cr\u00e9ation en marketing de contenu | Rank Media\" \/>\n<meta property=\"og:description\" content=\"Le contenu est roi. Vous avez probablement entendu cette phrase des milliers de fois, au point o\u00f9 elle a sans doute perdu toute signification pour vous. Malgr\u00e9 cela, pour les propri\u00e9taires d\u2019entreprise comme pour les experts en marketing, c\u2019est une affirmation plus v\u00e9ridique que jamais. Le marketing de contenu est l\u2019un des meilleurs moyens de [&hellip;]\" \/>\n<meta property=\"og:url\" content=\"https:\/\/www.rankmedia.com\/fr\/services\/strategie-numerique\/creation-en-marketing-de-contenu\/\" \/>\n<meta property=\"og:site_name\" content=\"Rank Media\" \/>\n<meta property=\"article:publisher\" content=\"https:\/\/www.facebook.com\/RankMedia\/\" \/>\n<meta property=\"article:modified_time\" content=\"2020-04-30T21:31:35+00:00\" \/>\n<meta property=\"og:image\" content=\"https:\/\/www.rankmedia.com\/wp-content\/uploads\/2020\/05\/graph-fb2.png\" \/>\n\t<meta property=\"og:image:width\" content=\"1200\" \/>\n\t<meta property=\"og:image:height\" content=\"630\" \/>\n\t<meta property=\"og:image:type\" content=\"image\/png\" \/>\n<meta name=\"twitter:card\" content=\"summary_large_image\" \/>\n<meta name=\"twitter:site\" content=\"@rankmediaagency\" \/>\n<meta name=\"twitter:label1\" content=\"Dur\u00e9e de lecture estim\u00e9e\" \/>\n\t<meta name=\"twitter:data1\" content=\"8 minutes\" \/>\n<script type=\"application\/ld+json\" class=\"yoast-schema-graph\">{\"@context\":\"https:\/\/schema.org\",\"@graph\":[{\"@type\":\"WebPage\",\"@id\":\"https:\/\/www.rankmedia.com\/fr\/services\/strategie-numerique\/creation-en-marketing-de-contenu\/\",\"url\":\"https:\/\/www.rankmedia.com\/fr\/services\/strategie-numerique\/creation-en-marketing-de-contenu\/\",\"name\":\"Services de cr\u00e9ation en marketing de contenu | Rank Media\",\"isPartOf\":{\"@id\":\"https:\/\/www.rankmedia.com\/fr\/#website\"},\"datePublished\":\"2019-11-21T16:37:14+00:00\",\"dateModified\":\"2020-04-30T21:31:35+00:00\",\"breadcrumb\":{\"@id\":\"https:\/\/www.rankmedia.com\/fr\/services\/strategie-numerique\/creation-en-marketing-de-contenu\/#breadcrumb\"},\"inLanguage\":\"fr-FR\",\"potentialAction\":[{\"@type\":\"ReadAction\",\"target\":[\"https:\/\/www.rankmedia.com\/fr\/services\/strategie-numerique\/creation-en-marketing-de-contenu\/\"]}]},{\"@type\":\"BreadcrumbList\",\"@id\":\"https:\/\/www.rankmedia.com\/fr\/services\/strategie-numerique\/creation-en-marketing-de-contenu\/#breadcrumb\",\"itemListElement\":[{\"@type\":\"ListItem\",\"position\":1,\"name\":\"Home\",\"item\":\"https:\/\/www.rankmedia.com\/fr\/\"},{\"@type\":\"ListItem\",\"position\":2,\"name\":\"Strat\u00e9gie num\u00e9rique\",\"item\":\"https:\/\/www.rankmedia.com\/fr\/services\/strategie-numerique\/\"},{\"@type\":\"ListItem\",\"position\":3,\"name\":\"Optimisation des moteurs de recherche\",\"item\":\"https:\/\/www.rankmedia.com\/fr\/services\/strategie-numerique\/optimisation-des-moteurs-de-recherche\/\"},{\"@type\":\"ListItem\",\"position\":4,\"name\":\"Services de cr\u00e9ation en marketing de contenu\"}]},{\"@type\":\"WebSite\",\"@id\":\"https:\/\/www.rankmedia.com\/fr\/#website\",\"url\":\"https:\/\/www.rankmedia.com\/fr\/\",\"name\":\"Rank Media\",\"description\":\"\",\"potentialAction\":[{\"@type\":\"SearchAction\",\"target\":{\"@type\":\"EntryPoint\",\"urlTemplate\":\"https:\/\/www.rankmedia.com\/fr\/?s={search_term_string}\"},\"query-input\":\"required name=search_term_string\"}],\"inLanguage\":\"fr-FR\"}]}<\/script>\n<!-- \/ Yoast SEO plugin. -->","yoast_head_json":{"title":"Services de cr\u00e9ation en marketing de contenu | Rank Media","robots":{"index":"index","follow":"follow","max-snippet":"max-snippet:-1","max-image-preview":"max-image-preview:large","max-video-preview":"max-video-preview:-1"},"canonical":"https:\/\/www.rankmedia.com\/fr\/services\/strategie-numerique\/creation-en-marketing-de-contenu\/","og_locale":"fr_FR","og_type":"article","og_title":"Services de cr\u00e9ation en marketing de contenu | Rank Media","og_description":"Le contenu est roi. Vous avez probablement entendu cette phrase des milliers de fois, au point o\u00f9 elle a sans doute perdu toute signification pour vous. Malgr\u00e9 cela, pour les propri\u00e9taires d\u2019entreprise comme pour les experts en marketing, c\u2019est une affirmation plus v\u00e9ridique que jamais. Le marketing de contenu est l\u2019un des meilleurs moyens de [&hellip;]","og_url":"https:\/\/www.rankmedia.com\/fr\/services\/strategie-numerique\/creation-en-marketing-de-contenu\/","og_site_name":"Rank Media","article_publisher":"https:\/\/www.facebook.com\/RankMedia\/","article_modified_time":"2020-04-30T21:31:35+00:00","og_image":[{"width":1200,"height":630,"url":"https:\/\/www.rankmedia.com\/wp-content\/uploads\/2020\/05\/graph-fb2.png","type":"image\/png"}],"twitter_card":"summary_large_image","twitter_site":"@rankmediaagency","twitter_misc":{"Dur\u00e9e de lecture estim\u00e9e":"8 minutes"},"schema":{"@context":"https:\/\/schema.org","@graph":[{"@type":"WebPage","@id":"https:\/\/www.rankmedia.com\/fr\/services\/strategie-numerique\/creation-en-marketing-de-contenu\/","url":"https:\/\/www.rankmedia.com\/fr\/services\/strategie-numerique\/creation-en-marketing-de-contenu\/","name":"Services de cr\u00e9ation en marketing de contenu | Rank Media","isPartOf":{"@id":"https:\/\/www.rankmedia.com\/fr\/#website"},"datePublished":"2019-11-21T16:37:14+00:00","dateModified":"2020-04-30T21:31:35+00:00","breadcrumb":{"@id":"https:\/\/www.rankmedia.com\/fr\/services\/strategie-numerique\/creation-en-marketing-de-contenu\/#breadcrumb"},"inLanguage":"fr-FR","potentialAction":[{"@type":"ReadAction","target":["https:\/\/www.rankmedia.com\/fr\/services\/strategie-numerique\/creation-en-marketing-de-contenu\/"]}]},{"@type":"BreadcrumbList","@id":"https:\/\/www.rankmedia.com\/fr\/services\/strategie-numerique\/creation-en-marketing-de-contenu\/#breadcrumb","itemListElement":[{"@type":"ListItem","position":1,"name":"Home","item":"https:\/\/www.rankmedia.com\/fr\/"},{"@type":"ListItem","position":2,"name":"Strat\u00e9gie num\u00e9rique","item":"https:\/\/www.rankmedia.com\/fr\/services\/strategie-numerique\/"},{"@type":"ListItem","position":3,"name":"Optimisation des moteurs de recherche","item":"https:\/\/www.rankmedia.com\/fr\/services\/strategie-numerique\/optimisation-des-moteurs-de-recherche\/"},{"@type":"ListItem","position":4,"name":"Services de cr\u00e9ation en marketing de contenu"}]},{"@type":"WebSite","@id":"https:\/\/www.rankmedia.com\/fr\/#website","url":"https:\/\/www.rankmedia.com\/fr\/","name":"Rank Media","description":"","potentialAction":[{"@type":"SearchAction","target":{"@type":"EntryPoint","urlTemplate":"https:\/\/www.rankmedia.com\/fr\/?s={search_term_string}"},"query-input":"required name=search_term_string"}],"inLanguage":"fr-FR"}]}},"_links":{"self":[{"href":"https:\/\/www.rankmedia.com\/fr\/wp-json\/wp\/v2\/pages\/1107"}],"collection":[{"href":"https:\/\/www.rankmedia.com\/fr\/wp-json\/wp\/v2\/pages"}],"about":[{"href":"https:\/\/www.rankmedia.com\/fr\/wp-json\/wp\/v2\/types\/page"}],"author":[{"embeddable":true,"href":"https:\/\/www.rankmedia.com\/fr\/wp-json\/wp\/v2\/users\/1"}],"replies":[{"embeddable":true,"href":"https:\/\/www.rankmedia.com\/fr\/wp-json\/wp\/v2\/comments?post=1107"}],"version-history":[{"count":7,"href":"https:\/\/www.rankmedia.com\/fr\/wp-json\/wp\/v2\/pages\/1107\/revisions"}],"predecessor-version":[{"id":1894,"href":"https:\/\/www.rankmedia.com\/fr\/wp-json\/wp\/v2\/pages\/1107\/revisions\/1894"}],"up":[{"embeddable":true,"href":"https:\/\/www.rankmedia.com\/fr\/wp-json\/wp\/v2\/pages\/1141"}],"wp:attachment":[{"href":"https:\/\/www.rankmedia.com\/fr\/wp-json\/wp\/v2\/media?parent=1107"}],"curies":[{"name":"wp","href":"https:\/\/api.w.org\/{rel}","templated":true}]}}