{"id":1106,"date":"2019-11-22T18:14:08","date_gmt":"2019-11-22T18:14:08","guid":{"rendered":"https:\/\/www.rankmedia.com\/mobile-seo-services\/"},"modified":"2020-05-15T14:10:08","modified_gmt":"2020-05-15T14:10:08","slug":"mobile-seo-services","status":"publish","type":"page","link":"https:\/\/www.rankmedia.com\/fr\/services\/strategie-numerique\/optimisation-des-moteurs-de-recherche\/montreal\/","title":{"rendered":"SEO strat\u00e9gique \u00e0 Montr\u00e9al"},"content":{"rendered":"<p>Vous \u00eates une petite entreprise et vous souhaitez qu\u2019une client\u00e8le locale de la r\u00e9gion de Montr\u00e9al visite votre site Web? Ne cherchez plus. L\u2019expertise de l\u2019agence Rank en mati\u00e8re de services de r\u00e9f\u00e9rencement naturel (SEO) \u00e0 Montr\u00e9al peut vous aider \u00e0 mettre \u00e0 profit une nouvelle client\u00e8le locale en optimisant votre site Web en fonction des recherches r\u00e9alis\u00e9es sur l\u2019\u00eele et les r\u00e9gions environnantes. En mettant en place nos techniques de marketing \u00e9prouv\u00e9es en mati\u00e8re de r\u00e9f\u00e9rencement, le site Web de votre entreprise commencera \u00e0 attirer le bon type d\u2019achalandage\u00a0: des gens qui se traduisent directement par des ventes et des profits.<\/p>\n<ul>\n<li>Un sondage r\u00e9alis\u00e9 par Google a \u00e9tabli que 4 consommateurs sur 5 utilisent les moteurs de recherche pour des recherches locales.<\/li>\n<\/ul>\n<p>De nos jours, les utilisateurs d\u2019Internet concentrent de plus en plus leur recherche sur le Web dans leur ville, dans leur province ou dans les environs imm\u00e9diats afin de g\u00e9n\u00e9rer les r\u00e9sultats les plus pertinents et les plus utiles. En fait, de nombreux consommateurs s\u2019attendent \u00e0 ce que les publicit\u00e9s soient personnalis\u00e9es \u00e0 leur intention, en fonction du lieu o\u00f9 ils se trouvent et que ces pubs leur fournissent une information imm\u00e9diate sur la cible de leur recherche \u2013 adresse, num\u00e9ro de t\u00e9l\u00e9phone de la compagnie et itin\u00e9raire pour s\u2019y rendre.\u00a0 Aujourd\u2019hui, les entreprises qui ne disposent pas d\u2019un plan de marketing complet, comprenant des \u00e9l\u00e9ments de r\u00e9f\u00e9rencement naturel, devront se contenter de regarder passer le train. En n\u00e9gligeant d\u2019optimiser le site Web de votre entreprise en fonction des recherches locales, vous offrez \u00e0 vos concurrents vos clients potentiels sur un plateau d\u2019argent.<\/p>\n<ul>\n<li>Selon Google, 60\u00a0% des recherches pour des entreprises locales se d\u00e9roulent en ligne et 82\u00a0% des clients potentiels amorcent leur processus actif d\u2019achat et autres apr\u00e8s une recherche fructueuse.<\/li>\n<\/ul>\n<p>Il appara\u00eet donc \u00e9vident que les moteurs de recherche comme Google et Bing ont pour ainsi dire r\u00e9volutionn\u00e9 la fa\u00e7on dont on interagit avec nos boutiques et nos collectivit\u00e9s locales. Il n\u2019y a pas si longtemps, pour trouver un magasin en particulier ou un restaurant servant un type d\u2019aliment pr\u00e9cis, vous deviez consulter un annuaire, un magazine ou le journal. Aujourd\u2019hui, il suffit de faire glisser vos doigts sur votre t\u00e9l\u00e9phone ou votre tablette pour effectuer une recherche locale \u00e0 Montr\u00e9al et faire ais\u00e9ment le tri dans tout un choix d\u2019options et de possibilit\u00e9s.<\/p>\n<p>Le r\u00e9f\u00e9rencement naturel (SEO) \u00e0 Montr\u00e9al n\u2019est plus un luxe qui ne concerne qu\u2019une poign\u00e9e de compagnies ax\u00e9es sur la techno. Bien que la recherche locale soit un ph\u00e9nom\u00e8ne relativement nouveau en mati\u00e8re de r\u00e9f\u00e9rencement, elle est devenue depuis quelque temps un aspect indispensable de toute strat\u00e9gie de marketing compl\u00e8te. En fait, de nos jours, la recherche organique \u00e0 Montr\u00e9al est devenue une n\u00e9cessit\u00e9 absolue pour toute entreprise ayant une pr\u00e9sence en ligne et qui esp\u00e8re faire de la collectivit\u00e9 qui l\u2019entoure sa future base de clients. Et puisqu\u2019un fort volume de requ\u00eates en recherche locale se traduit n\u00e9cessairement par des ventes pour votre entreprise, une bonne strat\u00e9gie de r\u00e9f\u00e9rencement locale, \u00e7a veut dire aussi plus d\u2019argent dans les coffres de votre entreprise.<\/p>\n<ul>\n<li>Des donn\u00e9es de HubSpot r\u00e9v\u00e8lent que 75\u00a0% des utilisateurs d\u2019Internet vont fouiller plus loin que la premi\u00e8re page de r\u00e9sultats de recherche.<\/li>\n<\/ul>\n<p>Il est \u00e9vident que toute entreprise dot\u00e9e d\u2019un site Web esp\u00e8re \u00eatre class\u00e9e le plus haut possible, pour \u00eatre vue au maximum. Plus d\u2019exposition veut dire plus de visiteurs, et plus de visiteurs \u00e9gale plus de ventes pour votre entreprise. Une analyse d\u00e9taill\u00e9e des mots cl\u00e9s pertinents constitue un aspect important des services de r\u00e9f\u00e9rencement naturel (SEO) \u00e0 Montr\u00e9al. Il importe aussi d\u2019analyser dans quelle mesure ces mots cl\u00e9s favorisent l\u2019achalandage dans votre site Web, en fran\u00e7ais comme en anglais. Notre \u00e9quipe d\u2019experts sp\u00e9cialis\u00e9s en marketing num\u00e9rique pr\u00e9parera une feuille de route et un plan pour optimiser votre site Web en fonction des recherches locales dans les deux langues, en vous assurant que vous allez profiter \u00e0 long terme de tous les b\u00e9n\u00e9fices d\u2019une campagne de r\u00e9f\u00e9rencement strat\u00e9gique, \u00e0 partir de Montr\u00e9al.<\/p>\n","protected":false},"excerpt":{"rendered":"<p>Vous \u00eates une petite entreprise et vous souhaitez qu\u2019une client\u00e8le locale de la r\u00e9gion de Montr\u00e9al visite votre site Web? Ne cherchez plus. L\u2019expertise de l\u2019agence Rank en mati\u00e8re de services de r\u00e9f\u00e9rencement naturel (SEO) \u00e0 Montr\u00e9al peut vous aider \u00e0 mettre \u00e0 profit une nouvelle client\u00e8le locale en optimisant votre site Web en fonction [&hellip;]<\/p>\n","protected":false},"author":1,"featured_media":0,"parent":1141,"menu_order":36,"comment_status":"closed","ping_status":"closed","template":"template-services-page.php","meta":{"_acf_changed":false,"footnotes":""},"acf":[],"yoast_head":"<!-- This site is optimized with the Yoast SEO plugin v21.6 - https:\/\/yoast.com\/wordpress\/plugins\/seo\/ -->\n<title>SEO strat\u00e9gique \u00e0 Montr\u00e9al | Rank Media<\/title>\n<meta name=\"description\" content=\"Appelez Rank Media aujourd&#039;hui pour commencer votre campagne de SEO strat\u00e9gique locale de Montr\u00e9al. Appelez-nous au 1-800-915-7990 pour commencer!\" \/>\n<meta name=\"robots\" content=\"index, follow, max-snippet:-1, max-image-preview:large, max-video-preview:-1\" \/>\n<link rel=\"canonical\" href=\"https:\/\/www.rankmedia.com\/fr\/services\/strategie-numerique\/optimisation-des-moteurs-de-recherche\/montreal\/\" \/>\n<meta property=\"og:locale\" content=\"fr_FR\" \/>\n<meta property=\"og:type\" content=\"article\" \/>\n<meta property=\"og:title\" content=\"SEO strat\u00e9gique \u00e0 Montr\u00e9al | Rank Media\" \/>\n<meta property=\"og:description\" content=\"Appelez Rank Media aujourd&#039;hui pour commencer votre campagne de SEO strat\u00e9gique locale de Montr\u00e9al. Appelez-nous au 1-800-915-7990 pour commencer!\" \/>\n<meta property=\"og:url\" content=\"https:\/\/www.rankmedia.com\/fr\/services\/strategie-numerique\/optimisation-des-moteurs-de-recherche\/montreal\/\" \/>\n<meta property=\"og:site_name\" content=\"Rank Media\" \/>\n<meta property=\"article:publisher\" content=\"https:\/\/www.facebook.com\/RankMedia\/\" \/>\n<meta property=\"article:modified_time\" content=\"2020-05-15T14:10:08+00:00\" \/>\n<meta property=\"og:image\" content=\"https:\/\/www.rankmedia.com\/wp-content\/uploads\/2020\/05\/graph-fb2.png\" \/>\n\t<meta property=\"og:image:width\" content=\"1200\" \/>\n\t<meta property=\"og:image:height\" content=\"630\" \/>\n\t<meta property=\"og:image:type\" content=\"image\/png\" \/>\n<meta name=\"twitter:card\" content=\"summary_large_image\" \/>\n<meta name=\"twitter:site\" content=\"@rankmediaagency\" \/>\n<meta name=\"twitter:label1\" content=\"Dur\u00e9e de lecture estim\u00e9e\" \/>\n\t<meta name=\"twitter:data1\" content=\"4 minutes\" \/>\n<script type=\"application\/ld+json\" class=\"yoast-schema-graph\">{\"@context\":\"https:\/\/schema.org\",\"@graph\":[{\"@type\":\"WebPage\",\"@id\":\"https:\/\/www.rankmedia.com\/fr\/services\/strategie-numerique\/optimisation-des-moteurs-de-recherche\/montreal\/\",\"url\":\"https:\/\/www.rankmedia.com\/fr\/services\/strategie-numerique\/optimisation-des-moteurs-de-recherche\/montreal\/\",\"name\":\"SEO strat\u00e9gique \u00e0 Montr\u00e9al | Rank Media\",\"isPartOf\":{\"@id\":\"https:\/\/www.rankmedia.com\/fr\/#website\"},\"datePublished\":\"2019-11-22T18:14:08+00:00\",\"dateModified\":\"2020-05-15T14:10:08+00:00\",\"description\":\"Appelez Rank Media aujourd'hui pour commencer votre campagne de SEO strat\u00e9gique locale de Montr\u00e9al. Appelez-nous au 1-800-915-7990 pour commencer!\",\"breadcrumb\":{\"@id\":\"https:\/\/www.rankmedia.com\/fr\/services\/strategie-numerique\/optimisation-des-moteurs-de-recherche\/montreal\/#breadcrumb\"},\"inLanguage\":\"fr-FR\",\"potentialAction\":[{\"@type\":\"ReadAction\",\"target\":[\"https:\/\/www.rankmedia.com\/fr\/services\/strategie-numerique\/optimisation-des-moteurs-de-recherche\/montreal\/\"]}]},{\"@type\":\"BreadcrumbList\",\"@id\":\"https:\/\/www.rankmedia.com\/fr\/services\/strategie-numerique\/optimisation-des-moteurs-de-recherche\/montreal\/#breadcrumb\",\"itemListElement\":[{\"@type\":\"ListItem\",\"position\":1,\"name\":\"Home\",\"item\":\"https:\/\/www.rankmedia.com\/fr\/\"},{\"@type\":\"ListItem\",\"position\":2,\"name\":\"Strat\u00e9gie num\u00e9rique\",\"item\":\"https:\/\/www.rankmedia.com\/fr\/services\/strategie-numerique\/\"},{\"@type\":\"ListItem\",\"position\":3,\"name\":\"Optimisation des moteurs de recherche\",\"item\":\"https:\/\/www.rankmedia.com\/fr\/services\/strategie-numerique\/optimisation-des-moteurs-de-recherche\/\"},{\"@type\":\"ListItem\",\"position\":4,\"name\":\"SEO strat\u00e9gique \u00e0 Montr\u00e9al\"}]},{\"@type\":\"WebSite\",\"@id\":\"https:\/\/www.rankmedia.com\/fr\/#website\",\"url\":\"https:\/\/www.rankmedia.com\/fr\/\",\"name\":\"Rank Media\",\"description\":\"\",\"potentialAction\":[{\"@type\":\"SearchAction\",\"target\":{\"@type\":\"EntryPoint\",\"urlTemplate\":\"https:\/\/www.rankmedia.com\/fr\/?s={search_term_string}\"},\"query-input\":\"required name=search_term_string\"}],\"inLanguage\":\"fr-FR\"}]}<\/script>\n<!-- \/ Yoast SEO plugin. -->","yoast_head_json":{"title":"SEO strat\u00e9gique \u00e0 Montr\u00e9al | Rank Media","description":"Appelez Rank Media aujourd'hui pour commencer votre campagne de SEO strat\u00e9gique locale de Montr\u00e9al. Appelez-nous au 1-800-915-7990 pour commencer!","robots":{"index":"index","follow":"follow","max-snippet":"max-snippet:-1","max-image-preview":"max-image-preview:large","max-video-preview":"max-video-preview:-1"},"canonical":"https:\/\/www.rankmedia.com\/fr\/services\/strategie-numerique\/optimisation-des-moteurs-de-recherche\/montreal\/","og_locale":"fr_FR","og_type":"article","og_title":"SEO strat\u00e9gique \u00e0 Montr\u00e9al | Rank Media","og_description":"Appelez Rank Media aujourd'hui pour commencer votre campagne de SEO strat\u00e9gique locale de Montr\u00e9al. Appelez-nous au 1-800-915-7990 pour commencer!","og_url":"https:\/\/www.rankmedia.com\/fr\/services\/strategie-numerique\/optimisation-des-moteurs-de-recherche\/montreal\/","og_site_name":"Rank Media","article_publisher":"https:\/\/www.facebook.com\/RankMedia\/","article_modified_time":"2020-05-15T14:10:08+00:00","og_image":[{"width":1200,"height":630,"url":"https:\/\/www.rankmedia.com\/wp-content\/uploads\/2020\/05\/graph-fb2.png","type":"image\/png"}],"twitter_card":"summary_large_image","twitter_site":"@rankmediaagency","twitter_misc":{"Dur\u00e9e de lecture estim\u00e9e":"4 minutes"},"schema":{"@context":"https:\/\/schema.org","@graph":[{"@type":"WebPage","@id":"https:\/\/www.rankmedia.com\/fr\/services\/strategie-numerique\/optimisation-des-moteurs-de-recherche\/montreal\/","url":"https:\/\/www.rankmedia.com\/fr\/services\/strategie-numerique\/optimisation-des-moteurs-de-recherche\/montreal\/","name":"SEO strat\u00e9gique \u00e0 Montr\u00e9al | Rank Media","isPartOf":{"@id":"https:\/\/www.rankmedia.com\/fr\/#website"},"datePublished":"2019-11-22T18:14:08+00:00","dateModified":"2020-05-15T14:10:08+00:00","description":"Appelez Rank Media aujourd'hui pour commencer votre campagne de SEO strat\u00e9gique locale de Montr\u00e9al. Appelez-nous au 1-800-915-7990 pour commencer!","breadcrumb":{"@id":"https:\/\/www.rankmedia.com\/fr\/services\/strategie-numerique\/optimisation-des-moteurs-de-recherche\/montreal\/#breadcrumb"},"inLanguage":"fr-FR","potentialAction":[{"@type":"ReadAction","target":["https:\/\/www.rankmedia.com\/fr\/services\/strategie-numerique\/optimisation-des-moteurs-de-recherche\/montreal\/"]}]},{"@type":"BreadcrumbList","@id":"https:\/\/www.rankmedia.com\/fr\/services\/strategie-numerique\/optimisation-des-moteurs-de-recherche\/montreal\/#breadcrumb","itemListElement":[{"@type":"ListItem","position":1,"name":"Home","item":"https:\/\/www.rankmedia.com\/fr\/"},{"@type":"ListItem","position":2,"name":"Strat\u00e9gie num\u00e9rique","item":"https:\/\/www.rankmedia.com\/fr\/services\/strategie-numerique\/"},{"@type":"ListItem","position":3,"name":"Optimisation des moteurs de recherche","item":"https:\/\/www.rankmedia.com\/fr\/services\/strategie-numerique\/optimisation-des-moteurs-de-recherche\/"},{"@type":"ListItem","position":4,"name":"SEO strat\u00e9gique \u00e0 Montr\u00e9al"}]},{"@type":"WebSite","@id":"https:\/\/www.rankmedia.com\/fr\/#website","url":"https:\/\/www.rankmedia.com\/fr\/","name":"Rank Media","description":"","potentialAction":[{"@type":"SearchAction","target":{"@type":"EntryPoint","urlTemplate":"https:\/\/www.rankmedia.com\/fr\/?s={search_term_string}"},"query-input":"required name=search_term_string"}],"inLanguage":"fr-FR"}]}},"_links":{"self":[{"href":"https:\/\/www.rankmedia.com\/fr\/wp-json\/wp\/v2\/pages\/1106"}],"collection":[{"href":"https:\/\/www.rankmedia.com\/fr\/wp-json\/wp\/v2\/pages"}],"about":[{"href":"https:\/\/www.rankmedia.com\/fr\/wp-json\/wp\/v2\/types\/page"}],"author":[{"embeddable":true,"href":"https:\/\/www.rankmedia.com\/fr\/wp-json\/wp\/v2\/users\/1"}],"replies":[{"embeddable":true,"href":"https:\/\/www.rankmedia.com\/fr\/wp-json\/wp\/v2\/comments?post=1106"}],"version-history":[{"count":2,"href":"https:\/\/www.rankmedia.com\/fr\/wp-json\/wp\/v2\/pages\/1106\/revisions"}],"predecessor-version":[{"id":1493,"href":"https:\/\/www.rankmedia.com\/fr\/wp-json\/wp\/v2\/pages\/1106\/revisions\/1493"}],"up":[{"embeddable":true,"href":"https:\/\/www.rankmedia.com\/fr\/wp-json\/wp\/v2\/pages\/1141"}],"wp:attachment":[{"href":"https:\/\/www.rankmedia.com\/fr\/wp-json\/wp\/v2\/media?parent=1106"}],"curies":[{"name":"wp","href":"https:\/\/api.w.org\/{rel}","templated":true}]}}