{"id":1105,"date":"2019-11-22T18:21:48","date_gmt":"2019-11-22T18:21:48","guid":{"rendered":"https:\/\/www.rankmedia.com\/amazon-seo-services\/"},"modified":"2020-05-15T12:46:23","modified_gmt":"2020-05-15T12:46:23","slug":"amazon-seo-services","status":"publish","type":"page","link":"https:\/\/www.rankmedia.com\/fr\/services\/strategie-numerique\/seo-amazon\/","title":{"rendered":"SEO Amazon"},"content":{"rendered":"<h2>Le marketing pour Amazon, c\u2019est quoi?<\/h2>\n<p><span style=\"font-weight: 400;\">Amazon, c\u2019est d\u2019abord le plus important march\u00e9 de la plan\u00e8te. C\u2019est aussi le site Web parfait o\u00f9 inscrire vos produits et les faire conna\u00eetre \u00e0 un auditoire motiv\u00e9, pr\u00eat \u00e0 cliquer sur le panier.\u00a0<\/span><\/p>\n<p><span style=\"font-weight: 400;\">Ce site de commerce en ligne est le chef de file mondial des ventes en ligne\u00a0: 37,7\u00a0% de toutes les ventes en ligne aux \u00c9tats-Unis passent par Amazon. Vous ne pouvez pratiquement pas tourner la t\u00eate de nos jours sans voir passer un camion de livraison rempli de bo\u00eetes avec un petit sourire \u2013 bref, pour les entreprises qui souhaitent accro\u00eetre leurs ventes, Amazon rec\u00e8le une infinit\u00e9 de possibilit\u00e9s.\u00a0\u00a0<\/span><\/p>\n<p><span style=\"font-weight: 400;\">Or, il ne suffit pas de vous asseoir sur vos lauriers et d\u2019attendre les ventes une fois que vos produits sont inscrits dans Amazon\u00a0: si c\u2019\u00e9tait comme \u00e7a, ce serait beaucoup trop simple!\u00a0<\/span><\/p>\n<p><span style=\"font-weight: 400;\">Le marketing pour Amazon consiste bien plus qu\u2019\u00e0 y t\u00e9l\u00e9charger des photos et des descriptions de produits.<\/span><\/p>\n<p><span style=\"font-weight: 400;\">Amazon compte plus de 12 millions de produits inscrits. Sortir du lot est donc tout un d\u00e9fi. Ajoutons \u00e0 cela le fait que les deux tiers des clics se font sur la premi\u00e8re page du site d\u2019Amazon, et on constate rapidement \u00e0 comprendre pourquoi Amazon est bien plus qu\u2019un site o\u00f9 on place des produits et on attend.\u00a0\u00a0\u00a0<\/span><\/p>\n<p><span style=\"font-weight: 400;\">L\u2019\u00e9quipe de sp\u00e9cialistes Amazon de Rank travaille avec nos clients du secteur du commerce de d\u00e9tail pour optimiser au maximum leur pr\u00e9sence et leur rendement dans Amazon afin de leur garantir le maximum d\u2019impressions, de clics et de rendement sur leur investissement. Notre \u00e9quipe a optimis\u00e9 pour Amazon des inscriptions de tout un \u00e9ventail de produits, des brosses \u00e0 dents pour chiens aux bijoux \u00e0 diamants haut de gamme.\u00a0\u00a0<\/span><\/p>\n<h2>Pourquoi est-il important d\u2019avoir un classement dans Amazon?<\/h2>\n<p><span style=\"font-weight: 400;\">Amazon a r\u00e9cemment pris la place de Google pour devenir le premier choix de moteur de recherche pour des produits! En effet, <\/span><b>54\u00a0% des personnes vont maintenant dans le site d\u2019Amazon pour d\u00e9couvrir et trouver des produits<\/b><span style=\"font-weight: 400;\">. Il est donc plus important que jamais de s\u2019assurer que les inscriptions de vos produits se classent comme elles le devraient\u00a0: aux premi\u00e8res places!\u00a0\u00a0\u00a0\u00a0<\/span><\/p>\n<p><span style=\"font-weight: 400;\">Vous avez peut-\u00eatre optimis\u00e9 votre propre site Web, mais si vous \u00eates vendeur de produits, optimiser votre inscription dans Amazon pourra vous offrir une valeur tout aussi \u00e9lev\u00e9e.\u00a0\u00a0\u00a0<\/span><\/p>\n<p><span style=\"font-weight: 400;\">Savoir comment rendre votre produit plus attrayant que des milliers d\u2019autres produits similaires et capter le bon auditoire peut sembler un d\u00e9fi de taille : c\u2019est vrai. Et Rank est pr\u00eat \u00e0 le relever. Brillamment.\u00a0\u00a0<\/span><\/p>\n<p><span style=\"font-weight: 400;\">Peu importe le produit que vous vendez, l\u2019\u00e9quipe d\u2019experts comp\u00e9tents de Rank s\u2019assurera d\u2019optimiser continuellement vos produits pour leur assurer une grande visibilit\u00e9 et capter l\u2019int\u00e9r\u00eat des acheteurs.\u00a0<\/span><\/p>\n<h2>Les avantages de travailler avec des consultants marketing sp\u00e9cialistes d\u2019Amazon<\/h2>\n<p><span style=\"font-weight: 400;\">Le marketing et la publicit\u00e9 dans Amazon sont de tous nouveaux outils pour de nombreuses entreprises. Et honn\u00eatement, il faut le dire, vendre dans Amazon c\u2019est du travail.\u00a0\u00a0\u00a0<\/span><\/p>\n<p><span style=\"font-weight: 400;\">Les consultants en marketing dans Amazon comme ceux de Rank \u00e9liminent tout votre stress et prennent en charge l\u2019ensemble de votre campagne dans Amazon, afin que vous puissiez vous concentrer sur les choses vraiment importantes comme la fabrication et le maintien d\u2019un inventaire ad\u00e9quat dans Amazon, surnomm\u00e9 avec justesse l\u2019Everything Store \u2013 le magasin qui vend de tout.<\/span><\/p>\n<p><span style=\"font-weight: 400;\">Notre \u00e9quipe d\u2019experts Amazon utilise les meilleures techniques pour atteindre vos objectifs e r\u00e9pondre \u00e0 vos besoins \u2013 publicit\u00e9s PPC, g\u00e9n\u00e9ration de commentaires, optimisation des inscriptions, ensemble ou s\u00e9par\u00e9ment \u2013 pour aider \u00e0 capter l\u2019attention des 206 millions d\u2019acheteurs de partout dans le monde qui fr\u00e9quentent le site Web d\u2019Amazon chaque mois.\u00a0\u00a0<\/span><\/p>\n<p><span style=\"font-weight: 400;\">Enfin, nous sommes l\u00e0 pour mettre votre produit sur la carte, comme on dit, et pour d\u00e9ployer les bonnes strat\u00e9gies pour g\u00e9n\u00e9rer le plus de ventes possible.<\/span><\/p>\n<h2>Nos services d\u2019optimisation Amazon<\/h2>\n<h3><span style=\"font-weight: 400;\">Optimisation de l\u2019inscription dans Amazon\u00a0\u00a0<\/span><\/h3>\n<p><span style=\"font-weight: 400;\">Optimiser vos inscriptions de produits pour Amazon et pour l\u2019utilisateur est essentiel pour avoir du succ\u00e8s dans le grand site Web de commerce en ligne. Notre \u00e9quipe se chargera de r\u00e9diger des descriptions parfaites, des titres optimis\u00e9s et un contenu qui s\u2019ajustera comme par magie \u00e0 l\u2019algorithme de classement d\u2019Amazon, tout en demeurant attrayant pour les consommateurs.\u00a0\u00a0<\/span><\/p>\n<p><span style=\"font-weight: 400;\">L\u2019optimisation de produits pour Amazon commence par une v\u00e9rification compl\u00e8te de votre inscription et de votre classement, et par un ajustement de votre cat\u00e9gorie. Nous mettons ensuite sur pied un plan de revue compl\u00e8te de votre inscription avec\u00a0:\u00a0<\/span><\/p>\n<ul>\n<li style=\"font-weight: 400;\"><span style=\"font-weight: 400;\">une description de produit originale, avec des mots cl\u00e9s cibl\u00e9s, qui sortira \u00e0 la recherche<\/span><\/li>\n<li style=\"font-weight: 400;\"><span style=\"font-weight: 400;\">une optimisation des titres et de la liste \u00e0 points<\/span><\/li>\n<li style=\"font-weight: 400;\"><span style=\"font-weight: 400;\">un texte efficace, qui fera cliquer vers le panier<\/span><\/li>\n<li style=\"font-weight: 400;\"><span style=\"font-weight: 400;\">des produits class\u00e9s dans les bonnes cat\u00e9gories<\/span><\/li>\n<li style=\"font-weight: 400;\"><span style=\"font-weight: 400;\">des photos de grande qualit\u00e9<\/span><\/li>\n<li style=\"font-weight: 400;\"><span style=\"font-weight: 400;\">du contenu A+ et EBC<\/span><\/li>\n<\/ul>\n<h3><span style=\"font-weight: 400;\">Services de r\u00e9f\u00e9rencement naturel (SEO) dans Amazon\u00a0\u00a0<\/span><\/h3>\n<p><span style=\"font-weight: 400;\">Peu importe quels produits vous vendez, bien le classer pour qu\u2019il corresponde aux bons mots cl\u00e9s est essentiel pour g\u00e9n\u00e9rer des ventes dans Amazon. N\u2019oubliez pas\u00a0: deux tiers des clics se produisent sur la premi\u00e8re page d\u2019Amazon. Alors si vos produits se trouvent au fond de la deuxi\u00e8me, de la troisi\u00e8me ou de la quinzi\u00e8me page, vos chances de vendre sont plut\u00f4t minces.\u00a0<\/span><\/p>\n<p><span style=\"font-weight: 400;\">Rank poss\u00e8de les connaissances et les ressources pour propulser la visibilit\u00e9 naturelle de vos produits dans les classements de produits d\u2019Amazon, afin qu\u2019ils se d\u00e9marquent de vos concurrents&#8230; et les devancent haut la main.\u00a0\u00a0\u00a0<\/span><\/p>\n<p><span style=\"font-weight: 400;\">Comme pour toute campagne de SEO, notre travail commence par une recherche par mots cl\u00e9s. Notre \u00e9quipe a acc\u00e8s \u00e0 des outils de pointe pour la recherche par mots cl\u00e9s, qui leur permettent de suivre de pr\u00e8s le volume de recherche et la comp\u00e9tition entre les mots pertinents afin de comprendre exactement pourquoi et comment se classent vos concurrents et de mettre sur pied une strat\u00e9gie pour que le meilleur vendeur, ce soit vous.\u00a0\u00a0\u00a0<\/span><\/p>\n<p><span style=\"font-weight: 400;\">Nous plongeons au c\u0153ur d\u2019Amazon pour d\u00e9busquer les renseignements de recherche qui feront \u00ab\u2009sortir\u2009\u00bb tous vos produits, se faufileront l\u00e0 o\u00f9 il faut et profiteront des possibilit\u00e9s de r\u00e9f\u00e9rencement.<\/span><\/p>\n<p><span style=\"font-weight: 400;\">Nos experts en marketing dans Amazon savent exactement ce qui est n\u00e9cessaire pour activer les algorithmes de classement de produits d\u2019Amazon (A9). Une fois que notre \u00e9quipe aura \u00e9tabli les facteurs qui font r\u00e9agir ces algorithmes, notre \u00e9quipe mettra en place les bonnes \u00e9tapes pour propulser vos produits au sommet des classements dans Amazon \u00e0 l\u2019aide des mots cl\u00e9s les plus appropri\u00e9s.\u00a0<\/span><\/p>\n<h3><span style=\"font-weight: 400;\">Marketing ax\u00e9 sur les influenceurs et gestion des commentaires<\/span><\/h3>\n<p><span style=\"font-weight: 400;\">Imaginez que vous vous appr\u00eatez \u00e0 choisir un produit dans Amazon. Au moment de v\u00e9rifier les commentaires, vous voyez toute une s\u00e9rie de commentaires n\u00e9gatifs. Votre r\u00e9action sera normale\u00a0: vous remettrez votre achat en question. Peut-\u00eatre m\u00eame changerez-vous d\u2019id\u00e9e. Pire encore\u00a0: vous ach\u00e8terez un autre produit ou remettrez votre d\u00e9cision \u00e0 plus tard. Conclusion\u00a0: les opinions d\u2019autres consommateurs ont vraiment influence!\u00a0<\/span><\/p>\n<p><span style=\"font-weight: 400;\">Les commentaires sont un outil puissant et plus de 90\u00a0% de tous les consommateurs confirment que l\u2019opinion de leurs cong\u00e9n\u00e8res influence leur d\u00e9cision d\u2019achat. Pour faire bonne impression aupr\u00e8s des acheteurs potentiels avant qu\u2019ils cliquent sur votre description de produit, rien de mieux que des commentaires positifs.\u00a0<\/span><\/p>\n<p><span style=\"font-weight: 400;\">Rank vous aide \u00e0 g\u00e9n\u00e9rer les commentaires pr\u00e9cieux et remplis d\u2019\u00e9toiles tellement importants pour une marque qui fait ses premiers pas dans Amazon et qui doit lutter pour quitter la zone des produits \u00ab\u2009non comment\u00e9s\u2009\u00bb. Nos techniques de g\u00e9n\u00e9ration de commentaires sont toujours mises en \u0153uvre de mani\u00e8re organique \u2013 naturelle, quoi \u2013 sans que vous ayez \u00e0 vous contenter de moyens obscurs comme des commentaires contre r\u00e9mun\u00e9ration qui peuvent entra\u00eener la fermeture de votre compte Amazon.<\/span><\/p>\n<p><span style=\"font-weight: 400;\">Nous utilisons de nombreuses techniques pour propulser les commentaires re\u00e7us pour vos inscriptions de produits\u00a0:\u00a0\u00a0<\/span><\/p>\n<p><span style=\"font-weight: 400;\">assurer une exp\u00e9rience d\u2019achat positive en expliquant clairement le produit dans sa description<\/span><\/p>\n<ul>\n<li style=\"font-weight: 400;\"><span style=\"font-weight: 400;\">message aux consommateurs dans les semaines suivant leur achat<\/span><\/li>\n<li style=\"font-weight: 400;\"><span style=\"font-weight: 400;\">programme <\/span><i><span style=\"font-weight: 400;\">Early Reviewers <\/span><\/i><span style=\"font-weight: 400;\">d\u2019Amazon<\/span><\/li>\n<li style=\"font-weight: 400;\"><span style=\"font-weight: 400;\">comp\u00e9titions dans les m\u00e9dias sociaux<\/span><\/li>\n<li style=\"font-weight: 400;\"><span style=\"font-weight: 400;\">service d\u2019influenceurs pour faire conna\u00eetre vos produits<\/span><\/li>\n<li style=\"font-weight: 400;\"><span style=\"font-weight: 400;\">Primes gratuites dans Amazon\u00a0\u00a0<\/span><\/li>\n<\/ul>\n<h3><span style=\"font-weight: 400;\">Gestion des campagnes Amazon PPC\u00a0\u00a0<\/span><\/h3>\n<p><span style=\"font-weight: 400;\">Les campagnes Amazon PPC (co\u00fbt par clic) consistent simplement \u00e0 utiliser Amazon comme v\u00e9hicule publicitaire pour faire conna\u00eetre vos produits, en payant pour chaque clic sur votre publicit\u00e9. Ces campagnes, quand elles sont bien con\u00e7ues, sont extr\u00eamement efficaces pour vous aider \u00e0 joindre votre auditoire cible et stimuler vos ventes.<\/span><\/p>\n<p><span style=\"font-weight: 400;\">Rank se sp\u00e9cialise dans les campagnes pour Amazon PPC. Nous avons des experts disponibles pour lancer vos campagnes et les prendre en charge du d\u00e9but \u00e0 la fin. Les campagnes r\u00e9ussies avec Amazon PPC commencent par une recherche avec les bons mots cl\u00e9s qui sauront attirer l\u2019auditoire que vous souhaitez dans vos pages de produits.\u00a0\u00a0<\/span><\/p>\n<p><span style=\"font-weight: 400;\">Notre objectif en concevant votre campagne pour Amazon PPC sera toujours d\u2019accro\u00eetre les conversions. Nos strat\u00e9gies \u00e9prouv\u00e9es garantiront que vos produits se vendent au maximum et offriront un rendement impressionnant sur votre investissement.<\/span><\/p>\n<p><span style=\"font-weight: 400;\">Nos strat\u00e9gies peuvent inclure les services suivants\u00a0:<\/span><\/p>\n<ul>\n<li style=\"font-weight: 400;\"><span style=\"font-weight: 400;\">Cr\u00e9ation de publicit\u00e9s pay\u00e9es pour la recherche<\/span><\/li>\n<li style=\"font-weight: 400;\"><span style=\"font-weight: 400;\">Optimisation de publicit\u00e9s \u00e0 l\u2019aide de mots cl\u00e9s cibl\u00e9s<\/span><\/li>\n<li style=\"font-weight: 400;\"><span style=\"font-weight: 400;\">Cr\u00e9ation de liens pour vos produits<\/span><\/li>\n<li style=\"font-weight: 400;\"><span style=\"font-weight: 400;\">Coupons Amazon pour fournisseurs<\/span><\/li>\n<li style=\"font-weight: 400;\"><span style=\"font-weight: 400;\">Offres \u00e9clair et rabais du jour<\/span><\/li>\n<\/ul>\n<p><span style=\"font-weight: 400;\">L\u2019erreur fr\u00e9quente de nombreuses entreprises avec leur campagne Amazon PPC? Ils oublient d\u2019optimiser r\u00e9guli\u00e8rement. Pour \u00eatre efficaces, les publicit\u00e9s PPC doivent faire l\u2019objet d\u2019une gestion serr\u00e9e, permanente, afin de rentabiliser votre budget publicitaire et le rendement qui en d\u00e9coule. Rank effectue des tests constamment, modifie et am\u00e9liore les annonces au cours de chaque campagne, afin que chaque dollar investi vous en donne un peu plus! <\/span><\/p>\n","protected":false},"excerpt":{"rendered":"<p>Le marketing pour Amazon, c\u2019est quoi? Amazon, c\u2019est d\u2019abord le plus important march\u00e9 de la plan\u00e8te. C\u2019est aussi le site Web parfait o\u00f9 inscrire vos produits et les faire conna\u00eetre \u00e0 un auditoire motiv\u00e9, pr\u00eat \u00e0 cliquer sur le panier.\u00a0 Ce site de commerce en ligne est le chef de file mondial des ventes en [&hellip;]<\/p>\n","protected":false},"author":1,"featured_media":0,"parent":1149,"menu_order":29,"comment_status":"closed","ping_status":"closed","template":"template-services-page.php","meta":{"_acf_changed":false,"footnotes":""},"acf":[],"yoast_head":"<!-- This site is optimized with the Yoast SEO plugin v21.6 - https:\/\/yoast.com\/wordpress\/plugins\/seo\/ -->\n<title>SEO Amazon | Rank Media<\/title>\n<meta name=\"robots\" content=\"index, follow, max-snippet:-1, max-image-preview:large, max-video-preview:-1\" \/>\n<link rel=\"canonical\" href=\"https:\/\/www.rankmedia.com\/fr\/services\/strategie-numerique\/seo-amazon\/\" \/>\n<meta property=\"og:locale\" content=\"fr_FR\" \/>\n<meta property=\"og:type\" content=\"article\" \/>\n<meta property=\"og:title\" content=\"SEO Amazon | Rank Media\" \/>\n<meta property=\"og:description\" content=\"Le marketing pour Amazon, c\u2019est quoi? Amazon, c\u2019est d\u2019abord le plus important march\u00e9 de la plan\u00e8te. C\u2019est aussi le site Web parfait o\u00f9 inscrire vos produits et les faire conna\u00eetre \u00e0 un auditoire motiv\u00e9, pr\u00eat \u00e0 cliquer sur le panier.\u00a0 Ce site de commerce en ligne est le chef de file mondial des ventes en [&hellip;]\" \/>\n<meta property=\"og:url\" content=\"https:\/\/www.rankmedia.com\/fr\/services\/strategie-numerique\/seo-amazon\/\" \/>\n<meta property=\"og:site_name\" content=\"Rank Media\" \/>\n<meta property=\"article:publisher\" content=\"https:\/\/www.facebook.com\/RankMedia\/\" \/>\n<meta property=\"article:modified_time\" content=\"2020-05-15T12:46:23+00:00\" \/>\n<meta property=\"og:image\" content=\"https:\/\/www.rankmedia.com\/wp-content\/uploads\/2020\/05\/graph-fb2.png\" \/>\n\t<meta property=\"og:image:width\" content=\"1200\" \/>\n\t<meta property=\"og:image:height\" content=\"630\" \/>\n\t<meta property=\"og:image:type\" content=\"image\/png\" \/>\n<meta name=\"twitter:card\" content=\"summary_large_image\" \/>\n<meta name=\"twitter:site\" content=\"@rankmediaagency\" \/>\n<meta name=\"twitter:label1\" content=\"Dur\u00e9e de lecture estim\u00e9e\" \/>\n\t<meta name=\"twitter:data1\" content=\"9 minutes\" \/>\n<script type=\"application\/ld+json\" class=\"yoast-schema-graph\">{\"@context\":\"https:\/\/schema.org\",\"@graph\":[{\"@type\":\"WebPage\",\"@id\":\"https:\/\/www.rankmedia.com\/fr\/services\/strategie-numerique\/seo-amazon\/\",\"url\":\"https:\/\/www.rankmedia.com\/fr\/services\/strategie-numerique\/seo-amazon\/\",\"name\":\"SEO Amazon | Rank Media\",\"isPartOf\":{\"@id\":\"https:\/\/www.rankmedia.com\/fr\/#website\"},\"datePublished\":\"2019-11-22T18:21:48+00:00\",\"dateModified\":\"2020-05-15T12:46:23+00:00\",\"breadcrumb\":{\"@id\":\"https:\/\/www.rankmedia.com\/fr\/services\/strategie-numerique\/seo-amazon\/#breadcrumb\"},\"inLanguage\":\"fr-FR\",\"potentialAction\":[{\"@type\":\"ReadAction\",\"target\":[\"https:\/\/www.rankmedia.com\/fr\/services\/strategie-numerique\/seo-amazon\/\"]}]},{\"@type\":\"BreadcrumbList\",\"@id\":\"https:\/\/www.rankmedia.com\/fr\/services\/strategie-numerique\/seo-amazon\/#breadcrumb\",\"itemListElement\":[{\"@type\":\"ListItem\",\"position\":1,\"name\":\"Home\",\"item\":\"https:\/\/www.rankmedia.com\/fr\/\"},{\"@type\":\"ListItem\",\"position\":2,\"name\":\"Strat\u00e9gie num\u00e9rique\",\"item\":\"https:\/\/www.rankmedia.com\/fr\/services\/strategie-numerique\/\"},{\"@type\":\"ListItem\",\"position\":3,\"name\":\"SEO Amazon\"}]},{\"@type\":\"WebSite\",\"@id\":\"https:\/\/www.rankmedia.com\/fr\/#website\",\"url\":\"https:\/\/www.rankmedia.com\/fr\/\",\"name\":\"Rank Media\",\"description\":\"\",\"potentialAction\":[{\"@type\":\"SearchAction\",\"target\":{\"@type\":\"EntryPoint\",\"urlTemplate\":\"https:\/\/www.rankmedia.com\/fr\/?s={search_term_string}\"},\"query-input\":\"required name=search_term_string\"}],\"inLanguage\":\"fr-FR\"}]}<\/script>\n<!-- \/ Yoast SEO plugin. -->","yoast_head_json":{"title":"SEO Amazon | Rank Media","robots":{"index":"index","follow":"follow","max-snippet":"max-snippet:-1","max-image-preview":"max-image-preview:large","max-video-preview":"max-video-preview:-1"},"canonical":"https:\/\/www.rankmedia.com\/fr\/services\/strategie-numerique\/seo-amazon\/","og_locale":"fr_FR","og_type":"article","og_title":"SEO Amazon | Rank Media","og_description":"Le marketing pour Amazon, c\u2019est quoi? Amazon, c\u2019est d\u2019abord le plus important march\u00e9 de la plan\u00e8te. C\u2019est aussi le site Web parfait o\u00f9 inscrire vos produits et les faire conna\u00eetre \u00e0 un auditoire motiv\u00e9, pr\u00eat \u00e0 cliquer sur le panier.\u00a0 Ce site de commerce en ligne est le chef de file mondial des ventes en [&hellip;]","og_url":"https:\/\/www.rankmedia.com\/fr\/services\/strategie-numerique\/seo-amazon\/","og_site_name":"Rank Media","article_publisher":"https:\/\/www.facebook.com\/RankMedia\/","article_modified_time":"2020-05-15T12:46:23+00:00","og_image":[{"width":1200,"height":630,"url":"https:\/\/www.rankmedia.com\/wp-content\/uploads\/2020\/05\/graph-fb2.png","type":"image\/png"}],"twitter_card":"summary_large_image","twitter_site":"@rankmediaagency","twitter_misc":{"Dur\u00e9e de lecture estim\u00e9e":"9 minutes"},"schema":{"@context":"https:\/\/schema.org","@graph":[{"@type":"WebPage","@id":"https:\/\/www.rankmedia.com\/fr\/services\/strategie-numerique\/seo-amazon\/","url":"https:\/\/www.rankmedia.com\/fr\/services\/strategie-numerique\/seo-amazon\/","name":"SEO Amazon | Rank Media","isPartOf":{"@id":"https:\/\/www.rankmedia.com\/fr\/#website"},"datePublished":"2019-11-22T18:21:48+00:00","dateModified":"2020-05-15T12:46:23+00:00","breadcrumb":{"@id":"https:\/\/www.rankmedia.com\/fr\/services\/strategie-numerique\/seo-amazon\/#breadcrumb"},"inLanguage":"fr-FR","potentialAction":[{"@type":"ReadAction","target":["https:\/\/www.rankmedia.com\/fr\/services\/strategie-numerique\/seo-amazon\/"]}]},{"@type":"BreadcrumbList","@id":"https:\/\/www.rankmedia.com\/fr\/services\/strategie-numerique\/seo-amazon\/#breadcrumb","itemListElement":[{"@type":"ListItem","position":1,"name":"Home","item":"https:\/\/www.rankmedia.com\/fr\/"},{"@type":"ListItem","position":2,"name":"Strat\u00e9gie num\u00e9rique","item":"https:\/\/www.rankmedia.com\/fr\/services\/strategie-numerique\/"},{"@type":"ListItem","position":3,"name":"SEO Amazon"}]},{"@type":"WebSite","@id":"https:\/\/www.rankmedia.com\/fr\/#website","url":"https:\/\/www.rankmedia.com\/fr\/","name":"Rank Media","description":"","potentialAction":[{"@type":"SearchAction","target":{"@type":"EntryPoint","urlTemplate":"https:\/\/www.rankmedia.com\/fr\/?s={search_term_string}"},"query-input":"required name=search_term_string"}],"inLanguage":"fr-FR"}]}},"_links":{"self":[{"href":"https:\/\/www.rankmedia.com\/fr\/wp-json\/wp\/v2\/pages\/1105"}],"collection":[{"href":"https:\/\/www.rankmedia.com\/fr\/wp-json\/wp\/v2\/pages"}],"about":[{"href":"https:\/\/www.rankmedia.com\/fr\/wp-json\/wp\/v2\/types\/page"}],"author":[{"embeddable":true,"href":"https:\/\/www.rankmedia.com\/fr\/wp-json\/wp\/v2\/users\/1"}],"replies":[{"embeddable":true,"href":"https:\/\/www.rankmedia.com\/fr\/wp-json\/wp\/v2\/comments?post=1105"}],"version-history":[{"count":5,"href":"https:\/\/www.rankmedia.com\/fr\/wp-json\/wp\/v2\/pages\/1105\/revisions"}],"predecessor-version":[{"id":2268,"href":"https:\/\/www.rankmedia.com\/fr\/wp-json\/wp\/v2\/pages\/1105\/revisions\/2268"}],"up":[{"embeddable":true,"href":"https:\/\/www.rankmedia.com\/fr\/wp-json\/wp\/v2\/pages\/1149"}],"wp:attachment":[{"href":"https:\/\/www.rankmedia.com\/fr\/wp-json\/wp\/v2\/media?parent=1105"}],"curies":[{"name":"wp","href":"https:\/\/api.w.org\/{rel}","templated":true}]}}